{"id":241640,"date":"2025-03-20T16:15:57","date_gmt":"2025-03-20T16:15:57","guid":{"rendered":"https:\/\/aromasentia.com\/product\/green-clay-face-mask-80g\/"},"modified":"2025-06-23T19:15:03","modified_gmt":"2025-06-23T19:15:03","slug":"masque-a-largile-verte-80g","status":"publish","type":"product","link":"https:\/\/aromasentia.com\/fr\/masque-a-largile-verte-80g\/","title":{"rendered":"Masque \u00e0 l&rsquo;argile verte 80g"},"content":{"rendered":"<p>\u00c9quilibrez et d\u00e9toxifiez votre peau avec notre masque \u00e0 l&rsquo;argile verte. Ce contenant de 80 g d&rsquo;argile verte fran\u00e7aise est r\u00e9put\u00e9 pour ses puissantes propri\u00e9t\u00e9s absorbantes, ce qui le rend tr\u00e8s efficace pour les peaux grasses, mixtes et sujettes aux imperfections. Elle agit comme un aimant pour extraire les impuret\u00e9s, les toxines et l&rsquo;exc\u00e8s de s\u00e9bum des pores, tout en exfoliant en douceur. Une utilisation r\u00e9guli\u00e8re permet de tonifier, de clarifier et de revitaliser la peau, lui donnant une sensation de fra\u00eecheur, de propret\u00e9, d&rsquo;\u00e9quilibre et d&rsquo;\u00e9clat.<\/p>\n","protected":false},"excerpt":{"rendered":"<p>\u00c9quilibrez et d\u00e9toxifiez votre peau avec notre masque \u00e0 l&rsquo;argile verte. Ce contenant de 80 g d&rsquo;argile verte fran\u00e7aise est r\u00e9put\u00e9 pour ses puissantes propri\u00e9t\u00e9s absorbantes, ce qui le rend tr\u00e8s efficace pour les peaux grasses, mixtes et sujettes aux imperfections. Elle agit comme un aimant pour extraire les impuret\u00e9s, les toxines et l&rsquo;exc\u00e8s de [&hellip;]<\/p>\n","protected":false},"featured_media":271925,"comment_status":"closed","ping_status":"open","template":"","meta":{"_angie_page":false},"product_brand":[27089],"product_cat":[19443,20882],"product_tag":[],"class_list":{"0":"post-241640","1":"product","2":"type-product","3":"status-publish","4":"has-post-thumbnail","6":"product_brand-agnes-and-cat","7":"product_cat-bain-et-corps","8":"product_cat-soins-pour-la-peau","9":"pa_collection-ac-natural-clay-face-masks-fr","10":"pa_made-in-france","11":"pa_size-80g","13":"first","14":"instock","15":"purchasable","16":"product-type-simple"},"supplier_id":null,"supplier_sku":"ACFM-02DS","barcode":null,"atum_controlled":true,"out_stock_date":null,"out_stock_threshold":null,"inheritable":false,"inbound_stock":null,"stock_on_hold":0,"sold_today":0,"sales_last_days":0,"reserved_stock":null,"customer_returns":null,"warehouse_damage":null,"lost_in_post":null,"other_logs":null,"out_stock_days":0,"lost_sales":0,"has_location":null,"update_date":"2026-04-27T06:49:16","atum_locations":[],"atum_stock_status":"instock","restock_status":false,"low_stock_amount":"","sales_update_date":"2026-01-30T01:25:58","calc_backorders":null,"_links":{"self":[{"href":"https:\/\/aromasentia.com\/fr\/wp-json\/wp\/v2\/product\/241640","targetHints":{"allow":["GET"]}}],"collection":[{"href":"https:\/\/aromasentia.com\/fr\/wp-json\/wp\/v2\/product"}],"about":[{"href":"https:\/\/aromasentia.com\/fr\/wp-json\/wp\/v2\/types\/product"}],"replies":[{"embeddable":true,"href":"https:\/\/aromasentia.com\/fr\/wp-json\/wp\/v2\/comments?post=241640"}],"version-history":[{"count":0,"href":"https:\/\/aromasentia.com\/fr\/wp-json\/wp\/v2\/product\/241640\/revisions"}],"wp:featuredmedia":[{"embeddable":true,"href":"https:\/\/aromasentia.com\/fr\/wp-json\/wp\/v2\/media\/271925"}],"wp:attachment":[{"href":"https:\/\/aromasentia.com\/fr\/wp-json\/wp\/v2\/media?parent=241640"}],"wp:term":[{"taxonomy":"product_brand","embeddable":true,"href":"https:\/\/aromasentia.com\/fr\/wp-json\/wp\/v2\/product_brand?post=241640"},{"taxonomy":"product_cat","embeddable":true,"href":"https:\/\/aromasentia.com\/fr\/wp-json\/wp\/v2\/product_cat?post=241640"},{"taxonomy":"product_tag","embeddable":true,"href":"https:\/\/aromasentia.com\/fr\/wp-json\/wp\/v2\/product_tag?post=241640"}],"curies":[{"name":"wp","href":"https:\/\/api.w.org\/{rel}","templated":true}]}}