{"id":241608,"date":"2025-03-20T16:15:57","date_gmt":"2025-03-20T16:15:57","guid":{"rendered":"https:\/\/aromasentia.com\/product\/ac-fairy-dust-500g-pressed-peonies\/"},"modified":"2025-06-23T19:14:59","modified_gmt":"2025-06-23T19:14:59","slug":"ac-fairy-dust-500g-pivoines-pressees","status":"publish","type":"product","link":"https:\/\/aromasentia.com\/fr\/ac-fairy-dust-500g-pivoines-pressees\/","title":{"rendered":"A&#038;C Fairy Dust 500g &#8211; Pivoines press\u00e9es"},"content":{"rendered":"<p>D\u00e9tends-toi et relaxe-toi avec la poudre f\u00e9\u00e9rique Agnes and Cat. Tout comme nos bombes effervescentes pour le bain, notre poudre f\u00e9\u00e9rique ajoutera un parfum et des bulles \u00e0 votre bain. Nos parfums ont \u00e9t\u00e9 soigneusement s\u00e9lectionn\u00e9s pour vous offrir une exp\u00e9rience de bain ultime et sont fabriqu\u00e9s \u00e0 partir d&rsquo;huiles parfum\u00e9es britanniques de haute qualit\u00e9. Les poudres f\u00e9\u00e9riques Fresh Citrus et Clementine sont fabriqu\u00e9es \u00e0 partir d&rsquo;huiles essentielles pures. Ces magnifiques poudres f\u00e9\u00e9riques sont fabriqu\u00e9es en petites quantit\u00e9s dans notre salle de production \u00e0 Sheffield. Notre \u00e9quipe ajoute des sels color\u00e9s \u00e0 la poudre pour donner une l\u00e9g\u00e8re couleur \u00e0 votre bain, ainsi que du beurre de cacao pour adoucir votre peau. Elles laisseront votre peau divinement parfum\u00e9e et super douce ! Notre poudre f\u00e9\u00e9rique est vegan. Toutes les poudres f\u00e9\u00e9riques sont pr\u00e9sent\u00e9es dans un bocal en verre Kilner r\u00e9utilisable une fois vide, avec une cuill\u00e8re en bois pour la pr\u00e9sentation et pour servir de mesure. Chaque pot contient 500 g de poudre f\u00e9\u00e9rique emball\u00e9e dans un joli coffret cadeau en kraft. &nbsp;&nbsp;<\/p>\n<p><strong>MODE D&rsquo;EMPLOI :<\/strong> Ajoute 2 \u00e0 4 cuill\u00e8res \u00e0 un bain chaud pour obtenir l&rsquo;intensit\u00e9 de parfum souhait\u00e9e. Chaque pot permet de prendre 4 \u00e0 5 bains. Ajoutez-le d\u00e8s maintenant \u00e0 votre gamme et offrez \u00e0 vos clients des moments de d\u00e9tente inoubliables.<\/p>\n","protected":false},"excerpt":{"rendered":"<p>D\u00e9tends-toi et relaxe-toi avec la poudre f\u00e9\u00e9rique Agnes and Cat. Tout comme nos bombes effervescentes pour le bain, notre poudre f\u00e9\u00e9rique ajoutera un parfum et des bulles \u00e0 votre bain. Nos parfums ont \u00e9t\u00e9 soigneusement s\u00e9lectionn\u00e9s pour vous offrir une exp\u00e9rience de bain ultime et sont fabriqu\u00e9s \u00e0 partir d&rsquo;huiles parfum\u00e9es britanniques de haute qualit\u00e9. [&hellip;]<\/p>\n","protected":false},"featured_media":271853,"comment_status":"closed","ping_status":"open","template":"","meta":{"_angie_page":false},"product_brand":[27089],"product_cat":[19443,20681],"product_tag":[],"class_list":{"0":"post-241608","1":"product","2":"type-product","3":"status-publish","4":"has-post-thumbnail","6":"product_brand-agnes-and-cat","7":"product_cat-bain-et-corps","8":"product_cat-sels-de-bain","9":"pa_collection-ac-fairy-dust-500g-fr","10":"pa_made-in-royaume-uni","11":"pa_size-500g","13":"first","14":"instock","15":"purchasable","16":"product-type-simple"},"supplier_id":null,"supplier_sku":"ACFD-04DS","barcode":null,"atum_controlled":true,"out_stock_date":null,"out_stock_threshold":null,"inheritable":false,"inbound_stock":null,"stock_on_hold":0,"sold_today":0,"sales_last_days":0,"reserved_stock":null,"customer_returns":null,"warehouse_damage":null,"lost_in_post":null,"other_logs":null,"out_stock_days":0,"lost_sales":0,"has_location":null,"update_date":"2026-04-27T06:49:16","atum_locations":[],"atum_stock_status":"instock","restock_status":false,"low_stock_amount":"","sales_update_date":"2026-01-30T01:26:38","calc_backorders":null,"_links":{"self":[{"href":"https:\/\/aromasentia.com\/fr\/wp-json\/wp\/v2\/product\/241608","targetHints":{"allow":["GET"]}}],"collection":[{"href":"https:\/\/aromasentia.com\/fr\/wp-json\/wp\/v2\/product"}],"about":[{"href":"https:\/\/aromasentia.com\/fr\/wp-json\/wp\/v2\/types\/product"}],"replies":[{"embeddable":true,"href":"https:\/\/aromasentia.com\/fr\/wp-json\/wp\/v2\/comments?post=241608"}],"version-history":[{"count":0,"href":"https:\/\/aromasentia.com\/fr\/wp-json\/wp\/v2\/product\/241608\/revisions"}],"wp:featuredmedia":[{"embeddable":true,"href":"https:\/\/aromasentia.com\/fr\/wp-json\/wp\/v2\/media\/271853"}],"wp:attachment":[{"href":"https:\/\/aromasentia.com\/fr\/wp-json\/wp\/v2\/media?parent=241608"}],"wp:term":[{"taxonomy":"product_brand","embeddable":true,"href":"https:\/\/aromasentia.com\/fr\/wp-json\/wp\/v2\/product_brand?post=241608"},{"taxonomy":"product_cat","embeddable":true,"href":"https:\/\/aromasentia.com\/fr\/wp-json\/wp\/v2\/product_cat?post=241608"},{"taxonomy":"product_tag","embeddable":true,"href":"https:\/\/aromasentia.com\/fr\/wp-json\/wp\/v2\/product_tag?post=241608"}],"curies":[{"name":"wp","href":"https:\/\/api.w.org\/{rel}","templated":true}]}}