{"id":241584,"date":"2025-03-20T16:17:26","date_gmt":"2025-03-20T16:17:26","guid":{"rendered":"https:\/\/aromasentia.com\/product\/lip-balm-strawberry\/"},"modified":"2025-06-23T19:14:53","modified_gmt":"2025-06-23T19:14:53","slug":"baume-a-levres-fraise","status":"publish","type":"product","link":"https:\/\/aromasentia.com\/fr\/baume-a-levres-fraise\/","title":{"rendered":"Baume \u00e0 l\u00e8vres &#8211; Fraise"},"content":{"rendered":"<p><span style=\u00ab color: rgb(75, 80, 88); \u00bb>Ces baumes \u00e0 l\u00e8vres sont parfaits pour tous ceux qui recherchent un baume \u00e0 l\u00e8vres hydratant, vegan et efficace. <\/span><\/p>\n<p><span style=\u00ab color: rgb(75, 80, 88); \u00bb>Les huiles parfum\u00e9es de haute qualit\u00e9 ont \u00e9t\u00e9 m\u00e9lang\u00e9es \u00e0 du beurre de karit\u00e9 nourrissant, du beurre de cacao hydratant, de l&rsquo;huile de jojoba adoucissante, du beurre d&rsquo;avocat et du beurre de mangue pour garder tes l\u00e8vres douces et \u00e9viter qu&rsquo;elles ne gercent. Tous les baumes sont sans parab\u00e8nes, sans p\u00e9trolatum, sans plastique, sans phtalates et sans colorants artificiels.&nbsp;<\/span><\/p>\n<p><span style=\u00ab color: rgb(75, 80, 88); \u00bb>Nos baumes \u00e0 l\u00e8vres sont pr\u00e9sent\u00e9s dans un joli emballage unique en aluminium, ce qui en fait un petit cadeau id\u00e9al pour toi ou pour offrir. Ils sont fabriqu\u00e9s \u00e0 la main en petites quantit\u00e9s dans notre atelier de Sheffield.&nbsp;<\/span><\/p>\n<p><span style=\u00ab color: rgb(75, 80, 88); \u00bb>MODE D&rsquo;EMPLOI : Appliquez le baume en massant doucement vos l\u00e8vres pour les hydrater. On te conseille d&rsquo;utiliser un gommage avant d&rsquo;appliquer notre baume \u00e0 l\u00e8vres pour des l\u00e8vres magnifiquement pulpeuses ! &nbsp;<\/span><\/p>\n<p><span style=\u00ab color: rgb(75, 80, 88); \u00bb><strong>Commande d\u00e8s aujourd&rsquo;hui et offre \u00e0 tes clients cet article indispensable.<\/p>\n","protected":false},"excerpt":{"rendered":"<p>Ces baumes \u00e0 l\u00e8vres sont parfaits pour tous ceux qui recherchent un baume \u00e0 l\u00e8vres hydratant, vegan et efficace. Les huiles parfum\u00e9es de haute qualit\u00e9 ont \u00e9t\u00e9 m\u00e9lang\u00e9es \u00e0 du beurre de karit\u00e9 nourrissant, du beurre de cacao hydratant, de l&rsquo;huile de jojoba adoucissante, du beurre d&rsquo;avocat et du beurre de mangue pour garder tes [&hellip;]<\/p>\n","protected":false},"featured_media":272511,"comment_status":"closed","ping_status":"open","template":"","meta":{"_angie_page":false},"product_brand":[27089],"product_cat":[19443,26534,26846,25842],"product_tag":[],"class_list":{"0":"post-241584","1":"product","2":"type-product","3":"status-publish","4":"has-post-thumbnail","6":"product_brand-agnes-and-cat","7":"product_cat-bain-et-corps","8":"product_cat-fraise","9":"product_cat-fruite","10":"product_cat-senteurs-aromes","11":"pa_collection-lip-balm-fr","12":"pa_made-in-royaume-uni","14":"first","15":"instock","16":"purchasable","17":"product-type-simple"},"supplier_id":null,"supplier_sku":"ACLB-03DS","barcode":null,"atum_controlled":true,"out_stock_date":null,"out_stock_threshold":null,"inheritable":false,"inbound_stock":null,"stock_on_hold":0,"sold_today":0,"sales_last_days":0,"reserved_stock":null,"customer_returns":null,"warehouse_damage":null,"lost_in_post":null,"other_logs":null,"out_stock_days":0,"lost_sales":0,"has_location":null,"update_date":"2026-04-30T19:06:00","atum_locations":[],"atum_stock_status":"instock","restock_status":false,"low_stock_amount":"","sales_update_date":"2025-10-09T03:23:03","calc_backorders":null,"_links":{"self":[{"href":"https:\/\/aromasentia.com\/fr\/wp-json\/wp\/v2\/product\/241584","targetHints":{"allow":["GET"]}}],"collection":[{"href":"https:\/\/aromasentia.com\/fr\/wp-json\/wp\/v2\/product"}],"about":[{"href":"https:\/\/aromasentia.com\/fr\/wp-json\/wp\/v2\/types\/product"}],"replies":[{"embeddable":true,"href":"https:\/\/aromasentia.com\/fr\/wp-json\/wp\/v2\/comments?post=241584"}],"version-history":[{"count":0,"href":"https:\/\/aromasentia.com\/fr\/wp-json\/wp\/v2\/product\/241584\/revisions"}],"wp:featuredmedia":[{"embeddable":true,"href":"https:\/\/aromasentia.com\/fr\/wp-json\/wp\/v2\/media\/272511"}],"wp:attachment":[{"href":"https:\/\/aromasentia.com\/fr\/wp-json\/wp\/v2\/media?parent=241584"}],"wp:term":[{"taxonomy":"product_brand","embeddable":true,"href":"https:\/\/aromasentia.com\/fr\/wp-json\/wp\/v2\/product_brand?post=241584"},{"taxonomy":"product_cat","embeddable":true,"href":"https:\/\/aromasentia.com\/fr\/wp-json\/wp\/v2\/product_cat?post=241584"},{"taxonomy":"product_tag","embeddable":true,"href":"https:\/\/aromasentia.com\/fr\/wp-json\/wp\/v2\/product_tag?post=241584"}],"curies":[{"name":"wp","href":"https:\/\/api.w.org\/{rel}","templated":true}]}}