{"id":241556,"date":"2025-03-20T16:17:26","date_gmt":"2025-03-20T16:17:26","guid":{"rendered":"https:\/\/aromasentia.com\/product\/140g-handmade-soap-tea-roses\/"},"modified":"2025-06-23T19:14:50","modified_gmt":"2025-06-23T19:14:50","slug":"savon-artisanal-the-roses-140g","status":"publish","type":"product","link":"https:\/\/aromasentia.com\/fr\/savon-artisanal-the-roses-140g\/","title":{"rendered":"Savon Artisanal &#8211; Th\u00e9 &#038; Roses 140g"},"content":{"rendered":"<p>Laissez-vous s\u00e9duire par l&rsquo;\u00e9l\u00e9gance classique de notre savon artisanal de 140 g &#8211; Th\u00e9 et roses. Ce savon artisanal sophistiqu\u00e9 marie magnifiquement l&rsquo;ar\u00f4me doux et raffin\u00e9 du th\u00e9 fra\u00eechement infus\u00e9 avec le parfum romantique et intemporel des roses en fleurs. Fabriqu\u00e9 \u00e0 la main pour nettoyer et dorloter, il cr\u00e9e une mousse sereine et invitante qui apaise la peau et l&rsquo;esprit. Un plaisir quotidien luxueux qui laisse votre peau douce, d\u00e9licatement parfum\u00e9e et merveilleusement r\u00e9confort\u00e9e par son parfum harmonieux et gracieux.<\/p>\n","protected":false},"excerpt":{"rendered":"<p>Laissez-vous s\u00e9duire par l&rsquo;\u00e9l\u00e9gance classique de notre savon artisanal de 140 g &#8211; Th\u00e9 et roses. Ce savon artisanal sophistiqu\u00e9 marie magnifiquement l&rsquo;ar\u00f4me doux et raffin\u00e9 du th\u00e9 fra\u00eechement infus\u00e9 avec le parfum romantique et intemporel des roses en fleurs. Fabriqu\u00e9 \u00e0 la main pour nettoyer et dorloter, il cr\u00e9e une mousse sereine et invitante [&hellip;]<\/p>\n","protected":false},"featured_media":272448,"comment_status":"closed","ping_status":"open","template":"","meta":{"_angie_page":false},"product_brand":[27089],"product_cat":[19443,26832,26369,20586,25842],"product_tag":[],"class_list":{"0":"post-241556","1":"product","2":"type-product","3":"status-publish","4":"has-post-thumbnail","6":"product_brand-agnes-and-cat","7":"product_cat-bain-et-corps","8":"product_cat-floral","9":"product_cat-rose","10":"product_cat-savons-bio-naturels","11":"product_cat-senteurs-aromes","12":"pa_collection-hand-made-soaps-140g-fr","13":"pa_made-in-royaume-uni","14":"pa_size-140g","16":"first","17":"instock","18":"purchasable","19":"product-type-simple"},"supplier_id":null,"supplier_sku":"ACHS-15DS","barcode":null,"atum_controlled":true,"out_stock_date":null,"out_stock_threshold":null,"inheritable":false,"inbound_stock":null,"stock_on_hold":0,"sold_today":0,"sales_last_days":0,"reserved_stock":null,"customer_returns":null,"warehouse_damage":null,"lost_in_post":null,"other_logs":null,"out_stock_days":0,"lost_sales":0,"has_location":null,"update_date":"2026-04-27T06:49:21","atum_locations":[],"atum_stock_status":"instock","restock_status":false,"low_stock_amount":"","sales_update_date":"2026-01-30T01:25:47","calc_backorders":null,"_links":{"self":[{"href":"https:\/\/aromasentia.com\/fr\/wp-json\/wp\/v2\/product\/241556","targetHints":{"allow":["GET"]}}],"collection":[{"href":"https:\/\/aromasentia.com\/fr\/wp-json\/wp\/v2\/product"}],"about":[{"href":"https:\/\/aromasentia.com\/fr\/wp-json\/wp\/v2\/types\/product"}],"replies":[{"embeddable":true,"href":"https:\/\/aromasentia.com\/fr\/wp-json\/wp\/v2\/comments?post=241556"}],"version-history":[{"count":0,"href":"https:\/\/aromasentia.com\/fr\/wp-json\/wp\/v2\/product\/241556\/revisions"}],"wp:featuredmedia":[{"embeddable":true,"href":"https:\/\/aromasentia.com\/fr\/wp-json\/wp\/v2\/media\/272448"}],"wp:attachment":[{"href":"https:\/\/aromasentia.com\/fr\/wp-json\/wp\/v2\/media?parent=241556"}],"wp:term":[{"taxonomy":"product_brand","embeddable":true,"href":"https:\/\/aromasentia.com\/fr\/wp-json\/wp\/v2\/product_brand?post=241556"},{"taxonomy":"product_cat","embeddable":true,"href":"https:\/\/aromasentia.com\/fr\/wp-json\/wp\/v2\/product_cat?post=241556"},{"taxonomy":"product_tag","embeddable":true,"href":"https:\/\/aromasentia.com\/fr\/wp-json\/wp\/v2\/product_tag?post=241556"}],"curies":[{"name":"wp","href":"https:\/\/api.w.org\/{rel}","templated":true}]}}