{"id":241524,"date":"2025-03-20T16:17:26","date_gmt":"2025-03-20T16:17:26","guid":{"rendered":"https:\/\/aromasentia.com\/product\/agnes-cat-fragrance-gift-set-tea-roses\/"},"modified":"2025-06-23T19:14:45","modified_gmt":"2025-06-23T19:14:45","slug":"coffret-parfum-agnes-cat-the-roses","status":"publish","type":"product","link":"https:\/\/aromasentia.com\/fr\/coffret-parfum-agnes-cat-the-roses\/","title":{"rendered":"Coffret Parfum Agn\u00e8s &#038; Cat &#8211; Th\u00e9 &#038; Roses"},"content":{"rendered":"<p><strong>Coffret Parfum Agn\u00e8s &amp; Cat &ndash; Th\u00e9 &amp; Roses<\/strong> ??<\/p>\n<p>Cr\u00e9ez une atmosph\u00e8re parfum\u00e9e et apaisante avec le Coffret Parfum Th\u00e9 &amp; Roses d\u2019Agn\u00e8s &amp; Cat. Ce coffret raffin\u00e9 combine la douceur du th\u00e9 et la d\u00e9licatesse des roses, offrant un moment de s\u00e9r\u00e9nit\u00e9 et de luxe pour votre int\u00e9rieur.<\/p>\n<p>? <strong>Contenu du coffret :<\/strong><\/p>\n<ul data-end=\"1001\" data-start=\"452\">\n<li data-end=\"624\" data-start=\"452\">\n<p>1x<a href=\"https:\/\/aromasentia.com\/acob-01\" rel=\"noopener noreferrer\" target=\"_blank\"><strong>Br\u00fbleur \u00e0 Huile A&amp;C<\/strong><\/a> \u00e9l\u00e9gant et fonctionnel, ce br\u00fbleur \u00e0 huile permet de diffuser vos senteurs pr\u00e9f\u00e9r\u00e9es tout en ajoutant une touche de d\u00e9coration \u00e0 votre espace.<\/p>\n<\/li>\n<li data-end=\"820\" data-start=\"626\">\n<p><strong>4xFondants de Cire A&amp;C &ndash; Th\u00e9 + Roses<\/strong> Ces fondants de cire fondent lentement pour lib\u00e9rer un parfum d\u00e9licat de th\u00e9 infus\u00e9 et de roses fra\u00eeches, cr\u00e9ant une ambiance relaxante et florale.<\/p>\n<\/li>\n<li data-end=\"1001\" data-start=\"822\">\n<p><strong>Bougie Chauffe-plat A&amp;C&nbsp;<\/strong>Une bougie chauffe-plat aux m\u00eames notes parfum\u00e9es pour compl\u00e9ter l\u2019exp\u00e9rience olfactive et apporter une lumi\u00e8re douce et apaisante \u00e0 votre pi\u00e8ce.<\/p>\n<\/li>\n<\/ul>\n<p>? Pourquoi choisir le Coffret Parfum Th\u00e9 &amp; Roses ?<\/p>\n<ul data-end=\"1311\" data-start=\"1066\">\n<li data-end=\"1126\" data-start=\"1066\">\n<p>Parfum doux et floral, id\u00e9al pour une ambiance cocooning<\/p>\n<\/li>\n<li data-end=\"1194\" data-start=\"1127\">\n<p>Produits \u00e9l\u00e9gants, faits main et respectueux de l\u2019environnement<\/p>\n<\/li>\n<li data-end=\"1255\" data-start=\"1195\">\n<p>Id\u00e9al pour un cadeau parfum\u00e9 et raffin\u00e9 ou pour soi-m\u00eame<\/p>\n<\/li>\n<li data-end=\"1311\" data-start=\"1256\">\n<p>Cr\u00e9ez une atmosph\u00e8re zen et chaleureuse \u00e0 la maison<\/p>\n<\/li>\n<\/ul>\n<p><strong>Transformez votre int\u00e9rieur en havre de paix avec le coffret Parfum Th\u00e9 &amp; Roses<\/strong> <\/p>\n","protected":false},"excerpt":{"rendered":"<p>Coffret Parfum Agn\u00e8s &amp; Cat &ndash; Th\u00e9 &amp; Roses ?? Cr\u00e9ez une atmosph\u00e8re parfum\u00e9e et apaisante avec le Coffret Parfum Th\u00e9 &amp; Roses d\u2019Agn\u00e8s &amp; Cat. Ce coffret raffin\u00e9 combine la douceur du th\u00e9 et la d\u00e9licatesse des roses, offrant un moment de s\u00e9r\u00e9nit\u00e9 et de luxe pour votre int\u00e9rieur. ? Contenu du coffret : [&hellip;]<\/p>\n","protected":false},"featured_media":272336,"comment_status":"closed","ping_status":"open","template":"","meta":{"_angie_page":false},"product_brand":[27089],"product_cat":[19443,26832,26369,25842],"product_tag":[],"class_list":{"0":"post-241524","1":"product","2":"type-product","3":"status-publish","4":"has-post-thumbnail","6":"product_brand-agnes-and-cat","7":"product_cat-bain-et-corps","8":"product_cat-floral","9":"product_cat-rose","10":"product_cat-senteurs-aromes","11":"pa_collection-agnes-cat-gift-sets-fr","12":"pa_made-in-royaume-uni","14":"first","15":"instock","16":"purchasable","17":"product-type-simple"},"supplier_id":null,"supplier_sku":"ACGS-04","barcode":null,"atum_controlled":true,"out_stock_date":null,"out_stock_threshold":null,"inheritable":false,"inbound_stock":null,"stock_on_hold":0,"sold_today":0,"sales_last_days":0,"reserved_stock":null,"customer_returns":null,"warehouse_damage":null,"lost_in_post":null,"other_logs":null,"out_stock_days":0,"lost_sales":0,"has_location":null,"update_date":"2026-04-27T06:49:16","atum_locations":[],"atum_stock_status":"instock","restock_status":false,"low_stock_amount":"","sales_update_date":"2026-01-20T05:14:32","calc_backorders":null,"_links":{"self":[{"href":"https:\/\/aromasentia.com\/fr\/wp-json\/wp\/v2\/product\/241524","targetHints":{"allow":["GET"]}}],"collection":[{"href":"https:\/\/aromasentia.com\/fr\/wp-json\/wp\/v2\/product"}],"about":[{"href":"https:\/\/aromasentia.com\/fr\/wp-json\/wp\/v2\/types\/product"}],"replies":[{"embeddable":true,"href":"https:\/\/aromasentia.com\/fr\/wp-json\/wp\/v2\/comments?post=241524"}],"version-history":[{"count":0,"href":"https:\/\/aromasentia.com\/fr\/wp-json\/wp\/v2\/product\/241524\/revisions"}],"wp:featuredmedia":[{"embeddable":true,"href":"https:\/\/aromasentia.com\/fr\/wp-json\/wp\/v2\/media\/272336"}],"wp:attachment":[{"href":"https:\/\/aromasentia.com\/fr\/wp-json\/wp\/v2\/media?parent=241524"}],"wp:term":[{"taxonomy":"product_brand","embeddable":true,"href":"https:\/\/aromasentia.com\/fr\/wp-json\/wp\/v2\/product_brand?post=241524"},{"taxonomy":"product_cat","embeddable":true,"href":"https:\/\/aromasentia.com\/fr\/wp-json\/wp\/v2\/product_cat?post=241524"},{"taxonomy":"product_tag","embeddable":true,"href":"https:\/\/aromasentia.com\/fr\/wp-json\/wp\/v2\/product_tag?post=241524"}],"curies":[{"name":"wp","href":"https:\/\/api.w.org\/{rel}","templated":true}]}}