{"id":241516,"date":"2025-03-20T16:17:57","date_gmt":"2025-03-20T16:17:57","guid":{"rendered":"https:\/\/aromasentia.com\/product\/pack-of-500g-bath-salt-tea-tree-lime\/"},"modified":"2025-06-23T19:14:44","modified_gmt":"2025-06-23T19:14:44","slug":"500g-sel-de-bain-tea-tree-lime","status":"publish","type":"product","link":"https:\/\/aromasentia.com\/fr\/500g-sel-de-bain-tea-tree-lime\/","title":{"rendered":"500g Sel de bain &#8211; Tea Tree &#038; Lime"},"content":{"rendered":"<p><span style=\u00ab color: rgb(75, 80, 88); \u00bb>D\u00e9couvrez les sels de bain sans parfum Himalayan <strong>Grapefruit &amp; Geranium !<\/strong><\/span><\/p>\n<p><span style=\u00ab color: rgb(75, 80, 88); \u00bb><strong>Am\u00e9liorez votre exp\u00e9rience du bain : <\/strong><\/span><\/p>\n<p><span style=\u00ab color: rgb(75, 80, 88); \u00bb>Plonge dans l&rsquo;\u00e9treinte riche en min\u00e9raux du sel de l&rsquo;Himalaya, m\u00e9lang\u00e9 \u00e0 des huiles essentielles 100 % pures de pamplemousse et de g\u00e9ranium, enrichi en vitamine E nourrissante et en fleurs de camomille apaisantes. <\/span><\/p>\n<p><span style=\u00ab color: rgb(75, 80, 88); \u00bb><strong>Renouvelez et r\u00e9\u00e9quilibrez :<\/strong><\/span><\/p>\n<p><span style=\u00ab color: rgb(75, 80, 88); \u00bb>\u00c9veillez vos sens avec le parfum vivifiant des huiles de pamplemousse et de g\u00e9ranium, connues pour leurs propri\u00e9t\u00e9s antibact\u00e9riennes et antioxydantes. Ce m\u00e9lange de sels peut devenir le compl\u00e9ment id\u00e9al de votre rituel quotidien de bain, agissant pour renouveler votre peau et apporter une sensation d&rsquo;\u00e9quilibre et de tranquillit\u00e9 \u00e0 votre corps et \u00e0 votre esprit. <\/strong><\/span><\/p>\n<p><span style=\u00ab color: rgb(75, 80, 88); \u00bb>Laisse l&rsquo;ar\u00f4me revitalisant te transporter vers un \u00e9tat de r\u00e9g\u00e9n\u00e9ration et de bien-\u00eatre tout en \u00e9vacuant les soucis de la journ\u00e9e. <\/strong><\/span><\/p>\n<p><span style=\u00ab color: rgb(75, 80, 88); \u00bb>D\u00e9couvrez la sagesse ancestrale des bains de sel, appr\u00e9ci\u00e9s depuis l&rsquo;Antiquit\u00e9 grecque pour leurs bienfaits remarquables sur la sant\u00e9. Les <strong>sachets de 500 g<\/strong> de sels de bain sont pr\u00e9sent\u00e9s dans un coffret \u00e9l\u00e9gant, accompagn\u00e9 d&rsquo;une cuill\u00e8re en bois pratique pour un dosage pr\u00e9cis, ce qui en fait un cadeau attentionn\u00e9 pour toutes les occasions. <\/span><\/p>\n<p><span style=\u00ab color: rgb(75, 80, 88); \u00bb><strong>Un pur moment de d\u00e9tente :<\/strong><\/span><\/p>\n<p><span style=\u00ab color: rgb(75, 80, 88); \u00bb>Offre-toi une exp\u00e9rience digne d&rsquo;un spa dans le confort de ta maison. <strong>Il suffit d&rsquo;ajouter deux cuill\u00e8res de nos sels de bain \u00e0 votre bain, de les laisser se dissoudre et de vous d\u00e9tendre.<\/strong><\/span><\/p>\n<p><span style=\u00ab color: rgb(75, 80, 88); \u00bb><strong>Remarque \u00e9cologique :<\/strong><\/span><\/p>\n<p><span style=\"color: rgb(75, 80, 88); \u00bb >Sache que m\u00eame si on s&rsquo;efforce de fournir des produits de qualit\u00e9, le sachet contenant les sels \u00e0 l&rsquo;int\u00e9rieur de la bo\u00eete est en plastique, ce qui rend ce produit <strong>pas enti\u00e8rement exempt de plastique.<\/strong><\/span><\/p>\n<p><span style=\u00ab color: rgb(75, 80, 88); \u00bb>Am\u00e9liore ta routine de soins personnels avec notre m\u00e9lange revitalisant&nbsp;<\/span><strong><span style=\"color: rgb(75, 80, 88);\u00ab >Grapefruit &amp; Geranium Bath Salt Blend. <\/span><\/strong><\/p>\n<p><span style= \u00bbcolor: rgb(75, 80, 88);\"><strong>Embarque pour un voyage vers une peau plus saine et plus \u00e9clatante. <\/strong><\/span><\/p>\n","protected":false},"excerpt":{"rendered":"<p>D\u00e9couvrez les sels de bain sans parfum Himalayan Grapefruit &amp; Geranium ! Am\u00e9liorez votre exp\u00e9rience du bain : Plonge dans l&rsquo;\u00e9treinte riche en min\u00e9raux du sel de l&rsquo;Himalaya, m\u00e9lang\u00e9 \u00e0 des huiles essentielles 100 % pures de pamplemousse et de g\u00e9ranium, enrichi en vitamine E nourrissante et en fleurs de camomille apaisantes. Renouvelez et r\u00e9\u00e9quilibrez [&hellip;]<\/p>\n","protected":false},"featured_media":272862,"comment_status":"closed","ping_status":"open","template":"","meta":{"_angie_page":false},"product_brand":[27089],"product_cat":[26409,19443,26259,26818,26867,20681,25842],"product_tag":[],"class_list":{"0":"post-241516","1":"product","2":"type-product","3":"status-publish","4":"has-post-thumbnail","6":"product_brand-agnes-and-cat","7":"product_cat-arbre-a-the-tea-tree","8":"product_cat-bain-et-corps","9":"product_cat-citron-vert","10":"product_cat-hesperide-agrumes","11":"product_cat-medicinal-camphre","12":"product_cat-sels-de-bain","13":"product_cat-senteurs-aromes","14":"pa_collection-ac-bath-salts-500g-fr","15":"pa_made-in-royaume-uni","16":"pa_size-500g","18":"first","19":"instock","20":"purchasable","21":"product-type-simple"},"supplier_id":null,"supplier_sku":"ACSalt-08DS","barcode":null,"atum_controlled":true,"out_stock_date":null,"out_stock_threshold":null,"inheritable":false,"inbound_stock":null,"stock_on_hold":0,"sold_today":0,"sales_last_days":0,"reserved_stock":null,"customer_returns":null,"warehouse_damage":null,"lost_in_post":null,"other_logs":null,"out_stock_days":0,"lost_sales":0,"has_location":null,"update_date":"2026-04-29T05:08:47","atum_locations":[],"atum_stock_status":"instock","restock_status":false,"low_stock_amount":"","sales_update_date":"2025-10-09T03:23:09","calc_backorders":null,"_links":{"self":[{"href":"https:\/\/aromasentia.com\/fr\/wp-json\/wp\/v2\/product\/241516","targetHints":{"allow":["GET"]}}],"collection":[{"href":"https:\/\/aromasentia.com\/fr\/wp-json\/wp\/v2\/product"}],"about":[{"href":"https:\/\/aromasentia.com\/fr\/wp-json\/wp\/v2\/types\/product"}],"replies":[{"embeddable":true,"href":"https:\/\/aromasentia.com\/fr\/wp-json\/wp\/v2\/comments?post=241516"}],"version-history":[{"count":0,"href":"https:\/\/aromasentia.com\/fr\/wp-json\/wp\/v2\/product\/241516\/revisions"}],"wp:featuredmedia":[{"embeddable":true,"href":"https:\/\/aromasentia.com\/fr\/wp-json\/wp\/v2\/media\/272862"}],"wp:attachment":[{"href":"https:\/\/aromasentia.com\/fr\/wp-json\/wp\/v2\/media?parent=241516"}],"wp:term":[{"taxonomy":"product_brand","embeddable":true,"href":"https:\/\/aromasentia.com\/fr\/wp-json\/wp\/v2\/product_brand?post=241516"},{"taxonomy":"product_cat","embeddable":true,"href":"https:\/\/aromasentia.com\/fr\/wp-json\/wp\/v2\/product_cat?post=241516"},{"taxonomy":"product_tag","embeddable":true,"href":"https:\/\/aromasentia.com\/fr\/wp-json\/wp\/v2\/product_tag?post=241516"}],"curies":[{"name":"wp","href":"https:\/\/api.w.org\/{rel}","templated":true}]}}