{"id":241512,"date":"2025-03-20T16:17:57","date_gmt":"2025-03-20T16:17:57","guid":{"rendered":"https:\/\/aromasentia.com\/product\/pack-of-500g-bath-salt-grapefruit-geranium\/"},"modified":"2025-06-23T19:14:43","modified_gmt":"2025-06-23T19:14:43","slug":"500g-sel-de-bain-pamplemousse-geranium","status":"publish","type":"product","link":"https:\/\/aromasentia.com\/fr\/500g-sel-de-bain-pamplemousse-geranium\/","title":{"rendered":"500g Sel de Bain &#8211; Pamplemousse &#038; G\u00e9ranium"},"content":{"rendered":"<p><span style=\u00ab color: rgb(75, 80, 88); \u00bb>D\u00e9couvrez le sel de l&rsquo;Himalaya non parfum\u00e9 infus\u00e9 avec <strong>des huiles essentielles 100 % pures de citron, de gingembre et d&rsquo;orange, ainsi que de l&rsquo;huile d&rsquo;avocat et des fleurs de souci. !&nbsp;<\/strong><\/span><\/p>\n<p><span style=\"color: rgb(75, 80, 88); \u00bb ><strong>Am\u00e9liorez votre exp\u00e9rience du bain :<\/strong><\/span><\/p>\n<p><span style=\u00ab color: rgb(75, 80, 88); \u00bb>Plongez dans le m\u00e9lange revitalisant de sel de l&rsquo;Himalaya, infus\u00e9 d&rsquo;huiles essentielles 100 % pures de citron, de gingembre et d&rsquo;orange, enrichi en huile d&rsquo;avocat nourrissante et en fleurs de souci parfum\u00e9es. <\/span><\/p>\n<p><span style=\u00ab color: rgb(75, 80, 88); \u00bb><strong>Revitalisez-vous et rajeunissez :<\/strong><\/span><\/p>\n<p><span style=\u00ab color: rgb(75, 80, 88); \u00bb>D\u00e9couvrez les bienfaits revigorants de ce m\u00e9lange de sels aromatiques. Il peut aider \u00e0 soulager l&rsquo;anxi\u00e9t\u00e9, \u00e0 am\u00e9liorer votre humeur et \u00e0 favoriser une peau saine et \u00e9clatante. Un bain relaxant dans cette pr\u00e9paration rafra\u00eechissante te permettra de te sentir compl\u00e8tement recharg\u00e9 et revigor\u00e9 au r\u00e9veil. <\/span><\/p>\n<p><span style=\u00ab color: rgb(75, 80, 88); \u00bb><strong>Profite de l&rsquo;aromath\u00e9rapie acidul\u00e9e :<\/strong><\/span><\/p>\n<p><span style=\"color: rgb(75, 80, 88); \u00bb >Laissez l&rsquo;ar\u00f4me acidul\u00e9 vous transporter vers un \u00e9tat de revitalisation et de bien-\u00eatre, tout en \u00e9vacuant le stress de la journ\u00e9e. <\/span><\/p>\n<p><span style=\u00ab color: rgb(75, 80, 88); \u00bb><strong>Une tradition intemporelle : <\/strong><\/span><\/p>\n<p><span style=\u00ab color: rgb(75, 80, 88); \u00bb>D\u00e9couvrez la sagesse ancestrale des bains de sel, appr\u00e9ci\u00e9s pour leurs bienfaits remarquables sur la sant\u00e9 depuis l&rsquo;Antiquit\u00e9 grecque. Les <strong>sachets de 500 g<\/strong> de sels de bain sont pr\u00e9sent\u00e9s dans un coffret \u00e9l\u00e9gant, accompagn\u00e9 d&rsquo;une cuill\u00e8re en bois pratique pour un dosage pr\u00e9cis, ce qui en fait un cadeau attentionn\u00e9 pour toutes les occasions. <\/span><\/p>\n<p><span style=\u00ab color: rgb(75, 80, 88); \u00bb><strong>Un pur moment de d\u00e9tente :<\/strong><\/span><\/p>\n<p><span style=\u00ab color: rgb(75, 80, 88); \u00bb>Offre-toi une exp\u00e9rience digne d&rsquo;un spa dans le confort de ta maison. <strong>Il suffit d&rsquo;ajouter deux cuill\u00e8res de nos sels de bain \u00e0 votre bain, de les laisser se dissoudre et de vous d\u00e9tendre.<\/strong><\/span><\/p>\n<p><span style=\u00ab color: rgb(75, 80, 88); \u00bb><strong>Remarque \u00e9cologique :<\/strong><\/span><\/p>\n<p><span style=\"color: rgb(75, 80, 88); \u00bb > Sache que m\u00eame si on s&rsquo;efforce de fournir des produits de qualit\u00e9, le sachet contenant les sels \u00e0 l&rsquo;int\u00e9rieur de la bo\u00eete est en plastique, ce qui rend ce produit <strong>pas enti\u00e8rement exempt de plastique<\/strong>.<\/span><\/p>\n<p>Am\u00e9liore ta routine de soins personnels avec notre m\u00e9lange de sels de bain revigorant<strong>&nbsp;<\/strong><strong>au citron, au gingembre et \u00e0 l&rsquo;orange <\/strong><strong><strong>&nbsp;. <\/strong><\/strong><\/p>\n<p><span style=\u00ab color: rgb(75, 80, 88); \u00bb><strong>Embarque pour un voyage vers une peau plus saine et plus \u00e9clatante.<\/p>\n","protected":false},"excerpt":{"rendered":"<p>D\u00e9couvrez le sel de l&rsquo;Himalaya non parfum\u00e9 infus\u00e9 avec des huiles essentielles 100 % pures de citron, de gingembre et d&rsquo;orange, ainsi que de l&rsquo;huile d&rsquo;avocat et des fleurs de souci. !&nbsp; Laissez l&rsquo;ar\u00f4me acidul\u00e9 vous transporter vers un \u00e9tat de revitalisation et de bien-\u00eatre, tout en \u00e9vacuant le stress de la journ\u00e9e. Une tradition [&hellip;]<\/p>\n","protected":false},"featured_media":272853,"comment_status":"closed","ping_status":"open","template":"","meta":{"_angie_page":false},"product_brand":[27089],"product_cat":[19443,26832,26188,26818,26202,20681,25842],"product_tag":[],"class_list":{"0":"post-241512","1":"product","2":"type-product","3":"status-publish","4":"has-post-thumbnail","6":"product_brand-agnes-and-cat","7":"product_cat-bain-et-corps","8":"product_cat-floral","9":"product_cat-geranium","10":"product_cat-hesperide-agrumes","11":"product_cat-pamplemousse","12":"product_cat-sels-de-bain","13":"product_cat-senteurs-aromes","14":"pa_collection-ac-bath-salts-500g-fr","15":"pa_made-in-royaume-uni","16":"pa_size-500g","18":"first","19":"instock","20":"purchasable","21":"product-type-simple"},"supplier_id":null,"supplier_sku":"ACSalt-07DS","barcode":null,"atum_controlled":true,"out_stock_date":null,"out_stock_threshold":null,"inheritable":false,"inbound_stock":null,"stock_on_hold":0,"sold_today":0,"sales_last_days":0,"reserved_stock":null,"customer_returns":null,"warehouse_damage":null,"lost_in_post":null,"other_logs":null,"out_stock_days":0,"lost_sales":0,"has_location":null,"update_date":"2026-04-27T06:50:12","atum_locations":[],"atum_stock_status":"instock","restock_status":false,"low_stock_amount":"","sales_update_date":"2025-10-09T03:23:09","calc_backorders":null,"_links":{"self":[{"href":"https:\/\/aromasentia.com\/fr\/wp-json\/wp\/v2\/product\/241512","targetHints":{"allow":["GET"]}}],"collection":[{"href":"https:\/\/aromasentia.com\/fr\/wp-json\/wp\/v2\/product"}],"about":[{"href":"https:\/\/aromasentia.com\/fr\/wp-json\/wp\/v2\/types\/product"}],"replies":[{"embeddable":true,"href":"https:\/\/aromasentia.com\/fr\/wp-json\/wp\/v2\/comments?post=241512"}],"version-history":[{"count":0,"href":"https:\/\/aromasentia.com\/fr\/wp-json\/wp\/v2\/product\/241512\/revisions"}],"wp:featuredmedia":[{"embeddable":true,"href":"https:\/\/aromasentia.com\/fr\/wp-json\/wp\/v2\/media\/272853"}],"wp:attachment":[{"href":"https:\/\/aromasentia.com\/fr\/wp-json\/wp\/v2\/media?parent=241512"}],"wp:term":[{"taxonomy":"product_brand","embeddable":true,"href":"https:\/\/aromasentia.com\/fr\/wp-json\/wp\/v2\/product_brand?post=241512"},{"taxonomy":"product_cat","embeddable":true,"href":"https:\/\/aromasentia.com\/fr\/wp-json\/wp\/v2\/product_cat?post=241512"},{"taxonomy":"product_tag","embeddable":true,"href":"https:\/\/aromasentia.com\/fr\/wp-json\/wp\/v2\/product_tag?post=241512"}],"curies":[{"name":"wp","href":"https:\/\/api.w.org\/{rel}","templated":true}]}}