{"id":241508,"date":"2025-03-20T16:17:57","date_gmt":"2025-03-20T16:17:57","guid":{"rendered":"https:\/\/aromasentia.com\/product\/pack-of-500g-bath-salt-lemon-ginger-orange\/"},"modified":"2025-06-23T19:14:43","modified_gmt":"2025-06-23T19:14:43","slug":"500g-sel-de-bain-citron-gingembre-orange","status":"publish","type":"product","link":"https:\/\/aromasentia.com\/fr\/500g-sel-de-bain-citron-gingembre-orange\/","title":{"rendered":"500g Sel de Bain &#8211; Citron, Gingembre &#038; Orange"},"content":{"rendered":"<p><span style=\u00ab color: rgb(75, 80, 88); \u00bb>Relax <\/span><\/p>\n<p><span style=\u00ab color: rgb(75, 80, 88); \u00bb><strong>Une symphonie d&rsquo;ar\u00f4mes :<\/strong><\/span><\/p>\n<p><span style=\u00ab color: rgb(75, 80, 88); \u00bb>Plongez dans le parfum d\u00e9licieux de ce m\u00e9lange de sels aromatiques. Laissez-vous transporter vers un \u00e9tat de d\u00e9tente et de r\u00e9g\u00e9n\u00e9ration. <\/span><\/p>\n<p><span style=\u00ab color: rgb(75, 80, 88); \u00bb><strong>Une tradition intemporelle :<\/strong><\/span><\/p>\n<p><span style=\u00ab color: rgb(75, 80, 88); \u00bb>D\u00e9couvrez la sagesse ancestrale des bains de sel, appr\u00e9ci\u00e9s pour leurs bienfaits remarquables sur la sant\u00e9 depuis l&rsquo;Antiquit\u00e9 grecque. Les sachets de 500 g de sels de bain sont pr\u00e9sent\u00e9s dans un coffret \u00e9l\u00e9gant, avec une cuill\u00e8re en bois pratique pour doser pr\u00e9cis\u00e9ment, ce qui en fait un cadeau attentionn\u00e9 pour toutes les occasions. <\/span><\/p>\n<p><span style=\u00ab color: rgb(75, 80, 88); \u00bb><strong>Un pur moment de d\u00e9tente :<\/strong><\/span><\/p>\n<p><span style=\u00ab color: rgb(75, 80, 88); \u00bb>Offre-toi une exp\u00e9rience digne d&rsquo;un spa dans le confort de ta maison. <strong>Il suffit d&rsquo;ajouter deux cuill\u00e8res de nos sels de bain \u00e0 votre bain, de les laisser se dissoudre et de vous d\u00e9tendre.<\/strong><\/span><\/p>\n<p><span style=\u00ab color: rgb(75, 80, 88); \u00bb><strong>Remarque \u00e9cologique :<\/strong><\/span><\/p>\n<p><span style=\"color: rgb(75, 80, 88); \u00bb >Sache que m\u00eame si on s&rsquo;efforce de fournir des produits de qualit\u00e9, le sachet \u00e0 l&rsquo;int\u00e9rieur de la bo\u00eete contenant les sels est en plastique, ce qui rend ce produit <strong>pas enti\u00e8rement exempt de plastique<\/strong><\/span><\/p>\n<p><span style=\u00ab color: rgb(75, 80, 88); \u00bb>Am\u00e9liore ta routine de soins personnels avec le <strong>m\u00e9lange luxueux de sels de bain \u00e0 l&rsquo;ylang-ylang. <\/strong><\/span><\/p>\n<p><span style=\u00ab color: rgb(75, 80, 88); \u00bb><strong>Embarquez pour un voyage vers une peau plus saine et plus \u00e9clatante.<\/p>\n","protected":false},"excerpt":{"rendered":"<p>Relax Une symphonie d&rsquo;ar\u00f4mes : Plongez dans le parfum d\u00e9licieux de ce m\u00e9lange de sels aromatiques. Laissez-vous transporter vers un \u00e9tat de d\u00e9tente et de r\u00e9g\u00e9n\u00e9ration. Une tradition intemporelle : D\u00e9couvrez la sagesse ancestrale des bains de sel, appr\u00e9ci\u00e9s pour leurs bienfaits remarquables sur la sant\u00e9 depuis l&rsquo;Antiquit\u00e9 grecque. Les sachets de 500 g de [&hellip;]<\/p>\n","protected":false},"featured_media":272844,"comment_status":"closed","ping_status":"open","template":"","meta":{"_angie_page":false},"product_brand":[27089],"product_cat":[19443,26237,26888,26191,26818,26307,20681,25842],"product_tag":[],"class_list":{"0":"post-241508","1":"product","2":"type-product","3":"status-publish","4":"has-post-thumbnail","6":"product_brand-agnes-and-cat","7":"product_cat-bain-et-corps","8":"product_cat-citron","9":"product_cat-epice","10":"product_cat-gingembre-senteurs-aromes","11":"product_cat-hesperide-agrumes","12":"product_cat-orange","13":"product_cat-sels-de-bain","14":"product_cat-senteurs-aromes","15":"pa_collection-ac-bath-salts-500g-fr","16":"pa_made-in-royaume-uni","17":"pa_size-500g","19":"first","20":"instock","21":"purchasable","22":"product-type-simple"},"supplier_id":null,"supplier_sku":"ACSalt-06DS","barcode":null,"atum_controlled":true,"out_stock_date":null,"out_stock_threshold":null,"inheritable":false,"inbound_stock":null,"stock_on_hold":0,"sold_today":0,"sales_last_days":0,"reserved_stock":null,"customer_returns":null,"warehouse_damage":null,"lost_in_post":null,"other_logs":null,"out_stock_days":0,"lost_sales":0,"has_location":null,"update_date":"2026-04-27T06:50:12","atum_locations":[],"atum_stock_status":"instock","restock_status":false,"low_stock_amount":"","sales_update_date":"2025-10-09T03:23:09","calc_backorders":null,"_links":{"self":[{"href":"https:\/\/aromasentia.com\/fr\/wp-json\/wp\/v2\/product\/241508","targetHints":{"allow":["GET"]}}],"collection":[{"href":"https:\/\/aromasentia.com\/fr\/wp-json\/wp\/v2\/product"}],"about":[{"href":"https:\/\/aromasentia.com\/fr\/wp-json\/wp\/v2\/types\/product"}],"replies":[{"embeddable":true,"href":"https:\/\/aromasentia.com\/fr\/wp-json\/wp\/v2\/comments?post=241508"}],"version-history":[{"count":0,"href":"https:\/\/aromasentia.com\/fr\/wp-json\/wp\/v2\/product\/241508\/revisions"}],"wp:featuredmedia":[{"embeddable":true,"href":"https:\/\/aromasentia.com\/fr\/wp-json\/wp\/v2\/media\/272844"}],"wp:attachment":[{"href":"https:\/\/aromasentia.com\/fr\/wp-json\/wp\/v2\/media?parent=241508"}],"wp:term":[{"taxonomy":"product_brand","embeddable":true,"href":"https:\/\/aromasentia.com\/fr\/wp-json\/wp\/v2\/product_brand?post=241508"},{"taxonomy":"product_cat","embeddable":true,"href":"https:\/\/aromasentia.com\/fr\/wp-json\/wp\/v2\/product_cat?post=241508"},{"taxonomy":"product_tag","embeddable":true,"href":"https:\/\/aromasentia.com\/fr\/wp-json\/wp\/v2\/product_tag?post=241508"}],"curies":[{"name":"wp","href":"https:\/\/api.w.org\/{rel}","templated":true}]}}