{"id":241504,"date":"2025-03-20T16:17:57","date_gmt":"2025-03-20T16:17:57","guid":{"rendered":"https:\/\/aromasentia.com\/product\/pack-of-500g-bath-salt-ylang-and-rose-himalayan\/"},"modified":"2025-06-23T19:14:42","modified_gmt":"2025-06-23T19:14:42","slug":"500g-sel-de-bain-ylang-et-rose-himalaya","status":"publish","type":"product","link":"https:\/\/aromasentia.com\/fr\/500g-sel-de-bain-ylang-et-rose-himalaya\/","title":{"rendered":"500g Sel de Bain &#8211; Ylang et Rose Himalaya"},"content":{"rendered":"<p><span style=\u00ab color: rgb(75, 80, 88); \u00bb><strong>On te pr\u00e9sente notre sel de bain sans parfum \u00e0 l&rsquo;ylang-ylang !&nbsp;<\/strong><\/span><\/p>\n<p><strong><span style=\u00ab color: rgb(75, 80, 88); \u00bb>Am\u00e9liore ton exp\u00e9rience du bain : <\/span><\/strong><\/p>\n<p><span style=\u00ab color: rgb(75, 80, 88); \u00bb>Laisse-toi emporter par la s\u00e9r\u00e9nit\u00e9 de notre sel de l&rsquo;Himalaya, enrichi en huile essentielle d&rsquo;ylang-ylang 100 % pure, en huile de noix de coco nourrissante et en p\u00e9tales de rose d\u00e9licats. <\/span><\/p>\n<p><span style=\u00ab color: rgb(75, 80, 88); \u00bb><strong>D\u00e9tendez-vous et ressourcez-vous :<\/strong><\/span><\/p>\n<p><span style=\u00ab color: rgb(75, 80, 88); \u00bb>Laissez-vous envelopper par l&rsquo;huile apaisante d&rsquo;ylang-ylang et \u00e9vacuez le stress de la journ\u00e9e. Ce puissant antioxydant peut non seulement favoriser une peau saine et \u00e9clatante, mais aussi procurer une sensation de tranquillit\u00e9 et de bien-\u00eatre.<\/p>\n","protected":false},"excerpt":{"rendered":"<p>On te pr\u00e9sente notre sel de bain sans parfum \u00e0 l&rsquo;ylang-ylang !&nbsp; Am\u00e9liore ton exp\u00e9rience du bain : Laisse-toi emporter par la s\u00e9r\u00e9nit\u00e9 de notre sel de l&rsquo;Himalaya, enrichi en huile essentielle d&rsquo;ylang-ylang 100 % pure, en huile de noix de coco nourrissante et en p\u00e9tales de rose d\u00e9licats. D\u00e9tendez-vous et ressourcez-vous : Laissez-vous envelopper [&hellip;]<\/p>\n","protected":false},"featured_media":272835,"comment_status":"closed","ping_status":"open","template":"","meta":{"_angie_page":false},"product_brand":[27089],"product_cat":[19443,26832,26369,20681,25842,26443],"product_tag":[],"class_list":{"0":"post-241504","1":"product","2":"type-product","3":"status-publish","4":"has-post-thumbnail","6":"product_brand-agnes-and-cat","7":"product_cat-bain-et-corps","8":"product_cat-floral","9":"product_cat-rose","10":"product_cat-sels-de-bain","11":"product_cat-senteurs-aromes","12":"product_cat-ylang-ylang","13":"pa_collection-ac-bath-salts-500g-fr","14":"pa_made-in-royaume-uni","15":"pa_size-500g","17":"first","18":"instock","19":"purchasable","20":"product-type-simple"},"supplier_id":null,"supplier_sku":"ACSalt-05DS","barcode":null,"atum_controlled":true,"out_stock_date":null,"out_stock_threshold":null,"inheritable":false,"inbound_stock":null,"stock_on_hold":0,"sold_today":0,"sales_last_days":0,"reserved_stock":null,"customer_returns":null,"warehouse_damage":null,"lost_in_post":null,"other_logs":null,"out_stock_days":0,"lost_sales":0,"has_location":null,"update_date":"2026-05-08T05:02:36","atum_locations":[],"atum_stock_status":"instock","restock_status":false,"low_stock_amount":"","sales_update_date":"2025-10-09T03:23:09","calc_backorders":null,"_links":{"self":[{"href":"https:\/\/aromasentia.com\/fr\/wp-json\/wp\/v2\/product\/241504","targetHints":{"allow":["GET"]}}],"collection":[{"href":"https:\/\/aromasentia.com\/fr\/wp-json\/wp\/v2\/product"}],"about":[{"href":"https:\/\/aromasentia.com\/fr\/wp-json\/wp\/v2\/types\/product"}],"replies":[{"embeddable":true,"href":"https:\/\/aromasentia.com\/fr\/wp-json\/wp\/v2\/comments?post=241504"}],"version-history":[{"count":0,"href":"https:\/\/aromasentia.com\/fr\/wp-json\/wp\/v2\/product\/241504\/revisions"}],"wp:featuredmedia":[{"embeddable":true,"href":"https:\/\/aromasentia.com\/fr\/wp-json\/wp\/v2\/media\/272835"}],"wp:attachment":[{"href":"https:\/\/aromasentia.com\/fr\/wp-json\/wp\/v2\/media?parent=241504"}],"wp:term":[{"taxonomy":"product_brand","embeddable":true,"href":"https:\/\/aromasentia.com\/fr\/wp-json\/wp\/v2\/product_brand?post=241504"},{"taxonomy":"product_cat","embeddable":true,"href":"https:\/\/aromasentia.com\/fr\/wp-json\/wp\/v2\/product_cat?post=241504"},{"taxonomy":"product_tag","embeddable":true,"href":"https:\/\/aromasentia.com\/fr\/wp-json\/wp\/v2\/product_tag?post=241504"}],"curies":[{"name":"wp","href":"https:\/\/api.w.org\/{rel}","templated":true}]}}