{"id":241452,"date":"2025-03-20T16:17:57","date_gmt":"2025-03-20T16:17:57","guid":{"rendered":"https:\/\/aromasentia.com\/product\/lip-balm-watermelon\/"},"modified":"2025-06-23T19:14:36","modified_gmt":"2025-06-23T19:14:36","slug":"baume-a-levres-pasteque","status":"publish","type":"product","link":"https:\/\/aromasentia.com\/fr\/baume-a-levres-pasteque\/","title":{"rendered":"Baume \u00e0 l\u00e8vres &#8211; Past\u00e8que"},"content":{"rendered":"<\/p>\n<p><span style=\"color : rgb(75, 80, 88) ;\">Ces baumes \u00e0 l\u00e8vres sont parfaits pour tous ceux qui recherchent un beau baume \u00e0 l\u00e8vres hydratant v\u00e9g\u00e9talien.<\/span><\/p>\n<p><span style=\"color : rgb(75, 80, 88) ;\">Les huiles parfum\u00e9es de haute qualit\u00e9 ont \u00e9t\u00e9 m\u00e9lang\u00e9es avec du beurre de karit\u00e9 nourrissant, du beurre de cacao hydratant, de l&rsquo;huile de jojoba adoucissante, du beurre d&rsquo;avocat et du beurre de mangue pour garder vos l\u00e8vres douces et pr\u00e9venir les ger\u00e7ures. Tous les baumes sont exempts de parab\u00e8ne, de p\u00e9trolatum, de plastique, de phtalate et de colorants artificiels.&nbsp;<\/span><\/p>\n<p><span style=\"color : rgb(75, 80, 88) ;\">Nos baumes \u00e0 l\u00e8vres sont pr\u00e9sent\u00e9s dans un magnifique emballage en aluminium, ce qui en fait une petite g\u00e2terie id\u00e9ale \u00e0 s&rsquo;offrir ou \u00e0 s&rsquo;offrir en cadeau. Ils sont coul\u00e9s \u00e0 la main en petites quantit\u00e9s dans notre salle de production \u00e0 Sheffield.&nbsp;<\/span><\/p>\n<p><span style=\"color : rgb(75, 80, 88) ;\">MOYENS D&rsquo;UTILISATION : Appliquer d\u00e9licatement ce baume sur les l\u00e8vres pour les hydrater. Nous recommandons d&rsquo;utiliser un exfoliant avant d&rsquo;appliquer notre baume \u00e0 l\u00e8vres pour des l\u00e8vres joliment rebondies ! &nbsp;<\/span><\/p>\n<p><span style=\"color : rgb(75, 80, 88) ;\"><strong>Commandez d\u00e8s aujourd&rsquo;hui et offrez \u00e0 vos clients cet article essentiel.<\/strong><\/span><\/p>\n<p>.<\/p>\n","protected":false},"excerpt":{"rendered":"<p>Ces baumes \u00e0 l\u00e8vres sont parfaits pour tous ceux qui recherchent un beau baume \u00e0 l\u00e8vres hydratant v\u00e9g\u00e9talien. Les huiles parfum\u00e9es de haute qualit\u00e9 ont \u00e9t\u00e9 m\u00e9lang\u00e9es avec du beurre de karit\u00e9 nourrissant, du beurre de cacao hydratant, de l&rsquo;huile de jojoba adoucissante, du beurre d&rsquo;avocat et du beurre de mangue pour garder vos l\u00e8vres [&hellip;]<\/p>\n","protected":false},"featured_media":272574,"comment_status":"closed","ping_status":"open","template":"","meta":{"_angie_page":false},"product_brand":[27089],"product_cat":[19443,26846,26484,25842],"product_tag":[],"class_list":{"0":"post-241452","1":"product","2":"type-product","3":"status-publish","4":"has-post-thumbnail","6":"product_brand-agnes-and-cat","7":"product_cat-bain-et-corps","8":"product_cat-fruite","9":"product_cat-pasteque","10":"product_cat-senteurs-aromes","11":"pa_collection-lip-balm-fr","12":"pa_made-in-royaume-uni","14":"first","15":"instock","16":"purchasable","17":"product-type-simple"},"supplier_id":null,"supplier_sku":"ACLB-13DS","barcode":null,"atum_controlled":true,"out_stock_date":null,"out_stock_threshold":null,"inheritable":false,"inbound_stock":null,"stock_on_hold":0,"sold_today":0,"sales_last_days":0,"reserved_stock":null,"customer_returns":null,"warehouse_damage":null,"lost_in_post":null,"other_logs":null,"out_stock_days":0,"lost_sales":0,"has_location":null,"update_date":"2026-04-27T06:50:06","atum_locations":[],"atum_stock_status":"instock","restock_status":false,"low_stock_amount":"","sales_update_date":"2025-10-09T03:23:03","calc_backorders":null,"_links":{"self":[{"href":"https:\/\/aromasentia.com\/fr\/wp-json\/wp\/v2\/product\/241452","targetHints":{"allow":["GET"]}}],"collection":[{"href":"https:\/\/aromasentia.com\/fr\/wp-json\/wp\/v2\/product"}],"about":[{"href":"https:\/\/aromasentia.com\/fr\/wp-json\/wp\/v2\/types\/product"}],"replies":[{"embeddable":true,"href":"https:\/\/aromasentia.com\/fr\/wp-json\/wp\/v2\/comments?post=241452"}],"version-history":[{"count":0,"href":"https:\/\/aromasentia.com\/fr\/wp-json\/wp\/v2\/product\/241452\/revisions"}],"wp:featuredmedia":[{"embeddable":true,"href":"https:\/\/aromasentia.com\/fr\/wp-json\/wp\/v2\/media\/272574"}],"wp:attachment":[{"href":"https:\/\/aromasentia.com\/fr\/wp-json\/wp\/v2\/media?parent=241452"}],"wp:term":[{"taxonomy":"product_brand","embeddable":true,"href":"https:\/\/aromasentia.com\/fr\/wp-json\/wp\/v2\/product_brand?post=241452"},{"taxonomy":"product_cat","embeddable":true,"href":"https:\/\/aromasentia.com\/fr\/wp-json\/wp\/v2\/product_cat?post=241452"},{"taxonomy":"product_tag","embeddable":true,"href":"https:\/\/aromasentia.com\/fr\/wp-json\/wp\/v2\/product_tag?post=241452"}],"curies":[{"name":"wp","href":"https:\/\/api.w.org\/{rel}","templated":true}]}}