{"id":241388,"date":"2025-03-20T16:18:52","date_gmt":"2025-03-20T16:18:52","guid":{"rendered":"https:\/\/aromasentia.com\/product\/moroccan-roll-solid-shampoo\/"},"modified":"2025-06-23T19:14:27","modified_gmt":"2025-06-23T19:14:27","slug":"shampooing-solide-rouleau-marocain","status":"publish","type":"product","link":"https:\/\/aromasentia.com\/fr\/shampooing-solide-rouleau-marocain\/","title":{"rendered":"Shampooing solide Rouleau marocain"},"content":{"rendered":"<p>Offrez-vous un nettoyage exotique de vos cheveux avec notre shampooing solide Moroccan Roll. Cette barre de shampooing captivante et respectueuse de l&rsquo;environnement transporte vos sens avec son ar\u00f4me chaud, \u00e9pic\u00e9 et intriguant qui rappelle les souks marocains. Il nettoie en douceur tout en laissant vos cheveux subtilement parfum\u00e9s par sa fragrance complexe et luxueuse. Une fa\u00e7on sans plastique d&rsquo;ajouter une touche de myst\u00e8re et d&rsquo;opulence \u00e0 votre rituel de soins capillaires, qui laisse les cheveux propres, doux et exotiquement parfum\u00e9s.<\/p>\n","protected":false},"excerpt":{"rendered":"<p>Offrez-vous un nettoyage exotique de vos cheveux avec notre shampooing solide Moroccan Roll. Cette barre de shampooing captivante et respectueuse de l&rsquo;environnement transporte vos sens avec son ar\u00f4me chaud, \u00e9pic\u00e9 et intriguant qui rappelle les souks marocains. Il nettoie en douceur tout en laissant vos cheveux subtilement parfum\u00e9s par sa fragrance complexe et luxueuse. Une [&hellip;]<\/p>\n","protected":false},"featured_media":273202,"comment_status":"closed","ping_status":"open","template":"","meta":{"_angie_page":false},"product_brand":[27089],"product_cat":[19443,20550],"product_tag":[],"class_list":{"0":"post-241388","1":"product","2":"type-product","3":"status-publish","4":"has-post-thumbnail","6":"product_brand-agnes-and-cat","7":"product_cat-bain-et-corps","8":"product_cat-soin-cheveux","9":"pa_collection-solid-shampoo-bars-fr","10":"pa_made-in-royaume-uni","12":"first","13":"instock","14":"purchasable","15":"product-type-simple"},"supplier_id":null,"supplier_sku":"ACSS-02DS","barcode":null,"atum_controlled":true,"out_stock_date":null,"out_stock_threshold":null,"inheritable":false,"inbound_stock":0,"stock_on_hold":0,"sold_today":0,"sales_last_days":0,"reserved_stock":0,"customer_returns":0,"warehouse_damage":0,"lost_in_post":0,"other_logs":0,"out_stock_days":0,"lost_sales":0,"has_location":false,"update_date":"2026-04-27T06:49:36","atum_locations":[],"atum_stock_status":"instock","restock_status":false,"low_stock_amount":"","sales_update_date":"2026-01-30T01:26:09","calc_backorders":null,"_links":{"self":[{"href":"https:\/\/aromasentia.com\/fr\/wp-json\/wp\/v2\/product\/241388","targetHints":{"allow":["GET"]}}],"collection":[{"href":"https:\/\/aromasentia.com\/fr\/wp-json\/wp\/v2\/product"}],"about":[{"href":"https:\/\/aromasentia.com\/fr\/wp-json\/wp\/v2\/types\/product"}],"replies":[{"embeddable":true,"href":"https:\/\/aromasentia.com\/fr\/wp-json\/wp\/v2\/comments?post=241388"}],"version-history":[{"count":0,"href":"https:\/\/aromasentia.com\/fr\/wp-json\/wp\/v2\/product\/241388\/revisions"}],"wp:featuredmedia":[{"embeddable":true,"href":"https:\/\/aromasentia.com\/fr\/wp-json\/wp\/v2\/media\/273202"}],"wp:attachment":[{"href":"https:\/\/aromasentia.com\/fr\/wp-json\/wp\/v2\/media?parent=241388"}],"wp:term":[{"taxonomy":"product_brand","embeddable":true,"href":"https:\/\/aromasentia.com\/fr\/wp-json\/wp\/v2\/product_brand?post=241388"},{"taxonomy":"product_cat","embeddable":true,"href":"https:\/\/aromasentia.com\/fr\/wp-json\/wp\/v2\/product_cat?post=241388"},{"taxonomy":"product_tag","embeddable":true,"href":"https:\/\/aromasentia.com\/fr\/wp-json\/wp\/v2\/product_tag?post=241388"}],"curies":[{"name":"wp","href":"https:\/\/api.w.org\/{rel}","templated":true}]}}