{"id":241380,"date":"2025-03-20T16:18:52","date_gmt":"2025-03-20T16:18:52","guid":{"rendered":"https:\/\/aromasentia.com\/product\/sea-salt-moss-solid-shampoo\/"},"modified":"2025-06-23T19:14:26","modified_gmt":"2025-06-23T19:14:26","slug":"shampooing-solide-sel-de-mer-et-mousse","status":"publish","type":"product","link":"https:\/\/aromasentia.com\/fr\/shampooing-solide-sel-de-mer-et-mousse\/","title":{"rendered":"Shampooing solide Sel de mer et mousse"},"content":{"rendered":"<p>Revigorez vos cheveux et vos sens avec notre shampooing solide Sea Salt &#038; Moss. Cette barre de shampooing rafra\u00eechissante et respectueuse de l&rsquo;environnement nettoie en profondeur tout en \u00e9voquant l&rsquo;essence fra\u00eeche et propre d&rsquo;une brise c\u00f4ti\u00e8re, m\u00ealant des notes de sel de mer \u00e0 de la mousse terreuse. Il aide \u00e0 purifier le cuir chevelu et laisse les cheveux revitalis\u00e9s, textur\u00e9s et pleins de vie. Une alternative parfaite sans plastique pour ceux qui aiment commencer leur journ\u00e9e de mani\u00e8re fra\u00eeche, naturelle et revigorante, en apportant l&rsquo;esprit de la mer \u00e0 leurs soins capillaires.<\/p>\n","protected":false},"excerpt":{"rendered":"<p>Revigorez vos cheveux et vos sens avec notre shampooing solide Sea Salt &#038; Moss. Cette barre de shampooing rafra\u00eechissante et respectueuse de l&rsquo;environnement nettoie en profondeur tout en \u00e9voquant l&rsquo;essence fra\u00eeche et propre d&rsquo;une brise c\u00f4ti\u00e8re, m\u00ealant des notes de sel de mer \u00e0 de la mousse terreuse. Il aide \u00e0 purifier le cuir chevelu [&hellip;]<\/p>\n","protected":false},"featured_media":273184,"comment_status":"closed","ping_status":"open","template":"","meta":{"_angie_page":false},"product_brand":[27089],"product_cat":[19443,20550],"product_tag":[],"class_list":{"0":"post-241380","1":"product","2":"type-product","3":"status-publish","4":"has-post-thumbnail","6":"product_brand-agnes-and-cat","7":"product_cat-bain-et-corps","8":"product_cat-soin-cheveux","9":"pa_collection-solid-shampoo-bars-fr","10":"pa_made-in-royaume-uni","12":"first","13":"instock","14":"purchasable","15":"product-type-simple"},"supplier_id":null,"supplier_sku":"ACSS-04DS","barcode":null,"atum_controlled":true,"out_stock_date":null,"out_stock_threshold":null,"inheritable":false,"inbound_stock":null,"stock_on_hold":0,"sold_today":0,"sales_last_days":0,"reserved_stock":null,"customer_returns":null,"warehouse_damage":null,"lost_in_post":null,"other_logs":null,"out_stock_days":0,"lost_sales":0,"has_location":null,"update_date":"2026-04-27T06:49:36","atum_locations":[],"atum_stock_status":"instock","restock_status":false,"low_stock_amount":"","sales_update_date":"2026-01-30T01:26:33","calc_backorders":null,"_links":{"self":[{"href":"https:\/\/aromasentia.com\/fr\/wp-json\/wp\/v2\/product\/241380","targetHints":{"allow":["GET"]}}],"collection":[{"href":"https:\/\/aromasentia.com\/fr\/wp-json\/wp\/v2\/product"}],"about":[{"href":"https:\/\/aromasentia.com\/fr\/wp-json\/wp\/v2\/types\/product"}],"replies":[{"embeddable":true,"href":"https:\/\/aromasentia.com\/fr\/wp-json\/wp\/v2\/comments?post=241380"}],"version-history":[{"count":0,"href":"https:\/\/aromasentia.com\/fr\/wp-json\/wp\/v2\/product\/241380\/revisions"}],"wp:featuredmedia":[{"embeddable":true,"href":"https:\/\/aromasentia.com\/fr\/wp-json\/wp\/v2\/media\/273184"}],"wp:attachment":[{"href":"https:\/\/aromasentia.com\/fr\/wp-json\/wp\/v2\/media?parent=241380"}],"wp:term":[{"taxonomy":"product_brand","embeddable":true,"href":"https:\/\/aromasentia.com\/fr\/wp-json\/wp\/v2\/product_brand?post=241380"},{"taxonomy":"product_cat","embeddable":true,"href":"https:\/\/aromasentia.com\/fr\/wp-json\/wp\/v2\/product_cat?post=241380"},{"taxonomy":"product_tag","embeddable":true,"href":"https:\/\/aromasentia.com\/fr\/wp-json\/wp\/v2\/product_tag?post=241380"}],"curies":[{"name":"wp","href":"https:\/\/api.w.org\/{rel}","templated":true}]}}