{"id":241368,"date":"2025-03-20T16:18:52","date_gmt":"2025-03-20T16:18:52","guid":{"rendered":"https:\/\/aromasentia.com\/product\/japanese-bloom-solid-shampoo\/"},"modified":"2025-06-23T19:14:25","modified_gmt":"2025-06-23T19:14:25","slug":"shampooing-solide-japanese-bloom","status":"publish","type":"product","link":"https:\/\/aromasentia.com\/fr\/shampooing-solide-japanese-bloom\/","title":{"rendered":"Shampooing solide Japanese Bloom"},"content":{"rendered":"<p>Faites l&rsquo;exp\u00e9rience d&rsquo;un soin capillaire serein avec notre shampooing solide Japanese Bloom. Ce shampooing doux et respectueux de l&rsquo;environnement nettoie vos cheveux tout en vous enveloppant d&rsquo;un parfum floral d\u00e9licat et apaisant rappelant les jardins japonais. Sa formule nourrissante laisse les cheveux doux, sains et subtilement parfum\u00e9s avec des notes de fleurs de cerisier ou d&rsquo;autres fleurs sereines. Un choix r\u00e9fl\u00e9chi pour de beaux cheveux et une plan\u00e8te plus propre, qui favorise la tranquillit\u00e9 \u00e0 chaque lavage, tout en r\u00e9duisant les d\u00e9chets plastiques.<\/p>\n","protected":false},"excerpt":{"rendered":"<p>Faites l&rsquo;exp\u00e9rience d&rsquo;un soin capillaire serein avec notre shampooing solide Japanese Bloom. Ce shampooing doux et respectueux de l&rsquo;environnement nettoie vos cheveux tout en vous enveloppant d&rsquo;un parfum floral d\u00e9licat et apaisant rappelant les jardins japonais. Sa formule nourrissante laisse les cheveux doux, sains et subtilement parfum\u00e9s avec des notes de fleurs de cerisier ou [&hellip;]<\/p>\n","protected":false},"featured_media":273157,"comment_status":"closed","ping_status":"open","template":"","meta":{"_angie_page":false},"product_brand":[27089],"product_cat":[19443,20550],"product_tag":[],"class_list":{"0":"post-241368","1":"product","2":"type-product","3":"status-publish","4":"has-post-thumbnail","6":"product_brand-agnes-and-cat","7":"product_cat-bain-et-corps","8":"product_cat-soin-cheveux","9":"pa_collection-solid-shampoo-bars-fr","10":"pa_made-in-royaume-uni","12":"first","13":"instock","14":"purchasable","15":"product-type-simple"},"supplier_id":null,"supplier_sku":"ACSS-07DS","barcode":null,"atum_controlled":true,"out_stock_date":null,"out_stock_threshold":null,"inheritable":false,"inbound_stock":null,"stock_on_hold":0,"sold_today":0,"sales_last_days":0,"reserved_stock":null,"customer_returns":null,"warehouse_damage":null,"lost_in_post":null,"other_logs":null,"out_stock_days":0,"lost_sales":0,"has_location":null,"update_date":"2026-04-27T06:49:36","atum_locations":[],"atum_stock_status":"instock","restock_status":false,"low_stock_amount":"","sales_update_date":"2026-01-20T05:14:18","calc_backorders":null,"_links":{"self":[{"href":"https:\/\/aromasentia.com\/fr\/wp-json\/wp\/v2\/product\/241368","targetHints":{"allow":["GET"]}}],"collection":[{"href":"https:\/\/aromasentia.com\/fr\/wp-json\/wp\/v2\/product"}],"about":[{"href":"https:\/\/aromasentia.com\/fr\/wp-json\/wp\/v2\/types\/product"}],"replies":[{"embeddable":true,"href":"https:\/\/aromasentia.com\/fr\/wp-json\/wp\/v2\/comments?post=241368"}],"version-history":[{"count":0,"href":"https:\/\/aromasentia.com\/fr\/wp-json\/wp\/v2\/product\/241368\/revisions"}],"wp:featuredmedia":[{"embeddable":true,"href":"https:\/\/aromasentia.com\/fr\/wp-json\/wp\/v2\/media\/273157"}],"wp:attachment":[{"href":"https:\/\/aromasentia.com\/fr\/wp-json\/wp\/v2\/media?parent=241368"}],"wp:term":[{"taxonomy":"product_brand","embeddable":true,"href":"https:\/\/aromasentia.com\/fr\/wp-json\/wp\/v2\/product_brand?post=241368"},{"taxonomy":"product_cat","embeddable":true,"href":"https:\/\/aromasentia.com\/fr\/wp-json\/wp\/v2\/product_cat?post=241368"},{"taxonomy":"product_tag","embeddable":true,"href":"https:\/\/aromasentia.com\/fr\/wp-json\/wp\/v2\/product_tag?post=241368"}],"curies":[{"name":"wp","href":"https:\/\/api.w.org\/{rel}","templated":true}]}}