{"id":241356,"date":"2025-03-20T16:19:41","date_gmt":"2025-03-20T16:19:41","guid":{"rendered":"https:\/\/aromasentia.com\/product\/aromatherapy-shower-steamer-80g-steamy-shower\/"},"modified":"2025-06-23T19:14:21","modified_gmt":"2025-06-23T19:14:21","slug":"galets-de-douche-aromatherapie-70g-douche-vapeur","status":"publish","type":"product","link":"https:\/\/aromasentia.com\/fr\/galets-de-douche-aromatherapie-70g-douche-vapeur\/","title":{"rendered":"Galets de douche Aromath\u00e9rapie 70g &#8211; Douche vapeur"},"content":{"rendered":"<p><strong><span style=\"color: rgb(75, 80, 88);\">Galets de Douche \u00ab\u00a0Douche Vapeur\u00a0\u00bb<\/span><\/strong><\/p>\n<p>Comme une bombe de bain pour la douche. Placez-le simplement dans la base de votre douche pour cr\u00e9er un environnement aromatique de type spa.&nbsp;<\/p>\n<p>Le luxe dans les maisons de vos clients, et maintenant ceux qui n&rsquo;ont pas de bain sont toujours vos clients. Les cuiseurs \u00e0 vapeur contiennent nos meilleures huiles essentielles m\u00e9lang\u00e9es \u00e0 des herbes, des p\u00e9tales de rose et du sel casher. Ils font un affichage super parfum\u00e9 et attrayant, un beau cadeau et parfait comme faveurs de mariage.&nbsp;<\/p>\n<p>Diff\u00e9rents parfums con&ccedil;us pour toutes les raisons pour lesquelles vous pourriez prendre une douche.&nbsp;<\/p>\n<p><strong><span style=\"color: rgb(75, 80, 88);\">Huiles essentielles : patchouli, jasmin, ylang ylang + p\u00e9tale de rose&nbsp;<\/span><\/strong><\/p>\n<p>NB : Le poids du produit peut varier entre 70g et 80g.&nbsp;<\/p>\n<p><strong><span style=\"color: rgb(141, 186, 216);\">Rafra\u00eechissez vos clients et vos ventes aujourd&rsquo;hui. Faites le plein maintenant.<\/span><\/strong><\/p>\n","protected":false},"excerpt":{"rendered":"<p>Galets de Douche \u00ab\u00a0Douche Vapeur\u00a0\u00bb Comme une bombe de bain pour la douche. Placez-le simplement dans la base de votre douche pour cr\u00e9er un environnement aromatique de type spa.&nbsp; Le luxe dans les maisons de vos clients, et maintenant ceux qui n&rsquo;ont pas de bain sont toujours vos clients. Les cuiseurs \u00e0 vapeur contiennent nos [&hellip;]<\/p>\n","protected":false},"featured_media":273438,"comment_status":"closed","ping_status":"open","template":"","meta":{"_angie_page":false},"product_brand":[],"product_cat":[19443,20507],"product_tag":[],"class_list":{"0":"post-241356","1":"product","2":"type-product","3":"status-publish","4":"has-post-thumbnail","6":"product_cat-bain-et-corps","7":"product_cat-boules-bombes-de-bain","8":"pa_collection-aromatherapy-shower-steamers-fr","9":"pa_made-in-royaume-uni","10":"pa_size-80g","12":"first","13":"instock","14":"purchasable","15":"product-type-simple"},"supplier_id":null,"supplier_sku":"AROSS-05a","barcode":null,"atum_controlled":true,"out_stock_date":null,"out_stock_threshold":null,"inheritable":false,"inbound_stock":null,"stock_on_hold":0,"sold_today":0,"sales_last_days":0,"reserved_stock":null,"customer_returns":null,"warehouse_damage":null,"lost_in_post":null,"other_logs":null,"out_stock_days":0,"lost_sales":0,"has_location":null,"update_date":"2026-04-27T06:50:47","atum_locations":[],"atum_stock_status":"instock","restock_status":false,"low_stock_amount":"","sales_update_date":"2025-10-09T03:23:29","calc_backorders":null,"_links":{"self":[{"href":"https:\/\/aromasentia.com\/fr\/wp-json\/wp\/v2\/product\/241356","targetHints":{"allow":["GET"]}}],"collection":[{"href":"https:\/\/aromasentia.com\/fr\/wp-json\/wp\/v2\/product"}],"about":[{"href":"https:\/\/aromasentia.com\/fr\/wp-json\/wp\/v2\/types\/product"}],"replies":[{"embeddable":true,"href":"https:\/\/aromasentia.com\/fr\/wp-json\/wp\/v2\/comments?post=241356"}],"version-history":[{"count":0,"href":"https:\/\/aromasentia.com\/fr\/wp-json\/wp\/v2\/product\/241356\/revisions"}],"wp:featuredmedia":[{"embeddable":true,"href":"https:\/\/aromasentia.com\/fr\/wp-json\/wp\/v2\/media\/273438"}],"wp:attachment":[{"href":"https:\/\/aromasentia.com\/fr\/wp-json\/wp\/v2\/media?parent=241356"}],"wp:term":[{"taxonomy":"product_brand","embeddable":true,"href":"https:\/\/aromasentia.com\/fr\/wp-json\/wp\/v2\/product_brand?post=241356"},{"taxonomy":"product_cat","embeddable":true,"href":"https:\/\/aromasentia.com\/fr\/wp-json\/wp\/v2\/product_cat?post=241356"},{"taxonomy":"product_tag","embeddable":true,"href":"https:\/\/aromasentia.com\/fr\/wp-json\/wp\/v2\/product_tag?post=241356"}],"curies":[{"name":"wp","href":"https:\/\/api.w.org\/{rel}","templated":true}]}}