{"id":241348,"date":"2025-03-20T16:19:41","date_gmt":"2025-03-20T16:19:41","guid":{"rendered":"https:\/\/aromasentia.com\/product\/aromatherapy-shower-steamer-80g-calming\/"},"modified":"2025-06-23T19:14:20","modified_gmt":"2025-06-23T19:14:20","slug":"galets-de-douche-aromatherapie-80g-calme","status":"publish","type":"product","link":"https:\/\/aromasentia.com\/fr\/galets-de-douche-aromatherapie-80g-calme\/","title":{"rendered":"Galets de Douche Aromath\u00e9rapie 80g &#8211; Calme"},"content":{"rendered":"<p><strong><span style=\"color: rgb(75, 80, 88);\">Galets de Douche Aromath\u00e9rapie : Calme<\/span><\/strong><\/p>\n<p>Comme une bombe de bain pour la douche. Placez-le simplement dans la base de votre douche pour cr\u00e9er un environnement aromatique de type spa. Le luxe dans les maisons de vos clients, et maintenant ceux qui n&rsquo;ont pas de bain sont toujours vos clients.&nbsp;<\/p>\n<p>Ils feront de votre boutique un endroit super parfum\u00e9 et attrayant, une belle id\u00e9e de cadeau et ils sont parfait comme faveurs de mariage.&nbsp;<\/p>\n<p>Diff\u00e9rents parfums con&ccedil;us pour toutes les raisons pour lesquelles vous pourriez prendre une douche.&nbsp;<\/p>\n<p><strong><span style=\"color: rgb(75, 80, 88);\">Huiles Essentielles :&nbsp;<\/span><\/strong>Th\u00e9 des bois, encens, bois de c\u00e8dre + t\u00eates de camomille<\/p>\n<p><strong><span style=\"color: rgb(141, 186, 216);\">Rafra\u00eechissez vos clients et vos ventes aujourd&rsquo;hui. Faites le plein maintenant.<\/span><\/strong><\/p>\n","protected":false},"excerpt":{"rendered":"<p>Galets de Douche Aromath\u00e9rapie : Calme Comme une bombe de bain pour la douche. Placez-le simplement dans la base de votre douche pour cr\u00e9er un environnement aromatique de type spa. Le luxe dans les maisons de vos clients, et maintenant ceux qui n&rsquo;ont pas de bain sont toujours vos clients.&nbsp; Ils feront de votre boutique [&hellip;]<\/p>\n","protected":false},"featured_media":273404,"comment_status":"closed","ping_status":"open","template":"","meta":{"_angie_page":false},"product_brand":[],"product_cat":[19443,20507],"product_tag":[],"class_list":{"0":"post-241348","1":"product","2":"type-product","3":"status-publish","4":"has-post-thumbnail","6":"product_cat-bain-et-corps","7":"product_cat-boules-bombes-de-bain","8":"pa_collection-aromatherapy-shower-steamers-fr","9":"pa_made-in-royaume-uni","10":"pa_size-80g","12":"first","13":"instock","14":"purchasable","15":"product-type-simple"},"supplier_id":null,"supplier_sku":"AROSS-07a","barcode":null,"atum_controlled":true,"out_stock_date":null,"out_stock_threshold":null,"inheritable":false,"inbound_stock":null,"stock_on_hold":0,"sold_today":0,"sales_last_days":0,"reserved_stock":null,"customer_returns":null,"warehouse_damage":null,"lost_in_post":null,"other_logs":null,"out_stock_days":0,"lost_sales":0,"has_location":null,"update_date":"2026-05-08T05:03:47","atum_locations":[],"atum_stock_status":"instock","restock_status":false,"low_stock_amount":"","sales_update_date":"2025-10-09T03:23:29","calc_backorders":null,"_links":{"self":[{"href":"https:\/\/aromasentia.com\/fr\/wp-json\/wp\/v2\/product\/241348","targetHints":{"allow":["GET"]}}],"collection":[{"href":"https:\/\/aromasentia.com\/fr\/wp-json\/wp\/v2\/product"}],"about":[{"href":"https:\/\/aromasentia.com\/fr\/wp-json\/wp\/v2\/types\/product"}],"replies":[{"embeddable":true,"href":"https:\/\/aromasentia.com\/fr\/wp-json\/wp\/v2\/comments?post=241348"}],"version-history":[{"count":0,"href":"https:\/\/aromasentia.com\/fr\/wp-json\/wp\/v2\/product\/241348\/revisions"}],"wp:featuredmedia":[{"embeddable":true,"href":"https:\/\/aromasentia.com\/fr\/wp-json\/wp\/v2\/media\/273404"}],"wp:attachment":[{"href":"https:\/\/aromasentia.com\/fr\/wp-json\/wp\/v2\/media?parent=241348"}],"wp:term":[{"taxonomy":"product_brand","embeddable":true,"href":"https:\/\/aromasentia.com\/fr\/wp-json\/wp\/v2\/product_brand?post=241348"},{"taxonomy":"product_cat","embeddable":true,"href":"https:\/\/aromasentia.com\/fr\/wp-json\/wp\/v2\/product_cat?post=241348"},{"taxonomy":"product_tag","embeddable":true,"href":"https:\/\/aromasentia.com\/fr\/wp-json\/wp\/v2\/product_tag?post=241348"}],"curies":[{"name":"wp","href":"https:\/\/api.w.org\/{rel}","templated":true}]}}