{"id":241324,"date":"2025-03-20T16:19:41","date_gmt":"2025-03-20T16:19:41","guid":{"rendered":"https:\/\/aromasentia.com\/product\/juniper-lime-spearmint-hand-body-wash-250ml\/"},"modified":"2025-06-23T19:14:17","modified_gmt":"2025-06-23T19:14:17","slug":"nettoyant-mains-et-corps-genevrier-citron-vert-menthe-verte-250-ml","status":"publish","type":"product","link":"https:\/\/aromasentia.com\/fr\/nettoyant-mains-et-corps-genevrier-citron-vert-menthe-verte-250-ml\/","title":{"rendered":"Nettoyant Mains et Corps &#8211; Gen\u00e9vrier, Citron vert &#038; Menthe verte 250 ml"},"content":{"rendered":"<p><strong><span style=\"color: rgb(75, 80, 88);\">Le nettoyant pour les mains et le corps aromath\u00e9rapie au Genevrier, au Citron vert et \u00e0 la Menthe verte<\/span><\/strong> est un produit luxueux et rafra\u00eechissant con&ccedil;u pour nettoyer et nourrir la peau tout en offrant une exp\u00e9rience rafra\u00eechissante et revigorante.&nbsp;<\/p>\n<p>Ce cosm\u00e9tique est compos\u00e9 d&rsquo;un m\u00e9lange d&rsquo;huiles essentielles qui travaillent ensemble pour cr\u00e9er un parfum unique et stimulant. Le gen\u00e9vrier est connu pour ses propri\u00e9t\u00e9s nettoyantes et sa capacit\u00e9 \u00e0 favoriser une peau saine. Il est souvent utilis\u00e9 dans les produits de soin pour ses propri\u00e9t\u00e9s astringentes, qui peuvent aider \u00e0 raffermir et tonifier la peau.&nbsp;<\/p>\n<p>Le citron vert, quant \u00e0 lui, est un antioxydant naturel qui aide \u00e0 prot\u00e9ger la peau des dommages caus\u00e9s par les radicaux libres. Il a \u00e9galement un parfum vif et citronn\u00e9 qui est \u00e9difiant et \u00e9nergisant.&nbsp;<\/p>\n<p>La menthe verte procure une sensation fra\u00eeche et rafra\u00eechissante qui aide \u00e0 revigorer les sens. Elle est \u00e9galement connue pour ses propri\u00e9t\u00e9s antibact\u00e9riennes et antifongiques, qui peuvent aider \u00e0 garder la peau saine et exempte d&rsquo;infections.&nbsp;<\/p>\n<p>Ce nettoyant pour les mains et le corps mousse facilement et se rince proprement, laissant la peau douce, lisse et rafra\u00eechie.<\/p>\n","protected":false},"excerpt":{"rendered":"<p>Le nettoyant pour les mains et le corps aromath\u00e9rapie au Genevrier, au Citron vert et \u00e0 la Menthe verte est un produit luxueux et rafra\u00eechissant con&ccedil;u pour nettoyer et nourrir la peau tout en offrant une exp\u00e9rience rafra\u00eechissante et revigorante.&nbsp; Ce cosm\u00e9tique est compos\u00e9 d&rsquo;un m\u00e9lange d&rsquo;huiles essentielles qui travaillent ensemble pour cr\u00e9er un parfum [&hellip;]<\/p>\n","protected":false},"featured_media":273310,"comment_status":"closed","ping_status":"open","template":"","meta":[],"product_brand":[],"product_cat":[19443,26259,26818,26391,26874,25842,20986],"product_tag":[],"class_list":{"0":"post-241324","1":"product","2":"type-product","3":"status-publish","4":"has-post-thumbnail","6":"product_cat-bain-et-corps","7":"product_cat-citron-vert","8":"product_cat-hesperide-agrumes","9":"product_cat-menthe-verte","10":"product_cat-menthole","11":"product_cat-senteurs-aromes","12":"product_cat-soins-corps","13":"pa_collection-aromatherapy-hand-body-wash-fr","14":"pa_made-in-royaume-uni","15":"pa_size-250ml","17":"first","18":"instock","19":"purchasable","20":"product-type-simple"},"supplier_id":null,"supplier_sku":"AHBW-01","barcode":null,"atum_controlled":true,"out_stock_date":null,"out_stock_threshold":null,"inheritable":false,"inbound_stock":null,"stock_on_hold":0,"sold_today":0,"sales_last_days":0,"reserved_stock":null,"customer_returns":null,"warehouse_damage":null,"lost_in_post":null,"other_logs":null,"out_stock_days":0,"lost_sales":0,"has_location":null,"update_date":"2026-01-30T01:24:52","atum_locations":[],"atum_stock_status":"instock","restock_status":false,"low_stock_amount":"","sales_update_date":"2026-01-30T01:24:52","calc_backorders":null,"_links":{"self":[{"href":"https:\/\/aromasentia.com\/fr\/wp-json\/wp\/v2\/product\/241324","targetHints":{"allow":["GET"]}}],"collection":[{"href":"https:\/\/aromasentia.com\/fr\/wp-json\/wp\/v2\/product"}],"about":[{"href":"https:\/\/aromasentia.com\/fr\/wp-json\/wp\/v2\/types\/product"}],"replies":[{"embeddable":true,"href":"https:\/\/aromasentia.com\/fr\/wp-json\/wp\/v2\/comments?post=241324"}],"version-history":[{"count":0,"href":"https:\/\/aromasentia.com\/fr\/wp-json\/wp\/v2\/product\/241324\/revisions"}],"wp:featuredmedia":[{"embeddable":true,"href":"https:\/\/aromasentia.com\/fr\/wp-json\/wp\/v2\/media\/273310"}],"wp:attachment":[{"href":"https:\/\/aromasentia.com\/fr\/wp-json\/wp\/v2\/media?parent=241324"}],"wp:term":[{"taxonomy":"product_brand","embeddable":true,"href":"https:\/\/aromasentia.com\/fr\/wp-json\/wp\/v2\/product_brand?post=241324"},{"taxonomy":"product_cat","embeddable":true,"href":"https:\/\/aromasentia.com\/fr\/wp-json\/wp\/v2\/product_cat?post=241324"},{"taxonomy":"product_tag","embeddable":true,"href":"https:\/\/aromasentia.com\/fr\/wp-json\/wp\/v2\/product_tag?post=241324"}],"curies":[{"name":"wp","href":"https:\/\/api.w.org\/{rel}","templated":true}]}}