{"id":241320,"date":"2025-03-20T16:19:41","date_gmt":"2025-03-20T16:19:41","guid":{"rendered":"https:\/\/aromasentia.com\/product\/tangerine-ylang-patchouli-hand-body-wash-250ml\/"},"modified":"2025-06-23T19:14:17","modified_gmt":"2025-06-23T19:14:17","slug":"nettoyant-mains-et-corps-mandarine-ylang-patchouli-250ml","status":"publish","type":"product","link":"https:\/\/aromasentia.com\/fr\/nettoyant-mains-et-corps-mandarine-ylang-patchouli-250ml\/","title":{"rendered":"Nettoyant Mains et Corps &#8211; Mandarine, Ylang &#038; Patchouli 250ml"},"content":{"rendered":"<p><strong><span style=\"color: rgb(75, 80, 88);\">Le Nettoyant pour les mains et le corps Aromatherapy Tangerine, Ylang &amp; Patchouli<\/span><\/strong> est un produit luxueux et aromatique con&ccedil;u pour nettoyer et nourrir la peau tout en offrant une exp\u00e9rience relaxante et \u00e9difiante.&nbsp;<\/p>\n<p>Ce cosm\u00e9tique est fabriqu\u00e9 avec un m\u00e9lange d&rsquo;huiles essentielles qui travaillent ensemble pour cr\u00e9er un parfum unique et stimulant. La mandarine est connue pour ses propri\u00e9t\u00e9s rafra\u00eechissantes et tonifiantes. Il est souvent utilis\u00e9 en aromath\u00e9rapie pour aider \u00e0 r\u00e9duire le stress et l&rsquo;anxi\u00e9t\u00e9, ainsi que pour favoriser un sentiment de relaxation.&nbsp;<\/p>\n<p>L&rsquo;ylang-ylang, quant \u00e0 lui, est un aphrodisiaque naturel connu pour sa capacit\u00e9 \u00e0 favoriser des sentiments de bonheur et de bien-\u00eatre. Le patchouli fournit un parfum chaud et terreux qui est \u00e0 la fois apaisant et ancr\u00e9. Il est souvent utilis\u00e9 en aromath\u00e9rapie pour aider \u00e0 r\u00e9duire le stress et l&rsquo;anxi\u00e9t\u00e9, ainsi que pour favoriser la relaxation et l&rsquo;\u00e9quilibre.&nbsp;<\/p>\n<p>Ce nettoyant pour les mains et le corps mousse facilement et se rince proprement, laissant la peau douce, lisse et rafra\u00eechie.<\/p>\n","protected":false},"excerpt":{"rendered":"<p>Le Nettoyant pour les mains et le corps Aromatherapy Tangerine, Ylang &amp; Patchouli est un produit luxueux et aromatique con&ccedil;u pour nettoyer et nourrir la peau tout en offrant une exp\u00e9rience relaxante et \u00e9difiante.&nbsp; Ce cosm\u00e9tique est fabriqu\u00e9 avec un m\u00e9lange d&rsquo;huiles essentielles qui travaillent ensemble pour cr\u00e9er un parfum unique et stimulant. La mandarine [&hellip;]<\/p>\n","protected":false},"featured_media":273301,"comment_status":"closed","ping_status":"open","template":"","meta":{"_angie_page":false},"product_brand":[],"product_cat":[19443,26832,26818,26333,25842,20986,26404,26825,26443],"product_tag":[],"class_list":{"0":"post-241320","1":"product","2":"type-product","3":"status-publish","4":"has-post-thumbnail","6":"product_cat-bain-et-corps","7":"product_cat-floral","8":"product_cat-hesperide-agrumes","9":"product_cat-patchouli","10":"product_cat-senteurs-aromes","11":"product_cat-soins-corps","12":"product_cat-tangerine","13":"product_cat-terreux-vert","14":"product_cat-ylang-ylang","15":"pa_collection-aromatherapy-hand-body-wash-fr","16":"pa_made-in-royaume-uni","17":"pa_size-250ml","19":"first","20":"instock","21":"purchasable","22":"product-type-simple"},"supplier_id":null,"supplier_sku":"AHBW-02","barcode":null,"atum_controlled":true,"out_stock_date":null,"out_stock_threshold":null,"inheritable":false,"inbound_stock":null,"stock_on_hold":0,"sold_today":0,"sales_last_days":0,"reserved_stock":null,"customer_returns":null,"warehouse_damage":null,"lost_in_post":null,"other_logs":null,"out_stock_days":0,"lost_sales":0,"has_location":null,"update_date":"2026-04-27T06:50:01","atum_locations":[],"atum_stock_status":"instock","restock_status":false,"low_stock_amount":"","sales_update_date":"2026-01-30T01:25:02","calc_backorders":null,"_links":{"self":[{"href":"https:\/\/aromasentia.com\/fr\/wp-json\/wp\/v2\/product\/241320","targetHints":{"allow":["GET"]}}],"collection":[{"href":"https:\/\/aromasentia.com\/fr\/wp-json\/wp\/v2\/product"}],"about":[{"href":"https:\/\/aromasentia.com\/fr\/wp-json\/wp\/v2\/types\/product"}],"replies":[{"embeddable":true,"href":"https:\/\/aromasentia.com\/fr\/wp-json\/wp\/v2\/comments?post=241320"}],"version-history":[{"count":0,"href":"https:\/\/aromasentia.com\/fr\/wp-json\/wp\/v2\/product\/241320\/revisions"}],"wp:featuredmedia":[{"embeddable":true,"href":"https:\/\/aromasentia.com\/fr\/wp-json\/wp\/v2\/media\/273301"}],"wp:attachment":[{"href":"https:\/\/aromasentia.com\/fr\/wp-json\/wp\/v2\/media?parent=241320"}],"wp:term":[{"taxonomy":"product_brand","embeddable":true,"href":"https:\/\/aromasentia.com\/fr\/wp-json\/wp\/v2\/product_brand?post=241320"},{"taxonomy":"product_cat","embeddable":true,"href":"https:\/\/aromasentia.com\/fr\/wp-json\/wp\/v2\/product_cat?post=241320"},{"taxonomy":"product_tag","embeddable":true,"href":"https:\/\/aromasentia.com\/fr\/wp-json\/wp\/v2\/product_tag?post=241320"}],"curies":[{"name":"wp","href":"https:\/\/api.w.org\/{rel}","templated":true}]}}