{"id":241316,"date":"2025-03-20T16:19:41","date_gmt":"2025-03-20T16:19:41","guid":{"rendered":"https:\/\/aromasentia.com\/product\/sandalwood-rose-hand-body-wash-250ml\/"},"modified":"2025-06-23T19:14:16","modified_gmt":"2025-06-23T19:14:16","slug":"nettoyant-mains-et-corps-bois-de-santal-rose-250-ml","status":"publish","type":"product","link":"https:\/\/aromasentia.com\/fr\/nettoyant-mains-et-corps-bois-de-santal-rose-250-ml\/","title":{"rendered":"Nettoyant Mains et Corps &#8211; Bois de santal &#038; Rose 250 ml"},"content":{"rendered":"<p><strong><span style=\"color: rgb(75, 80, 88);\">Le Nettoyant pour les mains et le corps \u00e0 l&rsquo;aromath\u00e9rapie au Bois de santal &amp; Rose<\/span><\/strong> est un produit luxueux et rafra\u00eechissant con&ccedil;u pour nettoyer et nourrir la peau tout en offrant une exp\u00e9rience rafra\u00eechissante et revigorante.&nbsp;<\/p>\n<p>Ce cosm\u00e9tique est compos\u00e9 d&rsquo;un m\u00e9lange d&rsquo;huiles essentielles qui travaillent ensemble pour cr\u00e9er un parfum unique et stimulant. Le bois de santal est connu pour son parfum chaud et bois\u00e9, ainsi que pour sa capacit\u00e9 \u00e0 apaiser et calmer la peau. Il est souvent utilis\u00e9 en aromath\u00e9rapie pour favoriser la relaxation et r\u00e9duire le stress.&nbsp;<\/p>\n<p>La rose offre un parfum d\u00e9licat et romantique \u00e0 la fois apaisant et \u00e9difiant. Il est souvent utilis\u00e9 dans les produits de soin pour sa capacit\u00e9 \u00e0 hydrater et nourrir la peau.&nbsp;<\/p>\n<p>Ce nettoyant pour les mains et le corps mousse facilement et se rince proprement, laissant la peau douce, lisse et rafra\u00eechie.<\/p>\n","protected":false},"excerpt":{"rendered":"<p>Le Nettoyant pour les mains et le corps \u00e0 l&rsquo;aromath\u00e9rapie au Bois de santal &amp; Rose est un produit luxueux et rafra\u00eechissant con&ccedil;u pour nettoyer et nourrir la peau tout en offrant une exp\u00e9rience rafra\u00eechissante et revigorante.&nbsp; Ce cosm\u00e9tique est compos\u00e9 d&rsquo;un m\u00e9lange d&rsquo;huiles essentielles qui travaillent ensemble pour cr\u00e9er un parfum unique et stimulant. [&hellip;]<\/p>\n","protected":false},"featured_media":273292,"comment_status":"closed","ping_status":"open","template":"","meta":{"_angie_page":false},"product_brand":[],"product_cat":[19443,26389,26895,26832,26369,25842,20986],"product_tag":[],"class_list":{"0":"post-241316","1":"product","2":"type-product","3":"status-publish","4":"has-post-thumbnail","6":"product_cat-bain-et-corps","7":"product_cat-bois-de-santal","8":"product_cat-boise","9":"product_cat-floral","10":"product_cat-rose","11":"product_cat-senteurs-aromes","12":"product_cat-soins-corps","13":"pa_collection-aromatherapy-hand-body-wash-fr","14":"pa_made-in-royaume-uni","15":"pa_size-250ml","17":"first","18":"instock","19":"purchasable","20":"product-type-simple"},"supplier_id":null,"supplier_sku":"AHBW-03","barcode":null,"atum_controlled":true,"out_stock_date":null,"out_stock_threshold":null,"inheritable":false,"inbound_stock":null,"stock_on_hold":0,"sold_today":0,"sales_last_days":0,"reserved_stock":null,"customer_returns":null,"warehouse_damage":null,"lost_in_post":null,"other_logs":null,"out_stock_days":0,"lost_sales":0,"has_location":null,"update_date":"2026-05-08T05:02:36","atum_locations":[],"atum_stock_status":"instock","restock_status":false,"low_stock_amount":"","sales_update_date":"2026-02-06T00:02:21","calc_backorders":null,"_links":{"self":[{"href":"https:\/\/aromasentia.com\/fr\/wp-json\/wp\/v2\/product\/241316","targetHints":{"allow":["GET"]}}],"collection":[{"href":"https:\/\/aromasentia.com\/fr\/wp-json\/wp\/v2\/product"}],"about":[{"href":"https:\/\/aromasentia.com\/fr\/wp-json\/wp\/v2\/types\/product"}],"replies":[{"embeddable":true,"href":"https:\/\/aromasentia.com\/fr\/wp-json\/wp\/v2\/comments?post=241316"}],"version-history":[{"count":0,"href":"https:\/\/aromasentia.com\/fr\/wp-json\/wp\/v2\/product\/241316\/revisions"}],"wp:featuredmedia":[{"embeddable":true,"href":"https:\/\/aromasentia.com\/fr\/wp-json\/wp\/v2\/media\/273292"}],"wp:attachment":[{"href":"https:\/\/aromasentia.com\/fr\/wp-json\/wp\/v2\/media?parent=241316"}],"wp:term":[{"taxonomy":"product_brand","embeddable":true,"href":"https:\/\/aromasentia.com\/fr\/wp-json\/wp\/v2\/product_brand?post=241316"},{"taxonomy":"product_cat","embeddable":true,"href":"https:\/\/aromasentia.com\/fr\/wp-json\/wp\/v2\/product_cat?post=241316"},{"taxonomy":"product_tag","embeddable":true,"href":"https:\/\/aromasentia.com\/fr\/wp-json\/wp\/v2\/product_tag?post=241316"}],"curies":[{"name":"wp","href":"https:\/\/api.w.org\/{rel}","templated":true}]}}