{"id":241312,"date":"2025-03-20T16:19:41","date_gmt":"2025-03-20T16:19:41","guid":{"rendered":"https:\/\/aromasentia.com\/product\/mandarin-ginger-hand-body-lotion-250ml-2\/"},"modified":"2025-06-23T19:14:16","modified_gmt":"2025-06-23T19:14:16","slug":"nettoyant-mains-et-corps-mandarine-gingembre-250ml","status":"publish","type":"product","link":"https:\/\/aromasentia.com\/fr\/nettoyant-mains-et-corps-mandarine-gingembre-250ml\/","title":{"rendered":"Nettoyant Mains et Corps &#8211; Mandarine &#038; Gingembre 250ml"},"content":{"rendered":"<p><strong><span style=\"color: rgb(75, 80, 88);\">Le Nettoyant pour les mains et le corps Mandarine &amp; Gingembre<\/span><\/strong> est un produit luxueux et nourrissant con&ccedil;u pour hydrater la peau tout en offrant une exp\u00e9rience \u00e9difiante et revigorante.&nbsp;<\/p>\n<p>Ce cosm\u00e9tique est compos\u00e9 d&rsquo;un m\u00e9lange d&rsquo;huiles essentielles qui travaillent ensemble pour cr\u00e9er un parfum unique et stimulant. La mandarine est connue pour son parfum vif et citronn\u00e9, ainsi que pour sa capacit\u00e9 \u00e0 favoriser une peau saine. Il est riche en antioxydants et en vitamine C, qui peuvent aider \u00e0 prot\u00e9ger la peau des dommages caus\u00e9s par les radicaux libres.&nbsp;<\/p>\n<p>Le gingembre procure un parfum chaud et \u00e9pic\u00e9 \u00e0 la fois \u00e9nergisant et revigorant. Il est souvent utilis\u00e9 en aromath\u00e9rapie pour aider \u00e0 r\u00e9duire le stress et favoriser les sensations de relaxation.&nbsp;<\/p>\n<p>Ce nettoyant pour les mains et le corps mousse facilement et se rince proprement, laissant la peau douce, lisse et rafra\u00eechie.<\/p>\n","protected":false},"excerpt":{"rendered":"<p>Le Nettoyant pour les mains et le corps Mandarine &amp; Gingembre est un produit luxueux et nourrissant con&ccedil;u pour hydrater la peau tout en offrant une exp\u00e9rience \u00e9difiante et revigorante.&nbsp; Ce cosm\u00e9tique est compos\u00e9 d&rsquo;un m\u00e9lange d&rsquo;huiles essentielles qui travaillent ensemble pour cr\u00e9er un parfum unique et stimulant. La mandarine est connue pour son parfum [&hellip;]<\/p>\n","protected":false},"featured_media":273283,"comment_status":"closed","ping_status":"open","template":"","meta":{"_angie_page":false},"product_brand":[],"product_cat":[19443,26888,26191,26818,26265,25842,20986],"product_tag":[],"class_list":{"0":"post-241312","1":"product","2":"type-product","3":"status-publish","4":"has-post-thumbnail","6":"product_cat-bain-et-corps","7":"product_cat-epice","8":"product_cat-gingembre-senteurs-aromes","9":"product_cat-hesperide-agrumes","10":"product_cat-mandarine","11":"product_cat-senteurs-aromes","12":"product_cat-soins-corps","13":"pa_collection-aromatherapy-hand-body-wash-fr","14":"pa_made-in-royaume-uni","15":"pa_size-250ml","17":"first","18":"instock","19":"purchasable","20":"product-type-simple"},"supplier_id":null,"supplier_sku":"AHBW-04","barcode":null,"atum_controlled":true,"out_stock_date":null,"out_stock_threshold":null,"inheritable":false,"inbound_stock":null,"stock_on_hold":0,"sold_today":0,"sales_last_days":0,"reserved_stock":null,"customer_returns":null,"warehouse_damage":null,"lost_in_post":null,"other_logs":null,"out_stock_days":0,"lost_sales":0,"has_location":null,"update_date":"2026-04-27T06:50:01","atum_locations":[],"atum_stock_status":"instock","restock_status":false,"low_stock_amount":"","sales_update_date":"2025-10-09T03:22:59","calc_backorders":null,"_links":{"self":[{"href":"https:\/\/aromasentia.com\/fr\/wp-json\/wp\/v2\/product\/241312","targetHints":{"allow":["GET"]}}],"collection":[{"href":"https:\/\/aromasentia.com\/fr\/wp-json\/wp\/v2\/product"}],"about":[{"href":"https:\/\/aromasentia.com\/fr\/wp-json\/wp\/v2\/types\/product"}],"replies":[{"embeddable":true,"href":"https:\/\/aromasentia.com\/fr\/wp-json\/wp\/v2\/comments?post=241312"}],"version-history":[{"count":0,"href":"https:\/\/aromasentia.com\/fr\/wp-json\/wp\/v2\/product\/241312\/revisions"}],"wp:featuredmedia":[{"embeddable":true,"href":"https:\/\/aromasentia.com\/fr\/wp-json\/wp\/v2\/media\/273283"}],"wp:attachment":[{"href":"https:\/\/aromasentia.com\/fr\/wp-json\/wp\/v2\/media?parent=241312"}],"wp:term":[{"taxonomy":"product_brand","embeddable":true,"href":"https:\/\/aromasentia.com\/fr\/wp-json\/wp\/v2\/product_brand?post=241312"},{"taxonomy":"product_cat","embeddable":true,"href":"https:\/\/aromasentia.com\/fr\/wp-json\/wp\/v2\/product_cat?post=241312"},{"taxonomy":"product_tag","embeddable":true,"href":"https:\/\/aromasentia.com\/fr\/wp-json\/wp\/v2\/product_tag?post=241312"}],"curies":[{"name":"wp","href":"https:\/\/api.w.org\/{rel}","templated":true}]}}