{"id":241308,"date":"2025-03-20T16:19:41","date_gmt":"2025-03-20T16:19:41","guid":{"rendered":"https:\/\/aromasentia.com\/product\/clary-sage-lavender-hand-body-wash-250ml\/"},"modified":"2025-06-23T19:14:15","modified_gmt":"2025-06-23T19:14:15","slug":"nettoyant-mains-et-corps-sauge-sclaree-lavande-250-ml","status":"publish","type":"product","link":"https:\/\/aromasentia.com\/fr\/nettoyant-mains-et-corps-sauge-sclaree-lavande-250-ml\/","title":{"rendered":"Nettoyant Mains et Corps &#8211; Sauge Sclar\u00e9e &#038; Lavande 250 ml"},"content":{"rendered":"<p><strong><span style=\"color: rgb(75, 80, 88);\">Le Nettoyant pour les mains et le corps aromath\u00e9rapie Sauge sclar\u00e9e &amp; Lavande&nbsp;<\/span><\/strong>est un produit luxueux et apaisant con&ccedil;u pour nettoyer et nourrir la peau tout en offrant une exp\u00e9rience apaisante et relaxante.&nbsp;<\/p>\n<p>Ce cosm\u00e9tique est compos\u00e9 d&rsquo;un m\u00e9lange d&rsquo;huiles essentielles qui travaillent ensemble pour cr\u00e9er un parfum unique et stimulant. La sauge sclar\u00e9e est connue pour ses propri\u00e9t\u00e9s calmantes et apaisantes. Il est souvent utilis\u00e9 en aromath\u00e9rapie pour aider \u00e0 r\u00e9duire le stress et favoriser les sensations de relaxation.&nbsp;<\/p>\n<p>La lavande procure un parfum d\u00e9licat et floral \u00e0 la fois apaisant et rafra\u00eechissant. Il est souvent utilis\u00e9 dans les produits de soin pour sa capacit\u00e9 \u00e0 calmer et apaiser la peau. Ce nettoyant pour les mains et le corps mousse facilement et se rince proprement, laissant la peau douce, lisse et rafra\u00eechie.&nbsp;<\/p>\n<p>C&rsquo;est un excellent choix pour ceux qui veulent prendre soin de leur peau tout en profitant des bienfaits th\u00e9rapeutiques des huiles essentielles. Il est parfait pour ceux qui veulent se sentir calmes et d\u00e9tendus et qui veulent profiter d&rsquo;une exp\u00e9rience de type spa dans le confort de leur propre maison.<\/p>\n","protected":false},"excerpt":{"rendered":"<p>Le Nettoyant pour les mains et le corps aromath\u00e9rapie Sauge sclar\u00e9e &amp; Lavande&nbsp;est un produit luxueux et apaisant con&ccedil;u pour nettoyer et nourrir la peau tout en offrant une exp\u00e9rience apaisante et relaxante.&nbsp; Ce cosm\u00e9tique est compos\u00e9 d&rsquo;un m\u00e9lange d&rsquo;huiles essentielles qui travaillent ensemble pour cr\u00e9er un parfum unique et stimulant. La sauge sclar\u00e9e est [&hellip;]<\/p>\n","protected":false},"featured_media":273274,"comment_status":"closed","ping_status":"open","template":"","meta":{"_angie_page":false},"product_brand":[],"product_cat":[19443,26832,26860,26233,26144,25842,20986],"product_tag":[],"class_list":{"0":"post-241308","1":"product","2":"type-product","3":"status-publish","4":"has-post-thumbnail","6":"product_cat-bain-et-corps","7":"product_cat-floral","8":"product_cat-herbes-aromatiques","9":"product_cat-lavande","10":"product_cat-sauge-sclaree","11":"product_cat-senteurs-aromes","12":"product_cat-soins-corps","13":"pa_collection-aromatherapy-hand-body-wash-fr","14":"pa_made-in-royaume-uni","15":"pa_size-250ml","17":"first","18":"instock","19":"purchasable","20":"product-type-simple"},"supplier_id":null,"supplier_sku":"AHBW-06","barcode":null,"atum_controlled":true,"out_stock_date":null,"out_stock_threshold":null,"inheritable":false,"inbound_stock":0,"stock_on_hold":0,"sold_today":0,"sales_last_days":0,"reserved_stock":0,"customer_returns":0,"warehouse_damage":0,"lost_in_post":0,"other_logs":0,"out_stock_days":0,"lost_sales":0,"has_location":false,"update_date":"2026-05-08T05:02:36","atum_locations":[],"atum_stock_status":"instock","restock_status":false,"low_stock_amount":"","sales_update_date":"2026-02-06T00:01:24","calc_backorders":null,"_links":{"self":[{"href":"https:\/\/aromasentia.com\/fr\/wp-json\/wp\/v2\/product\/241308","targetHints":{"allow":["GET"]}}],"collection":[{"href":"https:\/\/aromasentia.com\/fr\/wp-json\/wp\/v2\/product"}],"about":[{"href":"https:\/\/aromasentia.com\/fr\/wp-json\/wp\/v2\/types\/product"}],"replies":[{"embeddable":true,"href":"https:\/\/aromasentia.com\/fr\/wp-json\/wp\/v2\/comments?post=241308"}],"version-history":[{"count":0,"href":"https:\/\/aromasentia.com\/fr\/wp-json\/wp\/v2\/product\/241308\/revisions"}],"wp:featuredmedia":[{"embeddable":true,"href":"https:\/\/aromasentia.com\/fr\/wp-json\/wp\/v2\/media\/273274"}],"wp:attachment":[{"href":"https:\/\/aromasentia.com\/fr\/wp-json\/wp\/v2\/media?parent=241308"}],"wp:term":[{"taxonomy":"product_brand","embeddable":true,"href":"https:\/\/aromasentia.com\/fr\/wp-json\/wp\/v2\/product_brand?post=241308"},{"taxonomy":"product_cat","embeddable":true,"href":"https:\/\/aromasentia.com\/fr\/wp-json\/wp\/v2\/product_cat?post=241308"},{"taxonomy":"product_tag","embeddable":true,"href":"https:\/\/aromasentia.com\/fr\/wp-json\/wp\/v2\/product_tag?post=241308"}],"curies":[{"name":"wp","href":"https:\/\/api.w.org\/{rel}","templated":true}]}}