{"id":241284,"date":"2025-03-20T16:19:41","date_gmt":"2025-03-20T16:19:41","guid":{"rendered":"https:\/\/aromasentia.com\/product\/juniper-lime-spearmint-hand-body-lotion-250ml\/"},"modified":"2025-06-23T19:14:11","modified_gmt":"2025-06-23T19:14:11","slug":"lotion-mains-corps-au-genevrier-au-citron-vert-et-menthe-verte-250-ml","status":"publish","type":"product","link":"https:\/\/aromasentia.com\/fr\/lotion-mains-corps-au-genevrier-au-citron-vert-et-menthe-verte-250-ml\/","title":{"rendered":"Lotion Mains &#038; corps au Gen\u00e9vrier, au Citron vert et Menthe verte 250 ml"},"content":{"rendered":"<p>Ancient Wisdom vente en gros d&rsquo;aromath\u00e9rapie&nbsp;<\/p>\n<p><font color=\"#4b5058\"><b>Lotion \u00e0 base d&rsquo;huile 100% pure et naturelle Gen\u00e9vrier, Citron Vert &amp; Menthe Verte 250 ml&nbsp;<\/b><\/font>sans parfums artificiels. Les huiles essentielles sont utilis\u00e9es en cosm\u00e9tologie depuis l&rsquo;Antiquit\u00e9. Non seulement \u00e0 cause de leur parfum, mais aussi de leurs propri\u00e9t\u00e9s de soin de la peau.&nbsp;<\/p>\n<p>Comment la lotion \u00e0 base d&rsquo;huile agit-elle sur la peau ?&nbsp;<\/p>\n<p>&bull; ont des propri\u00e9t\u00e9s anti-inflammatoires, antibact\u00e9riennes, antifongiques et antiseptiques&nbsp;<\/p>\n<p>&bull; am\u00e9liorer la fermet\u00e9 et l&rsquo;\u00e9lasticit\u00e9 de la peau&nbsp;<\/p>\n<p>&bull; apaiser l&rsquo;inflammation&nbsp;<\/p>\n<p>&bull; uniformiser et lisser la structure de la peau&nbsp;<\/p>\n<p>&bull; gr\u00e2ce \u00e0 leurs propri\u00e9t\u00e9s antioxydantes et r\u00e9g\u00e9n\u00e9rantes, ils ralentissent le processus de vieillissement de la peau&nbsp;<\/p>\n<p>&bull; r\u00e9guler le niveau de s\u00e9bum&nbsp;<\/p>\n<p>&bull; \u00e9claircir les cicatrices et la d\u00e9coloration&nbsp;<\/p>\n<p>&bull; renforcer les capillaires&nbsp;<\/p>\n<p>&bull; apaiser les d\u00e9mangeaisons&nbsp;<\/p>\n<p>Mode d&#8217;emploi : Appliquer quotidiennement sur une peau propre pour une hydratation instantan\u00e9e.&nbsp;<\/p>\n<p><strong><span style=\"color: rgb(75, 80, 88);\">Vendu en boite de 4 * Fabriqu\u00e9 en Angleterre * Flacon en verre&nbsp;<\/span><\/strong><\/p>\n<p><strong><span style=\"color: rgb(75, 80, 88);\">ambr\u00e9 *<\/span><\/strong><\/p>\n<p><strong><span style=\"color: rgb(141, 186, 216);\">&nbsp;Sans parfums artificiels Achetez maintenant et amenez vos clients \u00e0 un niveau sup\u00e9rieur d&rsquo;utilisation des huiles naturelles&nbsp;<\/span><\/strong>?<\/p>\n","protected":false},"excerpt":{"rendered":"<p>Ancient Wisdom vente en gros d&rsquo;aromath\u00e9rapie&nbsp; Lotion \u00e0 base d&rsquo;huile 100% pure et naturelle Gen\u00e9vrier, Citron Vert &amp; Menthe Verte 250 ml&nbsp;sans parfums artificiels. Les huiles essentielles sont utilis\u00e9es en cosm\u00e9tologie depuis l&rsquo;Antiquit\u00e9. Non seulement \u00e0 cause de leur parfum, mais aussi de leurs propri\u00e9t\u00e9s de soin de la peau.&nbsp; Comment la lotion \u00e0 base [&hellip;]<\/p>\n","protected":false},"featured_media":273220,"comment_status":"closed","ping_status":"open","template":"","meta":[],"product_brand":[27075],"product_cat":[19443,26259,26818,26391,26874,25842,20986],"product_tag":[],"class_list":{"0":"post-241284","1":"product","2":"type-product","3":"status-publish","4":"has-post-thumbnail","6":"product_brand-aw-cosmetics","7":"product_cat-bain-et-corps","8":"product_cat-citron-vert","9":"product_cat-hesperide-agrumes","10":"product_cat-menthe-verte","11":"product_cat-menthole","12":"product_cat-senteurs-aromes","13":"product_cat-soins-corps","14":"pa_collection-aromatherapy-hand-body-lotion-fr","15":"pa_made-in-royaume-uni","16":"pa_size-250ml","18":"first","19":"instock","20":"purchasable","21":"product-type-simple"},"supplier_id":null,"supplier_sku":"AHBL-01","barcode":null,"atum_controlled":true,"out_stock_date":null,"out_stock_threshold":null,"inheritable":false,"inbound_stock":null,"stock_on_hold":0,"sold_today":0,"sales_last_days":0,"reserved_stock":null,"customer_returns":null,"warehouse_damage":null,"lost_in_post":null,"other_logs":null,"out_stock_days":0,"lost_sales":0,"has_location":null,"update_date":"2026-02-06T00:01:30","atum_locations":[],"atum_stock_status":"instock","restock_status":false,"low_stock_amount":"","sales_update_date":"2026-02-06T00:01:30","calc_backorders":null,"_links":{"self":[{"href":"https:\/\/aromasentia.com\/fr\/wp-json\/wp\/v2\/product\/241284","targetHints":{"allow":["GET"]}}],"collection":[{"href":"https:\/\/aromasentia.com\/fr\/wp-json\/wp\/v2\/product"}],"about":[{"href":"https:\/\/aromasentia.com\/fr\/wp-json\/wp\/v2\/types\/product"}],"replies":[{"embeddable":true,"href":"https:\/\/aromasentia.com\/fr\/wp-json\/wp\/v2\/comments?post=241284"}],"version-history":[{"count":0,"href":"https:\/\/aromasentia.com\/fr\/wp-json\/wp\/v2\/product\/241284\/revisions"}],"wp:featuredmedia":[{"embeddable":true,"href":"https:\/\/aromasentia.com\/fr\/wp-json\/wp\/v2\/media\/273220"}],"wp:attachment":[{"href":"https:\/\/aromasentia.com\/fr\/wp-json\/wp\/v2\/media?parent=241284"}],"wp:term":[{"taxonomy":"product_brand","embeddable":true,"href":"https:\/\/aromasentia.com\/fr\/wp-json\/wp\/v2\/product_brand?post=241284"},{"taxonomy":"product_cat","embeddable":true,"href":"https:\/\/aromasentia.com\/fr\/wp-json\/wp\/v2\/product_cat?post=241284"},{"taxonomy":"product_tag","embeddable":true,"href":"https:\/\/aromasentia.com\/fr\/wp-json\/wp\/v2\/product_tag?post=241284"}],"curies":[{"name":"wp","href":"https:\/\/api.w.org\/{rel}","templated":true}]}}