{"id":241224,"date":"2025-03-20T16:20:34","date_gmt":"2025-03-20T16:20:34","guid":{"rendered":"https:\/\/aromasentia.com\/product\/rosehip-olive-oil-soap\/"},"modified":"2025-06-23T19:14:03","modified_gmt":"2025-06-23T19:14:03","slug":"rose-musquee-savon-a-lhuile-dolive","status":"publish","type":"product","link":"https:\/\/aromasentia.com\/fr\/rose-musquee-savon-a-lhuile-dolive\/","title":{"rendered":"Rose musqu\u00e9e &#8211; Savon \u00e0 l&rsquo;huile d&rsquo;olive"},"content":{"rendered":"<p>Le fruit de la Rosa Canina est super riche en vitamines et min\u00e9raux, surtout en vitamines A, C et E, en flavono\u00efdes et autres compos\u00e9s bioactifs. C&rsquo;est aussi une bonne source d&rsquo;acides gras essentiels, ce qui est assez rare pour un fruit. L&rsquo;huile de rose musqu\u00e9e aide \u00e0 tonifier et raffermir la peau, elle uniformise le teint et son parfum d\u00e9licieux aide \u00e0 se d\u00e9tendre. Les savons artisanaux sont faits \u00e0 la main, selon une m\u00e9thode traditionnelle \u00e0 froid. Ils ne sont pas seulement jolis, ils sont aussi super utiles, de plein de fa\u00e7ons. Ils sont faits pour \u00eatre bons pour toi et pour l&rsquo;environnement. Chaque savon poss\u00e8de des propri\u00e9t\u00e9s particuli\u00e8res li\u00e9es aux huiles essentielles et aux autres ingr\u00e9dients naturels qu&rsquo;il contient. Le processus de fabrication \u00e0 froid pr\u00e9serve les vitamines, les min\u00e9raux et les enzymes des ingr\u00e9dients naturels de premi\u00e8re qualit\u00e9.&nbsp;<\/p>\n<p>Fabriqu\u00e9s \u00e0 partir d&rsquo;huiles v\u00e9g\u00e9tales, les savons artisanaux offrent une option plus saine pour le bain et les soins de la peau en g\u00e9n\u00e9ral.<\/p>\n","protected":false},"excerpt":{"rendered":"<p>Le fruit de la Rosa Canina est super riche en vitamines et min\u00e9raux, surtout en vitamines A, C et E, en flavono\u00efdes et autres compos\u00e9s bioactifs. C&rsquo;est aussi une bonne source d&rsquo;acides gras essentiels, ce qui est assez rare pour un fruit. L&rsquo;huile de rose musqu\u00e9e aide \u00e0 tonifier et raffermir la peau, elle uniformise [&hellip;]<\/p>\n","protected":false},"featured_media":273605,"comment_status":"closed","ping_status":"open","template":"","meta":{"_angie_page":false},"product_brand":[],"product_cat":[19443,26483,20586,25842,26825],"product_tag":[],"class_list":{"0":"post-241224","1":"product","2":"type-product","3":"status-publish","4":"has-post-thumbnail","6":"product_cat-bain-et-corps","7":"product_cat-cynorrhodon","8":"product_cat-savons-bio-naturels","9":"product_cat-senteurs-aromes","10":"product_cat-terreux-vert","11":"pa_collection-artisan-olive-oil-soaps-1-25kg-and-slices-fr","12":"pa_made-in-espagne","14":"first","15":"instock","16":"purchasable","17":"product-type-simple"},"supplier_id":null,"supplier_sku":"ArtS-05L","barcode":null,"atum_controlled":true,"out_stock_date":null,"out_stock_threshold":null,"inheritable":false,"inbound_stock":null,"stock_on_hold":0,"sold_today":0,"sales_last_days":0,"reserved_stock":null,"customer_returns":null,"warehouse_damage":null,"lost_in_post":null,"other_logs":null,"out_stock_days":0,"lost_sales":0,"has_location":null,"update_date":"2026-05-11T01:55:49","atum_locations":[],"atum_stock_status":"instock","restock_status":false,"low_stock_amount":"","sales_update_date":"2025-10-09T03:23:42","calc_backorders":null,"_links":{"self":[{"href":"https:\/\/aromasentia.com\/fr\/wp-json\/wp\/v2\/product\/241224","targetHints":{"allow":["GET"]}}],"collection":[{"href":"https:\/\/aromasentia.com\/fr\/wp-json\/wp\/v2\/product"}],"about":[{"href":"https:\/\/aromasentia.com\/fr\/wp-json\/wp\/v2\/types\/product"}],"replies":[{"embeddable":true,"href":"https:\/\/aromasentia.com\/fr\/wp-json\/wp\/v2\/comments?post=241224"}],"version-history":[{"count":0,"href":"https:\/\/aromasentia.com\/fr\/wp-json\/wp\/v2\/product\/241224\/revisions"}],"wp:featuredmedia":[{"embeddable":true,"href":"https:\/\/aromasentia.com\/fr\/wp-json\/wp\/v2\/media\/273605"}],"wp:attachment":[{"href":"https:\/\/aromasentia.com\/fr\/wp-json\/wp\/v2\/media?parent=241224"}],"wp:term":[{"taxonomy":"product_brand","embeddable":true,"href":"https:\/\/aromasentia.com\/fr\/wp-json\/wp\/v2\/product_brand?post=241224"},{"taxonomy":"product_cat","embeddable":true,"href":"https:\/\/aromasentia.com\/fr\/wp-json\/wp\/v2\/product_cat?post=241224"},{"taxonomy":"product_tag","embeddable":true,"href":"https:\/\/aromasentia.com\/fr\/wp-json\/wp\/v2\/product_tag?post=241224"}],"curies":[{"name":"wp","href":"https:\/\/api.w.org\/{rel}","templated":true}]}}