{"id":241220,"date":"2025-03-20T16:20:34","date_gmt":"2025-03-20T16:20:34","guid":{"rendered":"https:\/\/aromasentia.com\/product\/cinnamon-orange-olive-oil-soap\/"},"modified":"2025-06-23T19:14:03","modified_gmt":"2025-06-23T19:14:03","slug":"cannelle-orange-savon-a-lhuile-dolive","status":"publish","type":"product","link":"https:\/\/aromasentia.com\/fr\/cannelle-orange-savon-a-lhuile-dolive\/","title":{"rendered":"Cannelle &#038; Orange &#8211; Savon \u00e0 l&rsquo;huile d&rsquo;olive"},"content":{"rendered":"<p>Ce savon contient de la cannelle moulue qui exfolie, apaise et revitalise la peau. L&rsquo;orange calme la peau et lui apporte hydratation et vitamine C pr\u00e9cieuse.<\/p>\n<p>Les savons artisanaux sont fabriqu\u00e9s \u00e0 la main selon une m\u00e9thode traditionnelle \u00e0 froid. Ils ne sont pas seulement jolis, ils sont aussi super utiles, de plein de fa\u00e7ons. Ils sont faits pour \u00eatre bons pour toi et pour l&rsquo;environnement. Chaque savon a des propri\u00e9t\u00e9s sp\u00e9ciales li\u00e9es aux huiles essentielles et aux autres ingr\u00e9dients naturels qu&rsquo;il contient. La fabrication \u00e0 froid pr\u00e9serve les vitamines, les min\u00e9raux et les enzymes des ingr\u00e9dients naturels de premi\u00e8re qualit\u00e9.&nbsp;<\/p>\n<p>Fabriqu\u00e9s \u00e0 partir d&rsquo;huiles v\u00e9g\u00e9tales, les savons artisanaux offrent une option plus saine pour le bain et les soins de la peau en g\u00e9n\u00e9ral.<\/p>\n","protected":false},"excerpt":{"rendered":"<p>Ce savon contient de la cannelle moulue qui exfolie, apaise et revitalise la peau. L&rsquo;orange calme la peau et lui apporte hydratation et vitamine C pr\u00e9cieuse. Les savons artisanaux sont fabriqu\u00e9s \u00e0 la main selon une m\u00e9thode traditionnelle \u00e0 froid. Ils ne sont pas seulement jolis, ils sont aussi super utiles, de plein de fa\u00e7ons. [&hellip;]<\/p>\n","protected":false},"featured_media":273572,"comment_status":"closed","ping_status":"open","template":"","meta":{"_angie_page":false},"product_brand":[],"product_cat":[19443,26135,26888,26818,26307,20586,25842],"product_tag":[],"class_list":{"0":"post-241220","1":"product","2":"type-product","3":"status-publish","4":"has-post-thumbnail","6":"product_cat-bain-et-corps","7":"product_cat-cannelle","8":"product_cat-epice","9":"product_cat-hesperide-agrumes","10":"product_cat-orange","11":"product_cat-savons-bio-naturels","12":"product_cat-senteurs-aromes","13":"pa_collection-artisan-olive-oil-soaps-1-25kg-and-slices-fr","14":"pa_made-in-espagne","16":"first","17":"instock","18":"purchasable","19":"product-type-simple"},"supplier_id":null,"supplier_sku":"ArtS-04L","barcode":null,"atum_controlled":true,"out_stock_date":null,"out_stock_threshold":null,"inheritable":false,"inbound_stock":null,"stock_on_hold":0,"sold_today":0,"sales_last_days":0,"reserved_stock":null,"customer_returns":null,"warehouse_damage":null,"lost_in_post":null,"other_logs":null,"out_stock_days":0,"lost_sales":0,"has_location":null,"update_date":"2026-04-27T06:51:07","atum_locations":[],"atum_stock_status":"instock","restock_status":false,"low_stock_amount":"","sales_update_date":"2025-10-09T03:23:39","calc_backorders":null,"_links":{"self":[{"href":"https:\/\/aromasentia.com\/fr\/wp-json\/wp\/v2\/product\/241220","targetHints":{"allow":["GET"]}}],"collection":[{"href":"https:\/\/aromasentia.com\/fr\/wp-json\/wp\/v2\/product"}],"about":[{"href":"https:\/\/aromasentia.com\/fr\/wp-json\/wp\/v2\/types\/product"}],"replies":[{"embeddable":true,"href":"https:\/\/aromasentia.com\/fr\/wp-json\/wp\/v2\/comments?post=241220"}],"version-history":[{"count":0,"href":"https:\/\/aromasentia.com\/fr\/wp-json\/wp\/v2\/product\/241220\/revisions"}],"wp:featuredmedia":[{"embeddable":true,"href":"https:\/\/aromasentia.com\/fr\/wp-json\/wp\/v2\/media\/273572"}],"wp:attachment":[{"href":"https:\/\/aromasentia.com\/fr\/wp-json\/wp\/v2\/media?parent=241220"}],"wp:term":[{"taxonomy":"product_brand","embeddable":true,"href":"https:\/\/aromasentia.com\/fr\/wp-json\/wp\/v2\/product_brand?post=241220"},{"taxonomy":"product_cat","embeddable":true,"href":"https:\/\/aromasentia.com\/fr\/wp-json\/wp\/v2\/product_cat?post=241220"},{"taxonomy":"product_tag","embeddable":true,"href":"https:\/\/aromasentia.com\/fr\/wp-json\/wp\/v2\/product_tag?post=241220"}],"curies":[{"name":"wp","href":"https:\/\/api.w.org\/{rel}","templated":true}]}}