{"id":241208,"date":"2025-03-20T16:20:34","date_gmt":"2025-03-20T16:20:34","guid":{"rendered":"https:\/\/aromasentia.com\/product\/aromatherapy-shower-steamer-80g-post-workout\/"},"modified":"2025-06-23T19:14:01","modified_gmt":"2025-06-23T19:14:01","slug":"galets-de-douche-aromatherapie-70g-post-workout","status":"publish","type":"product","link":"https:\/\/aromasentia.com\/fr\/galets-de-douche-aromatherapie-70g-post-workout\/","title":{"rendered":"Galets de Douche Aromath\u00e9rapie 70g &#8211; Post-Workout"},"content":{"rendered":"<p><span style=\"color: rgb(141, 186, 216);\"><strong>NOUVEL emballage &#8211; CARTON de 16 Galets de Douche !&nbsp;<\/strong><\/span><\/p>\n<p><strong><span style=\"color: rgb(75, 80, 88);\">Galets de Douche \u00ab\u00a0Apr\u00e8s l&rsquo;effort\u00a0\u00bb<\/span><\/strong><\/p>\n<p>Con&ccedil;u comme une bombe de bain pour la douche&#8230; il suffit de le mettre dans la base de votre douche pour obtenir une ambiance aromatique de type spa.&nbsp;<\/p>\n<p>Maintenant, m\u00eame ceux qui n&rsquo;ont pas de bain sont toujours vos clients. Alors prenez soin d&rsquo;eux et apportez un luxe dans leurs maisons.<\/p>\n<p>Les Galets de Douche 70g &#8211; Post-Workout cr\u00e9era un affichage parfum\u00e9 et attrayant exceptionnel. C&rsquo;est un cadeau agr\u00e9able et id\u00e9al comme faveurs de mariage ou pour la douche de b\u00e9b\u00e9 \ud83d\ude42&nbsp;<\/p>\n<p>Chaque parfum est con&ccedil;u pour une raison diff\u00e9rente de prendre une douche &#8211; Post-entra\u00eenement avec pamplemousse, citron vert et sel casher.&nbsp;<\/p>\n<p><strong><span style=\"color: rgb(141, 186, 216);\">Rafra\u00eechissez vos clients et vos ventes aujourd&rsquo;hui. Faites le plein maintenant.<\/span><\/strong><\/p>\n","protected":false},"excerpt":{"rendered":"<p>NOUVEL emballage &#8211; CARTON de 16 Galets de Douche !&nbsp; Galets de Douche \u00ab\u00a0Apr\u00e8s l&rsquo;effort\u00a0\u00bb Con&ccedil;u comme une bombe de bain pour la douche&#8230; il suffit de le mettre dans la base de votre douche pour obtenir une ambiance aromatique de type spa.&nbsp; Maintenant, m\u00eame ceux qui n&rsquo;ont pas de bain sont toujours vos clients. [&hellip;]<\/p>\n","protected":false},"featured_media":273505,"comment_status":"closed","ping_status":"open","template":"","meta":{"_angie_page":false},"product_brand":[],"product_cat":[19443,20507],"product_tag":[],"class_list":{"0":"post-241208","1":"product","2":"type-product","3":"status-publish","4":"has-post-thumbnail","6":"product_cat-bain-et-corps","7":"product_cat-boules-bombes-de-bain","8":"pa_collection-aromatherapy-shower-steamers-fr","9":"pa_made-in-royaume-uni","10":"pa_size-80g","12":"first","13":"instock","14":"purchasable","15":"product-type-simple"},"supplier_id":null,"supplier_sku":"AROSS-02a","barcode":null,"atum_controlled":true,"out_stock_date":null,"out_stock_threshold":null,"inheritable":false,"inbound_stock":null,"stock_on_hold":0,"sold_today":0,"sales_last_days":0,"reserved_stock":null,"customer_returns":null,"warehouse_damage":null,"lost_in_post":null,"other_logs":null,"out_stock_days":0,"lost_sales":0,"has_location":null,"update_date":"2026-05-11T01:55:49","atum_locations":[],"atum_stock_status":"instock","restock_status":false,"low_stock_amount":"","sales_update_date":"2025-10-09T03:23:29","calc_backorders":null,"_links":{"self":[{"href":"https:\/\/aromasentia.com\/fr\/wp-json\/wp\/v2\/product\/241208","targetHints":{"allow":["GET"]}}],"collection":[{"href":"https:\/\/aromasentia.com\/fr\/wp-json\/wp\/v2\/product"}],"about":[{"href":"https:\/\/aromasentia.com\/fr\/wp-json\/wp\/v2\/types\/product"}],"replies":[{"embeddable":true,"href":"https:\/\/aromasentia.com\/fr\/wp-json\/wp\/v2\/comments?post=241208"}],"version-history":[{"count":0,"href":"https:\/\/aromasentia.com\/fr\/wp-json\/wp\/v2\/product\/241208\/revisions"}],"wp:featuredmedia":[{"embeddable":true,"href":"https:\/\/aromasentia.com\/fr\/wp-json\/wp\/v2\/media\/273505"}],"wp:attachment":[{"href":"https:\/\/aromasentia.com\/fr\/wp-json\/wp\/v2\/media?parent=241208"}],"wp:term":[{"taxonomy":"product_brand","embeddable":true,"href":"https:\/\/aromasentia.com\/fr\/wp-json\/wp\/v2\/product_brand?post=241208"},{"taxonomy":"product_cat","embeddable":true,"href":"https:\/\/aromasentia.com\/fr\/wp-json\/wp\/v2\/product_cat?post=241208"},{"taxonomy":"product_tag","embeddable":true,"href":"https:\/\/aromasentia.com\/fr\/wp-json\/wp\/v2\/product_tag?post=241208"}],"curies":[{"name":"wp","href":"https:\/\/api.w.org\/{rel}","templated":true}]}}