{"id":241196,"date":"2025-03-20T16:21:52","date_gmt":"2025-03-20T16:21:52","guid":{"rendered":"https:\/\/aromasentia.com\/product\/cinnamon-olive-oil-soap-slice\/"},"modified":"2025-06-23T19:13:58","modified_gmt":"2025-06-23T19:13:58","slug":"cannelle-tranche-de-savon-a-lhuile-dolive","status":"publish","type":"product","link":"https:\/\/aromasentia.com\/fr\/cannelle-tranche-de-savon-a-lhuile-dolive\/","title":{"rendered":"Cannelle &#8211; Tranche de savon \u00e0 l&rsquo;huile d&rsquo;olive"},"content":{"rendered":"<p><strong>Aroma Sentia-ping Cannelle&nbsp;<\/strong><strong>&#8211; Savon \u00e0 l&rsquo;huile d&rsquo;olive&nbsp;<\/strong>est un savon d\u00e9licieusement parfum\u00e9 qui adoucit la peau et peut aider \u00e0 \u00e9liminer les zones s\u00e8ches, \u00e0 lutter contre les impuret\u00e9s et \u00e0 hydrater, adoucir et prot\u00e9ger votre peau, la laissant douce et ferme.&nbsp;<\/p>\n<p>Les savons \u00e0 l&rsquo;huile d&rsquo;olive ont \u00e9t\u00e9 l&rsquo;un des premiers savons v\u00e9g\u00e9taux. Ils sont fabriqu\u00e9s \u00e0 la main selon une m\u00e9thode traditionnelle \u00e0 froid et ne contiennent ni SLS ni parab\u00e8nes. Les graisses naturelles peuvent aider \u00e0 prot\u00e9ger, am\u00e9liorer le teint, la douceur et la jeunesse de la peau gr\u00e2ce \u00e0 l&rsquo;action restructurante de l&rsquo;huile.&nbsp;<\/p>\n<p><\/p>\n<p>Les savons en pain sont vendus emball\u00e9s dans du papier cir\u00e9 avec une \u00e9tiquette indiquant les ingr\u00e9dients et p\u00e8sent environ&nbsp;100 g.&nbsp;<\/p>\n<p><strong>REMARQUE :<\/strong> nos savons sont fabriqu\u00e9s \u00e0 la main et leur couleur ou leur motif peuvent l\u00e9g\u00e8rement varier par rapport aux photos pr\u00e9sent\u00e9es.&nbsp;<\/p>\n","protected":false},"excerpt":{"rendered":"<p>Aroma Sentia-ping Cannelle&nbsp;&#8211; Savon \u00e0 l&rsquo;huile d&rsquo;olive&nbsp;est un savon d\u00e9licieusement parfum\u00e9 qui adoucit la peau et peut aider \u00e0 \u00e9liminer les zones s\u00e8ches, \u00e0 lutter contre les impuret\u00e9s et \u00e0 hydrater, adoucir et prot\u00e9ger votre peau, la laissant douce et ferme.&nbsp; Les savons \u00e0 l&rsquo;huile d&rsquo;olive ont \u00e9t\u00e9 l&rsquo;un des premiers savons v\u00e9g\u00e9taux. Ils sont [&hellip;]<\/p>\n","protected":false},"featured_media":274598,"comment_status":"closed","ping_status":"open","template":"","meta":{"_angie_page":false},"product_brand":[],"product_cat":[19443,26135,26888,20586,25842],"product_tag":[],"class_list":{"0":"post-241196","1":"product","2":"type-product","3":"status-publish","4":"has-post-thumbnail","6":"product_cat-bain-et-corps","7":"product_cat-cannelle","8":"product_cat-epice","9":"product_cat-savons-bio-naturels","10":"product_cat-senteurs-aromes","11":"pa_collection-artisan-olive-oil-soaps-1-25kg-and-slices-fr","12":"pa_made-in-espagne","14":"first","15":"instock","16":"purchasable","17":"product-type-simple"},"supplier_id":null,"supplier_sku":"ArtS-23S","barcode":null,"atum_controlled":true,"out_stock_date":null,"out_stock_threshold":null,"inheritable":false,"inbound_stock":null,"stock_on_hold":0,"sold_today":0,"sales_last_days":0,"reserved_stock":null,"customer_returns":null,"warehouse_damage":null,"lost_in_post":null,"other_logs":null,"out_stock_days":0,"lost_sales":0,"has_location":null,"update_date":"2026-04-29T06:54:08","atum_locations":[],"atum_stock_status":"instock","restock_status":false,"low_stock_amount":"","sales_update_date":"2025-10-09T03:23:45","calc_backorders":null,"_links":{"self":[{"href":"https:\/\/aromasentia.com\/fr\/wp-json\/wp\/v2\/product\/241196","targetHints":{"allow":["GET"]}}],"collection":[{"href":"https:\/\/aromasentia.com\/fr\/wp-json\/wp\/v2\/product"}],"about":[{"href":"https:\/\/aromasentia.com\/fr\/wp-json\/wp\/v2\/types\/product"}],"replies":[{"embeddable":true,"href":"https:\/\/aromasentia.com\/fr\/wp-json\/wp\/v2\/comments?post=241196"}],"version-history":[{"count":0,"href":"https:\/\/aromasentia.com\/fr\/wp-json\/wp\/v2\/product\/241196\/revisions"}],"wp:featuredmedia":[{"embeddable":true,"href":"https:\/\/aromasentia.com\/fr\/wp-json\/wp\/v2\/media\/274598"}],"wp:attachment":[{"href":"https:\/\/aromasentia.com\/fr\/wp-json\/wp\/v2\/media?parent=241196"}],"wp:term":[{"taxonomy":"product_brand","embeddable":true,"href":"https:\/\/aromasentia.com\/fr\/wp-json\/wp\/v2\/product_brand?post=241196"},{"taxonomy":"product_cat","embeddable":true,"href":"https:\/\/aromasentia.com\/fr\/wp-json\/wp\/v2\/product_cat?post=241196"},{"taxonomy":"product_tag","embeddable":true,"href":"https:\/\/aromasentia.com\/fr\/wp-json\/wp\/v2\/product_tag?post=241196"}],"curies":[{"name":"wp","href":"https:\/\/api.w.org\/{rel}","templated":true}]}}