{"id":241148,"date":"2025-03-20T16:21:52","date_gmt":"2025-03-20T16:21:52","guid":{"rendered":"https:\/\/aromasentia.com\/product\/green-tea-olive-oil-soap-slice\/"},"modified":"2025-06-23T19:13:52","modified_gmt":"2025-06-23T19:13:52","slug":"the-vert-tranche-de-savon-a-lhuile-dolive","status":"publish","type":"product","link":"https:\/\/aromasentia.com\/fr\/the-vert-tranche-de-savon-a-lhuile-dolive\/","title":{"rendered":"Th\u00e9 vert &#8211; Tranche de savon \u00e0 l&rsquo;huile d&rsquo;olive"},"content":{"rendered":"<p>Les extraits de th\u00e9 vert contenus dans le savon en tranche <strong>Aroma Sentia-ping Green Tea &#8211; Olive Oil Soap Slice<\/strong> sont riches en antioxydants et peuvent donc retarder le vieillissement de la peau et pr\u00e9venir les rides. Le savon a aussi des propri\u00e9t\u00e9s antibact\u00e9riennes et on dit qu&rsquo;il apaise les irritations cutan\u00e9es et aide \u00e0 pr\u00e9venir l&rsquo;acn\u00e9. Les feuilles de th\u00e9 contenues dans le savon aident \u00e0 exfolier et \u00e0 nettoyer la peau, tandis que les extraits d&rsquo;huile d&rsquo;olive la laissent fra\u00eeche et hydrat\u00e9e. Les savons \u00e0 l&rsquo;huile d&rsquo;olive ont \u00e9t\u00e9 parmi les premiers savons v\u00e9g\u00e9taux. Ils sont faits \u00e0 la main selon une m\u00e9thode traditionnelle \u00e0 froid et ne contiennent ni SLS ni parab\u00e8nes. Les graisses naturelles peuvent aider \u00e0 prot\u00e9ger, am\u00e9liorer le teint, la douceur et la jeunesse de la peau gr\u00e2ce \u00e0 l&rsquo;action restructurante de l&rsquo;huile.&nbsp;<\/p>\n<p><\/p>\n<p>Les savons sont vendus emball\u00e9s dans du papier cir\u00e9 avec une \u00e9tiquette indiquant les ingr\u00e9dients et p\u00e8sent environ 110 g.&nbsp;<\/p>\n<p><strong>REMARQUE :<\/strong> nos savons sont fabriqu\u00e9s \u00e0 la main et leur couleur ou leur design peuvent l\u00e9g\u00e8rement varier par rapport aux photos pr\u00e9sent\u00e9es.&nbsp;<\/p>\n","protected":false},"excerpt":{"rendered":"<p>Les extraits de th\u00e9 vert contenus dans le savon en tranche Aroma Sentia-ping Green Tea &#8211; Olive Oil Soap Slice sont riches en antioxydants et peuvent donc retarder le vieillissement de la peau et pr\u00e9venir les rides. Le savon a aussi des propri\u00e9t\u00e9s antibact\u00e9riennes et on dit qu&rsquo;il apaise les irritations cutan\u00e9es et aide \u00e0 [&hellip;]<\/p>\n","protected":false},"featured_media":274194,"comment_status":"closed","ping_status":"open","template":"","meta":{"_angie_page":false},"product_brand":[],"product_cat":[19443,20586],"product_tag":[],"class_list":{"0":"post-241148","1":"product","2":"type-product","3":"status-publish","4":"has-post-thumbnail","6":"product_cat-bain-et-corps","7":"product_cat-savons-bio-naturels","8":"pa_collection-artisan-olive-oil-soaps-1-25kg-and-slices-fr","9":"pa_made-in-espagne","11":"first","12":"instock","13":"purchasable","14":"product-type-simple"},"supplier_id":null,"supplier_sku":"ArtS-10S","barcode":null,"atum_controlled":true,"out_stock_date":null,"out_stock_threshold":null,"inheritable":false,"inbound_stock":0,"stock_on_hold":0,"sold_today":0,"sales_last_days":0,"reserved_stock":0,"customer_returns":0,"warehouse_damage":0,"lost_in_post":0,"other_logs":0,"out_stock_days":0,"lost_sales":0,"has_location":false,"update_date":"2026-05-04T00:02:49","atum_locations":[],"atum_stock_status":"instock","restock_status":false,"low_stock_amount":"","sales_update_date":"2025-10-09T03:23:41","calc_backorders":null,"_links":{"self":[{"href":"https:\/\/aromasentia.com\/fr\/wp-json\/wp\/v2\/product\/241148","targetHints":{"allow":["GET"]}}],"collection":[{"href":"https:\/\/aromasentia.com\/fr\/wp-json\/wp\/v2\/product"}],"about":[{"href":"https:\/\/aromasentia.com\/fr\/wp-json\/wp\/v2\/types\/product"}],"replies":[{"embeddable":true,"href":"https:\/\/aromasentia.com\/fr\/wp-json\/wp\/v2\/comments?post=241148"}],"version-history":[{"count":0,"href":"https:\/\/aromasentia.com\/fr\/wp-json\/wp\/v2\/product\/241148\/revisions"}],"wp:featuredmedia":[{"embeddable":true,"href":"https:\/\/aromasentia.com\/fr\/wp-json\/wp\/v2\/media\/274194"}],"wp:attachment":[{"href":"https:\/\/aromasentia.com\/fr\/wp-json\/wp\/v2\/media?parent=241148"}],"wp:term":[{"taxonomy":"product_brand","embeddable":true,"href":"https:\/\/aromasentia.com\/fr\/wp-json\/wp\/v2\/product_brand?post=241148"},{"taxonomy":"product_cat","embeddable":true,"href":"https:\/\/aromasentia.com\/fr\/wp-json\/wp\/v2\/product_cat?post=241148"},{"taxonomy":"product_tag","embeddable":true,"href":"https:\/\/aromasentia.com\/fr\/wp-json\/wp\/v2\/product_tag?post=241148"}],"curies":[{"name":"wp","href":"https:\/\/api.w.org\/{rel}","templated":true}]}}