{"id":241128,"date":"2025-03-20T16:21:52","date_gmt":"2025-03-20T16:21:52","guid":{"rendered":"https:\/\/aromasentia.com\/product\/cinnamon-orange-olive-oil-soap-slice\/"},"modified":"2025-06-23T19:13:49","modified_gmt":"2025-06-23T19:13:49","slug":"cannelle-et-orange-tranche-de-savon-a-lhuile-dolive","status":"publish","type":"product","link":"https:\/\/aromasentia.com\/fr\/cannelle-et-orange-tranche-de-savon-a-lhuile-dolive\/","title":{"rendered":"Cannelle et orange &#8211; Tranche de savon \u00e0 l&rsquo;huile d&rsquo;olive"},"content":{"rendered":"<p>Ce savon en tranche <strong>Aroma Sentia-ping Cannelle &#038; Orange &#8211; Huile d&rsquo;olive<\/strong> contient de la cannelle moulue, qui exfolie, apaise et revitalise la peau. L&rsquo;orange peut aider \u00e0 apaiser la peau et \u00e0 lui apporter hydratation et vitamine C pr\u00e9cieuse. Les savons \u00e0 l&rsquo;huile d&rsquo;olive ont \u00e9t\u00e9 parmi les premiers savons v\u00e9g\u00e9taux. Ils sont fabriqu\u00e9s \u00e0 la main selon une m\u00e9thode traditionnelle \u00e0 froid et sont \u00e9galement sans SLS ni parab\u00e8nes. Les graisses naturelles peuvent aider \u00e0 prot\u00e9ger, am\u00e9liorer le teint, la douceur et la jeunesse de la peau gr\u00e2ce \u00e0 l&rsquo;action restructurante de l&rsquo;huile.&nbsp;<\/p>\n<p><\/p>\n<p>Les savons en tranche sont vendus emball\u00e9s dans du papier cir\u00e9 avec une \u00e9tiquette indiquant les ingr\u00e9dients et p\u00e8sent environ 110 g.&nbsp;<\/p>\n<p><strong>REMARQUE :<\/strong> nos savons sont fabriqu\u00e9s \u00e0 la main et leur couleur ou leur design peuvent l\u00e9g\u00e8rement varier par rapport aux photos pr\u00e9sent\u00e9es.&nbsp;<\/p>\n","protected":false},"excerpt":{"rendered":"<p>Ce savon en tranche Aroma Sentia-ping Cannelle &#038; Orange &#8211; Huile d&rsquo;olive contient de la cannelle moulue, qui exfolie, apaise et revitalise la peau. L&rsquo;orange peut aider \u00e0 apaiser la peau et \u00e0 lui apporter hydratation et vitamine C pr\u00e9cieuse. Les savons \u00e0 l&rsquo;huile d&rsquo;olive ont \u00e9t\u00e9 parmi les premiers savons v\u00e9g\u00e9taux. Ils sont fabriqu\u00e9s [&hellip;]<\/p>\n","protected":false},"featured_media":274021,"comment_status":"closed","ping_status":"open","template":"","meta":{"_angie_page":false},"product_brand":[],"product_cat":[19443,26135,26888,26818,26307,20586,25842],"product_tag":[],"class_list":{"0":"post-241128","1":"product","2":"type-product","3":"status-publish","4":"has-post-thumbnail","6":"product_cat-bain-et-corps","7":"product_cat-cannelle","8":"product_cat-epice","9":"product_cat-hesperide-agrumes","10":"product_cat-orange","11":"product_cat-savons-bio-naturels","12":"product_cat-senteurs-aromes","13":"pa_collection-artisan-olive-oil-soaps-1-25kg-and-slices-fr","14":"pa_made-in-espagne","16":"first","17":"instock","18":"purchasable","19":"product-type-simple"},"supplier_id":null,"supplier_sku":"ArtS-04S","barcode":null,"atum_controlled":true,"out_stock_date":null,"out_stock_threshold":null,"inheritable":false,"inbound_stock":null,"stock_on_hold":0,"sold_today":0,"sales_last_days":0,"reserved_stock":null,"customer_returns":null,"warehouse_damage":null,"lost_in_post":null,"other_logs":null,"out_stock_days":0,"lost_sales":0,"has_location":null,"update_date":"2026-04-27T06:51:07","atum_locations":[],"atum_stock_status":"instock","restock_status":false,"low_stock_amount":"","sales_update_date":"2025-10-09T03:23:41","calc_backorders":null,"_links":{"self":[{"href":"https:\/\/aromasentia.com\/fr\/wp-json\/wp\/v2\/product\/241128","targetHints":{"allow":["GET"]}}],"collection":[{"href":"https:\/\/aromasentia.com\/fr\/wp-json\/wp\/v2\/product"}],"about":[{"href":"https:\/\/aromasentia.com\/fr\/wp-json\/wp\/v2\/types\/product"}],"replies":[{"embeddable":true,"href":"https:\/\/aromasentia.com\/fr\/wp-json\/wp\/v2\/comments?post=241128"}],"version-history":[{"count":0,"href":"https:\/\/aromasentia.com\/fr\/wp-json\/wp\/v2\/product\/241128\/revisions"}],"wp:featuredmedia":[{"embeddable":true,"href":"https:\/\/aromasentia.com\/fr\/wp-json\/wp\/v2\/media\/274021"}],"wp:attachment":[{"href":"https:\/\/aromasentia.com\/fr\/wp-json\/wp\/v2\/media?parent=241128"}],"wp:term":[{"taxonomy":"product_brand","embeddable":true,"href":"https:\/\/aromasentia.com\/fr\/wp-json\/wp\/v2\/product_brand?post=241128"},{"taxonomy":"product_cat","embeddable":true,"href":"https:\/\/aromasentia.com\/fr\/wp-json\/wp\/v2\/product_cat?post=241128"},{"taxonomy":"product_tag","embeddable":true,"href":"https:\/\/aromasentia.com\/fr\/wp-json\/wp\/v2\/product_tag?post=241128"}],"curies":[{"name":"wp","href":"https:\/\/api.w.org\/{rel}","templated":true}]}}