{"id":241096,"date":"2025-03-20T16:23:13","date_gmt":"2025-03-20T16:23:13","guid":{"rendered":"https:\/\/aromasentia.com\/product\/may-chang-orange-eo-soap-slice-100g-approx\/"},"modified":"2025-06-23T19:13:43","modified_gmt":"2025-06-23T19:13:43","slug":"may-chang-orange-he-tranche-de-savon-100g-env","status":"publish","type":"product","link":"https:\/\/aromasentia.com\/fr\/may-chang-orange-he-tranche-de-savon-100g-env\/","title":{"rendered":"May Chang &#8211; Orange &#8211; HE Tranche de savon 100g env."},"content":{"rendered":"<p>Enrichissez vos sens avec les notes d&rsquo;agrumes vives de notre tranche de savon May Chang &#8211; Orange &#8211; EO. Ce joyeux morceau de savon artisanal d&rsquo;environ 100 g est infus\u00e9 d&rsquo;huile essentielle de May Chang (Litsea Cubeba), connue pour son parfum intens\u00e9ment frais, citronn\u00e9 et fruit\u00e9. Sa couleur orange vibrante refl\u00e8te son caract\u00e8re joyeux. Elle nettoie en douceur tandis que son ar\u00f4me stimulant aide \u00e0 combattre la fatigue et \u00e0 promouvoir la positivit\u00e9, laissant votre peau rafra\u00eechie et votre esprit \u00e9gay\u00e9.<\/p>\n","protected":false},"excerpt":{"rendered":"<p>Enrichissez vos sens avec les notes d&rsquo;agrumes vives de notre tranche de savon May Chang &#8211; Orange &#8211; EO. Ce joyeux morceau de savon artisanal d&rsquo;environ 100 g est infus\u00e9 d&rsquo;huile essentielle de May Chang (Litsea Cubeba), connue pour son parfum intens\u00e9ment frais, citronn\u00e9 et fruit\u00e9. Sa couleur orange vibrante refl\u00e8te son caract\u00e8re joyeux. Elle [&hellip;]<\/p>\n","protected":false},"featured_media":275046,"comment_status":"closed","ping_status":"open","template":"","meta":{"_angie_page":false},"product_brand":[],"product_cat":[19443,26818,26275,26307,20586,25842],"product_tag":[],"class_list":{"0":"post-241096","1":"product","2":"type-product","3":"status-publish","4":"has-post-thumbnail","6":"product_cat-bain-et-corps","7":"product_cat-hesperide-agrumes","8":"product_cat-may-chang-litsea-cubeba","9":"product_cat-orange","10":"product_cat-savons-bio-naturels","11":"product_cat-senteurs-aromes","12":"pa_collection-aromatherapy-soap-loaves-1-3-kg-and-slices-fr","13":"pa_made-in-royaume-uni","14":"pa_size-100g","16":"first","17":"outofstock","18":"purchasable","19":"product-type-simple"},"supplier_id":null,"supplier_sku":"ASoap-09DS","barcode":null,"atum_controlled":true,"out_stock_date":"2026-04-25 15:23:17","out_stock_threshold":null,"inheritable":false,"inbound_stock":null,"stock_on_hold":0,"sold_today":0,"sales_last_days":0,"reserved_stock":null,"customer_returns":null,"warehouse_damage":null,"lost_in_post":null,"other_logs":null,"out_stock_days":0,"lost_sales":0,"has_location":null,"update_date":"2026-04-27T06:51:19","atum_locations":[],"atum_stock_status":"outofstock","restock_status":false,"low_stock_amount":"","sales_update_date":"2026-02-06T00:02:10","calc_backorders":null,"_links":{"self":[{"href":"https:\/\/aromasentia.com\/fr\/wp-json\/wp\/v2\/product\/241096","targetHints":{"allow":["GET"]}}],"collection":[{"href":"https:\/\/aromasentia.com\/fr\/wp-json\/wp\/v2\/product"}],"about":[{"href":"https:\/\/aromasentia.com\/fr\/wp-json\/wp\/v2\/types\/product"}],"replies":[{"embeddable":true,"href":"https:\/\/aromasentia.com\/fr\/wp-json\/wp\/v2\/comments?post=241096"}],"version-history":[{"count":0,"href":"https:\/\/aromasentia.com\/fr\/wp-json\/wp\/v2\/product\/241096\/revisions"}],"wp:featuredmedia":[{"embeddable":true,"href":"https:\/\/aromasentia.com\/fr\/wp-json\/wp\/v2\/media\/275046"}],"wp:attachment":[{"href":"https:\/\/aromasentia.com\/fr\/wp-json\/wp\/v2\/media?parent=241096"}],"wp:term":[{"taxonomy":"product_brand","embeddable":true,"href":"https:\/\/aromasentia.com\/fr\/wp-json\/wp\/v2\/product_brand?post=241096"},{"taxonomy":"product_cat","embeddable":true,"href":"https:\/\/aromasentia.com\/fr\/wp-json\/wp\/v2\/product_cat?post=241096"},{"taxonomy":"product_tag","embeddable":true,"href":"https:\/\/aromasentia.com\/fr\/wp-json\/wp\/v2\/product_tag?post=241096"}],"curies":[{"name":"wp","href":"https:\/\/api.w.org\/{rel}","templated":true}]}}