{"id":241084,"date":"2025-03-20T16:23:13","date_gmt":"2025-03-20T16:23:13","guid":{"rendered":"https:\/\/aromasentia.com\/product\/rosemary-pink-eo-soap-slice-115g-approx\/"},"modified":"2025-06-23T19:13:41","modified_gmt":"2025-06-23T19:13:41","slug":"romarin-rose-he-savon-tranche-115g-env","status":"publish","type":"product","link":"https:\/\/aromasentia.com\/fr\/romarin-rose-he-savon-tranche-115g-env\/","title":{"rendered":"Romarin &#8211; Rose &#8211; HE Savon Tranche 115g env."},"content":{"rendered":"<p>Stimulez votre peau et votre esprit avec notre tranche de savon au romarin &#8211; rose &#8211; HE. Cette tranche de savon artisanal d&rsquo;environ 115 g est infus\u00e9e de l&rsquo;ar\u00f4me herbac\u00e9 et vivifiant de l&rsquo;huile essentielle de romarin pure. La douce teinte rose ajoute une touche de chaleur. Le romarin est r\u00e9put\u00e9 pour sa capacit\u00e9 \u00e0 stimuler la circulation, \u00e0 clarifier la peau et \u00e0 aiguiser la concentration mentale. Un nettoyage merveilleusement revitalisant qui laisse votre peau tonifi\u00e9e et vos sens \u00e9veill\u00e9s par son parfum frais et camphr\u00e9.<\/p>\n","protected":false},"excerpt":{"rendered":"<p>Stimulez votre peau et votre esprit avec notre tranche de savon au romarin &#8211; rose &#8211; HE. Cette tranche de savon artisanal d&rsquo;environ 115 g est infus\u00e9e de l&rsquo;ar\u00f4me herbac\u00e9 et vivifiant de l&rsquo;huile essentielle de romarin pure. La douce teinte rose ajoute une touche de chaleur. Le romarin est r\u00e9put\u00e9 pour sa capacit\u00e9 \u00e0 [&hellip;]<\/p>\n","protected":false},"featured_media":274971,"comment_status":"closed","ping_status":"open","template":"","meta":{"_angie_page":false},"product_brand":[],"product_cat":[19443,26860,26371,20586,25842],"product_tag":[],"class_list":{"0":"post-241084","1":"product","2":"type-product","3":"status-publish","4":"has-post-thumbnail","6":"product_cat-bain-et-corps","7":"product_cat-herbes-aromatiques","8":"product_cat-romarin","9":"product_cat-savons-bio-naturels","10":"product_cat-senteurs-aromes","11":"pa_collection-aromatherapy-soap-loaves-1-3-kg-and-slices-fr","12":"pa_made-in-royaume-uni","13":"pa_size-115g","15":"first","16":"instock","17":"purchasable","18":"product-type-simple"},"supplier_id":null,"supplier_sku":"ASoap-06DS","barcode":null,"atum_controlled":true,"out_stock_date":null,"out_stock_threshold":null,"inheritable":false,"inbound_stock":null,"stock_on_hold":0,"sold_today":0,"sales_last_days":0,"reserved_stock":null,"customer_returns":null,"warehouse_damage":null,"lost_in_post":null,"other_logs":null,"out_stock_days":0,"lost_sales":0,"has_location":null,"update_date":"2026-05-08T05:03:48","atum_locations":[],"atum_stock_status":"instock","restock_status":false,"low_stock_amount":"","sales_update_date":"2026-01-30T01:24:34","calc_backorders":null,"_links":{"self":[{"href":"https:\/\/aromasentia.com\/fr\/wp-json\/wp\/v2\/product\/241084","targetHints":{"allow":["GET"]}}],"collection":[{"href":"https:\/\/aromasentia.com\/fr\/wp-json\/wp\/v2\/product"}],"about":[{"href":"https:\/\/aromasentia.com\/fr\/wp-json\/wp\/v2\/types\/product"}],"replies":[{"embeddable":true,"href":"https:\/\/aromasentia.com\/fr\/wp-json\/wp\/v2\/comments?post=241084"}],"version-history":[{"count":0,"href":"https:\/\/aromasentia.com\/fr\/wp-json\/wp\/v2\/product\/241084\/revisions"}],"wp:featuredmedia":[{"embeddable":true,"href":"https:\/\/aromasentia.com\/fr\/wp-json\/wp\/v2\/media\/274971"}],"wp:attachment":[{"href":"https:\/\/aromasentia.com\/fr\/wp-json\/wp\/v2\/media?parent=241084"}],"wp:term":[{"taxonomy":"product_brand","embeddable":true,"href":"https:\/\/aromasentia.com\/fr\/wp-json\/wp\/v2\/product_brand?post=241084"},{"taxonomy":"product_cat","embeddable":true,"href":"https:\/\/aromasentia.com\/fr\/wp-json\/wp\/v2\/product_cat?post=241084"},{"taxonomy":"product_tag","embeddable":true,"href":"https:\/\/aromasentia.com\/fr\/wp-json\/wp\/v2\/product_tag?post=241084"}],"curies":[{"name":"wp","href":"https:\/\/api.w.org\/{rel}","templated":true}]}}