{"id":241060,"date":"2025-03-20T16:23:13","date_gmt":"2025-03-20T16:23:13","guid":{"rendered":"https:\/\/aromasentia.com\/product\/goat-milk-olive-oil-soap-2\/"},"modified":"2025-06-23T19:13:38","modified_gmt":"2025-06-23T19:13:38","slug":"lait-de-chevre-savon-a-lhuile-dolive-2","status":"publish","type":"product","link":"https:\/\/aromasentia.com\/fr\/lait-de-chevre-savon-a-lhuile-dolive-2\/","title":{"rendered":"Lait de ch\u00e8vre &#8211; Savon \u00e0 l&rsquo;huile d&rsquo;olive"},"content":{"rendered":"<\/p>\n<p>Notre <strong>Aroma Sentia &#8211; Europe Goat Milk&nbsp;<\/strong><strong>&#8211; Olive Oil Soap Slice&nbsp;<\/strong> contient de la pierre ponce pour \u00e9liminer la salet\u00e9 incrust\u00e9e, rafra\u00eechir la peau et aider \u00e0 l&rsquo;absorption des s\u00e9rums et hydratants b\u00e9n\u00e9fiques pour la peau. L&rsquo;exfoliation peut \u00eatre utile aux personnes dont la peau pr\u00e9sente des signes de vieillissement pr\u00e9matur\u00e9 dus \u00e0 des facteurs tels que la surexposition au soleil. Les savons \u00e0 l&rsquo;huile d&rsquo;olive ont \u00e9t\u00e9 l&rsquo;un des premiers savons d&rsquo;origine v\u00e9g\u00e9tale. Ils sont fabriqu\u00e9s \u00e0 la main selon la m\u00e9thode traditionnelle de fabrication \u00e0 froid et sont \u00e9galement exempts de SELS et de parab\u00e8nes. La graisse naturelle peut aider \u00e0 fournir une protection, am\u00e9liorer le tonus de la peau, la douceur et la jeunesse de la peau gr\u00e2ce \u00e0 l&rsquo;action restructurante de l&rsquo;huile.<\/p>\n<p><\/p>\n<p>Les tranches de savon sont vendues envelopp\u00e9es dans du papier cir\u00e9 avec une \u00e9tiquette d&rsquo;ingr\u00e9dients et p\u00e8sent environ 110g.<\/p>\n<p><strong>PLEASE NOTE:<\/strong>Nos savons sont faits \u00e0 la main et la couleur ou le design peuvent l\u00e9g\u00e8rement varier par rapport aux photos pr\u00e9sent\u00e9es.<\/p>\n<p>Le romarin a des propri\u00e9t\u00e9s anti-inflammatoires et anti-inflammatoires qui peuvent \u00eatre utiles pour la sant\u00e9.<\/p>\n","protected":false},"excerpt":{"rendered":"<p>Notre Aroma Sentia &#8211; Europe Goat Milk&nbsp;&#8211; Olive Oil Soap Slice&nbsp; contient de la pierre ponce pour \u00e9liminer la salet\u00e9 incrust\u00e9e, rafra\u00eechir la peau et aider \u00e0 l&rsquo;absorption des s\u00e9rums et hydratants b\u00e9n\u00e9fiques pour la peau. L&rsquo;exfoliation peut \u00eatre utile aux personnes dont la peau pr\u00e9sente des signes de vieillissement pr\u00e9matur\u00e9 dus \u00e0 des facteurs [&hellip;]<\/p>\n","protected":false},"featured_media":274837,"comment_status":"closed","ping_status":"open","template":"","meta":{"_angie_page":false},"product_brand":[],"product_cat":[19443,20586],"product_tag":[],"class_list":{"0":"post-241060","1":"product","2":"type-product","3":"status-publish","4":"has-post-thumbnail","6":"product_cat-bain-et-corps","7":"product_cat-savons-bio-naturels","8":"pa_collection-artisan-olive-oil-soaps-1-25kg-and-slices-fr","9":"pa_made-in-espagne","11":"first","12":"instock","13":"purchasable","14":"product-type-simple"},"supplier_id":null,"supplier_sku":"ArtS-29S","barcode":null,"atum_controlled":true,"out_stock_date":null,"out_stock_threshold":null,"inheritable":false,"inbound_stock":null,"stock_on_hold":0,"sold_today":0,"sales_last_days":0,"reserved_stock":null,"customer_returns":null,"warehouse_damage":null,"lost_in_post":null,"other_logs":null,"out_stock_days":0,"lost_sales":0,"has_location":null,"update_date":"2026-05-04T00:02:49","atum_locations":[],"atum_stock_status":"instock","restock_status":false,"low_stock_amount":"","sales_update_date":"2026-01-30T01:25:22","calc_backorders":null,"_links":{"self":[{"href":"https:\/\/aromasentia.com\/fr\/wp-json\/wp\/v2\/product\/241060","targetHints":{"allow":["GET"]}}],"collection":[{"href":"https:\/\/aromasentia.com\/fr\/wp-json\/wp\/v2\/product"}],"about":[{"href":"https:\/\/aromasentia.com\/fr\/wp-json\/wp\/v2\/types\/product"}],"replies":[{"embeddable":true,"href":"https:\/\/aromasentia.com\/fr\/wp-json\/wp\/v2\/comments?post=241060"}],"version-history":[{"count":0,"href":"https:\/\/aromasentia.com\/fr\/wp-json\/wp\/v2\/product\/241060\/revisions"}],"wp:featuredmedia":[{"embeddable":true,"href":"https:\/\/aromasentia.com\/fr\/wp-json\/wp\/v2\/media\/274837"}],"wp:attachment":[{"href":"https:\/\/aromasentia.com\/fr\/wp-json\/wp\/v2\/media?parent=241060"}],"wp:term":[{"taxonomy":"product_brand","embeddable":true,"href":"https:\/\/aromasentia.com\/fr\/wp-json\/wp\/v2\/product_brand?post=241060"},{"taxonomy":"product_cat","embeddable":true,"href":"https:\/\/aromasentia.com\/fr\/wp-json\/wp\/v2\/product_cat?post=241060"},{"taxonomy":"product_tag","embeddable":true,"href":"https:\/\/aromasentia.com\/fr\/wp-json\/wp\/v2\/product_tag?post=241060"}],"curies":[{"name":"wp","href":"https:\/\/api.w.org\/{rel}","templated":true}]}}