{"id":241056,"date":"2025-03-20T16:23:13","date_gmt":"2025-03-20T16:23:13","guid":{"rendered":"https:\/\/aromasentia.com\/product\/goat-milk-olive-oil-soap\/"},"modified":"2025-06-23T19:13:38","modified_gmt":"2025-06-23T19:13:38","slug":"lait-de-chevre-savon-a-lhuile-dolive","status":"publish","type":"product","link":"https:\/\/aromasentia.com\/fr\/lait-de-chevre-savon-a-lhuile-dolive\/","title":{"rendered":"Lait de ch\u00e8vre &#8211; Savon \u00e0 l&rsquo;huile d&rsquo;olive"},"content":{"rendered":"<p>Nourrissez votre peau avec la douce puret\u00e9 de notre savon au lait de ch\u00e8vre et \u00e0 l&rsquo;huile d&rsquo;olive. Ce savon artisanal associe les propri\u00e9t\u00e9s riches et hydratantes du lait de ch\u00e8vre cr\u00e9meux aux bienfaits de l&rsquo;huile d&rsquo;olive pure. Le lait de ch\u00e8vre est naturellement riche en vitamines et en min\u00e9raux, ce qui aide \u00e0 apaiser et \u00e0 hydrater m\u00eame les peaux sensibles, tandis que l&rsquo;huile d&rsquo;olive assure un nettoyage en douceur et une douceur durable. Un pain merveilleusement doux et cr\u00e9meux, parfait pour un usage quotidien, qui laisse \u00e0 la peau une sensation de calme, de souplesse et de soin.<\/p>\n","protected":false},"excerpt":{"rendered":"<p>Nourrissez votre peau avec la douce puret\u00e9 de notre savon au lait de ch\u00e8vre et \u00e0 l&rsquo;huile d&rsquo;olive. Ce savon artisanal associe les propri\u00e9t\u00e9s riches et hydratantes du lait de ch\u00e8vre cr\u00e9meux aux bienfaits de l&rsquo;huile d&rsquo;olive pure. Le lait de ch\u00e8vre est naturellement riche en vitamines et en min\u00e9raux, ce qui aide \u00e0 apaiser [&hellip;]<\/p>\n","protected":false},"featured_media":274812,"comment_status":"closed","ping_status":"open","template":"","meta":{"_angie_page":false},"product_brand":[],"product_cat":[19443,20586],"product_tag":[],"class_list":{"0":"post-241056","1":"product","2":"type-product","3":"status-publish","4":"has-post-thumbnail","6":"product_cat-bain-et-corps","7":"product_cat-savons-bio-naturels","8":"pa_collection-artisan-olive-oil-soaps-1-25kg-and-slices-fr","9":"pa_made-in-espagne","11":"first","12":"instock","13":"purchasable","14":"product-type-simple"},"supplier_id":null,"supplier_sku":"ArtS-29L","barcode":null,"atum_controlled":true,"out_stock_date":null,"out_stock_threshold":null,"inheritable":false,"inbound_stock":null,"stock_on_hold":0,"sold_today":0,"sales_last_days":0,"reserved_stock":null,"customer_returns":null,"warehouse_damage":null,"lost_in_post":null,"other_logs":null,"out_stock_days":0,"lost_sales":0,"has_location":null,"update_date":"2026-05-04T00:02:49","atum_locations":[],"atum_stock_status":"instock","restock_status":false,"low_stock_amount":"","sales_update_date":"2025-10-09T03:23:47","calc_backorders":null,"_links":{"self":[{"href":"https:\/\/aromasentia.com\/fr\/wp-json\/wp\/v2\/product\/241056","targetHints":{"allow":["GET"]}}],"collection":[{"href":"https:\/\/aromasentia.com\/fr\/wp-json\/wp\/v2\/product"}],"about":[{"href":"https:\/\/aromasentia.com\/fr\/wp-json\/wp\/v2\/types\/product"}],"replies":[{"embeddable":true,"href":"https:\/\/aromasentia.com\/fr\/wp-json\/wp\/v2\/comments?post=241056"}],"version-history":[{"count":0,"href":"https:\/\/aromasentia.com\/fr\/wp-json\/wp\/v2\/product\/241056\/revisions"}],"wp:featuredmedia":[{"embeddable":true,"href":"https:\/\/aromasentia.com\/fr\/wp-json\/wp\/v2\/media\/274812"}],"wp:attachment":[{"href":"https:\/\/aromasentia.com\/fr\/wp-json\/wp\/v2\/media?parent=241056"}],"wp:term":[{"taxonomy":"product_brand","embeddable":true,"href":"https:\/\/aromasentia.com\/fr\/wp-json\/wp\/v2\/product_brand?post=241056"},{"taxonomy":"product_cat","embeddable":true,"href":"https:\/\/aromasentia.com\/fr\/wp-json\/wp\/v2\/product_cat?post=241056"},{"taxonomy":"product_tag","embeddable":true,"href":"https:\/\/aromasentia.com\/fr\/wp-json\/wp\/v2\/product_tag?post=241056"}],"curies":[{"name":"wp","href":"https:\/\/api.w.org\/{rel}","templated":true}]}}