{"id":241036,"date":"2025-03-20T16:24:19","date_gmt":"2025-03-20T16:24:19","guid":{"rendered":"https:\/\/aromasentia.com\/product\/1x-bamboo-toothbrush-charcoal-medium-soft\/"},"modified":"2025-06-23T19:13:33","modified_gmt":"2025-06-23T19:13:33","slug":"brosses-a-dent-charbon-med-souple","status":"publish","type":"product","link":"https:\/\/aromasentia.com\/fr\/brosses-a-dent-charbon-med-souple\/","title":{"rendered":"Brosses \u00e0 dent Charbon &#8211; Med Souple"},"content":{"rendered":"<p>De Terre en Terre, les brosses \u00e0 dents AW Earth Bamboo brosses \u00e0 dents sont douces et confortables dans votre main ainsi que dans votre bouche. Elles nettoient les dents tout comme une brosse \u00e0 dents en plastique standard, mais sont une solution plus \u00e9cologique pour l\u2019environnement. Elles sont un excellent moyen de r\u00e9duire votre consommation quotidienne de plastique. En outre, le Bambou est une ressource forte en \u00e9nergie naturelle. Chaque brosse est emball\u00e9e \u00e0 la main individuellement dans un carton recyclable. Les brosses \u00e0 dents sont faites des poils moyens doux, elles sont v\u00e9g\u00e9taliennes.<\/p>\n<p><\/p>\n<p>Pourquoi le Bambou? Le Bambou est la ressource naturelle la plus rapide au monde qui est aussi intrins\u00e8quement anti-microbienne, anti-fongique et anti-bact\u00e9rienne.<\/p>\n<p><\/p>\n<p>Chaque brosse \u00e0 dents en bambou que vos clients utiliseront sera une brosse \u00e0 dents en plastique jet\u00e9e en moins. Changez maintenant pour le bambou et sauvez le monde !<\/p>\n","protected":false},"excerpt":{"rendered":"<p>De Terre en Terre, les brosses \u00e0 dents AW Earth Bamboo brosses \u00e0 dents sont douces et confortables dans votre main ainsi que dans votre bouche. Elles nettoient les dents tout comme une brosse \u00e0 dents en plastique standard, mais sont une solution plus \u00e9cologique pour l\u2019environnement. Elles sont un excellent moyen de r\u00e9duire votre [&hellip;]<\/p>\n","protected":false},"featured_media":276648,"comment_status":"closed","ping_status":"open","template":"","meta":{"_angie_page":false},"product_brand":[],"product_cat":[19443],"product_tag":[],"class_list":{"0":"post-241036","1":"product","2":"type-product","3":"status-publish","4":"has-post-thumbnail","6":"product_cat-bain-et-corps","7":"pa_collection-bamboo-toothbrush-bamboo-cotton-buds-fr","8":"pa_made-in-chine","10":"first","11":"instock","12":"purchasable","13":"product-type-simple"},"supplier_id":null,"supplier_sku":"BamTB-02","barcode":null,"atum_controlled":true,"out_stock_date":null,"out_stock_threshold":null,"inheritable":false,"inbound_stock":null,"stock_on_hold":0,"sold_today":0,"sales_last_days":0,"reserved_stock":null,"customer_returns":null,"warehouse_damage":null,"lost_in_post":null,"other_logs":null,"out_stock_days":0,"lost_sales":0,"has_location":null,"update_date":"2026-04-27T06:53:32","atum_locations":[],"atum_stock_status":"instock","restock_status":false,"low_stock_amount":"","sales_update_date":"2026-02-06T00:02:01","calc_backorders":null,"_links":{"self":[{"href":"https:\/\/aromasentia.com\/fr\/wp-json\/wp\/v2\/product\/241036","targetHints":{"allow":["GET"]}}],"collection":[{"href":"https:\/\/aromasentia.com\/fr\/wp-json\/wp\/v2\/product"}],"about":[{"href":"https:\/\/aromasentia.com\/fr\/wp-json\/wp\/v2\/types\/product"}],"replies":[{"embeddable":true,"href":"https:\/\/aromasentia.com\/fr\/wp-json\/wp\/v2\/comments?post=241036"}],"version-history":[{"count":0,"href":"https:\/\/aromasentia.com\/fr\/wp-json\/wp\/v2\/product\/241036\/revisions"}],"wp:featuredmedia":[{"embeddable":true,"href":"https:\/\/aromasentia.com\/fr\/wp-json\/wp\/v2\/media\/276648"}],"wp:attachment":[{"href":"https:\/\/aromasentia.com\/fr\/wp-json\/wp\/v2\/media?parent=241036"}],"wp:term":[{"taxonomy":"product_brand","embeddable":true,"href":"https:\/\/aromasentia.com\/fr\/wp-json\/wp\/v2\/product_brand?post=241036"},{"taxonomy":"product_cat","embeddable":true,"href":"https:\/\/aromasentia.com\/fr\/wp-json\/wp\/v2\/product_cat?post=241036"},{"taxonomy":"product_tag","embeddable":true,"href":"https:\/\/aromasentia.com\/fr\/wp-json\/wp\/v2\/product_tag?post=241036"}],"curies":[{"name":"wp","href":"https:\/\/api.w.org\/{rel}","templated":true}]}}