{"id":241020,"date":"2025-03-20T16:24:19","date_gmt":"2025-03-20T16:24:19","guid":{"rendered":"https:\/\/aromasentia.com\/product\/1-3-kg-box-of-chill-pills-bergamot-lavender\/"},"modified":"2025-06-23T19:13:31","modified_gmt":"2025-06-23T19:13:31","slug":"minis-boules-de-bain-bergamote-lavande","status":"publish","type":"product","link":"https:\/\/aromasentia.com\/fr\/minis-boules-de-bain-bergamote-lavande\/","title":{"rendered":"Minis Boules de Bain &#8211; Bergamote &#038; Lavande"},"content":{"rendered":"<p>Ils sont enfin l\u00e0 ! Les Mini Bombes de Bain fabriqu\u00e9es par Ancient Wisdom. Une gamme de parfums raffin\u00e9s soigneusement s\u00e9lectionn\u00e9s, chacun dans sa propre couleur distinctive. Achetez tous les types pour cr\u00e9er un pr\u00e9sentoir accrocheur dans votre magasin auquel vos clients ne pourront pas r\u00e9sister. Parfait pour les faveurs de mariage (vous pouvez \u00e9galement vendre des pochettes en organza).&nbsp;<\/p>\n<p>Les enfants les adorent &#8211; d\u00e9posez-en un ou deux dans le bain pour un peu de plaisir et de p\u00e9tillement. Les adultes peuvent \u00e9galement se d\u00e9tendre avec une ou trois pilules pour le bain.<\/p>\n<p>Id\u00e9al pour un spa pour les pieds &#8211; d\u00e9posez-en un pour une touche de luxe suppl\u00e9mentaire.<\/p>\n","protected":false},"excerpt":{"rendered":"<p>Ils sont enfin l\u00e0 ! Les Mini Bombes de Bain fabriqu\u00e9es par Ancient Wisdom. Une gamme de parfums raffin\u00e9s soigneusement s\u00e9lectionn\u00e9s, chacun dans sa propre couleur distinctive. Achetez tous les types pour cr\u00e9er un pr\u00e9sentoir accrocheur dans votre magasin auquel vos clients ne pourront pas r\u00e9sister. Parfait pour les faveurs de mariage (vous pouvez \u00e9galement [&hellip;]<\/p>\n","protected":false},"featured_media":276430,"comment_status":"closed","ping_status":"open","template":"","meta":{"_angie_page":false},"product_brand":[],"product_cat":[19443,26104,20507,26832,26818,26233,25842],"product_tag":[],"class_list":{"0":"post-241020","1":"product","2":"type-product","3":"status-publish","4":"has-post-thumbnail","6":"product_cat-bain-et-corps","7":"product_cat-bergamote","8":"product_cat-boules-bombes-de-bain","9":"product_cat-floral","10":"product_cat-hesperide-agrumes","11":"product_cat-lavande","12":"product_cat-senteurs-aromes","13":"pa_collection-aw-chill-pills-1-3kg-display-box-fr","14":"pa_made-in-royaume-uni","16":"first","17":"instock","18":"purchasable","19":"product-type-simple"},"supplier_id":null,"supplier_sku":"AWChill-10","barcode":null,"atum_controlled":true,"out_stock_date":null,"out_stock_threshold":null,"inheritable":false,"inbound_stock":0,"stock_on_hold":2,"sold_today":0,"sales_last_days":0,"reserved_stock":0,"customer_returns":0,"warehouse_damage":0,"lost_in_post":0,"other_logs":0,"out_stock_days":0,"lost_sales":0,"has_location":false,"update_date":"2026-04-28T06:42:57","atum_locations":[],"atum_stock_status":"instock","restock_status":false,"low_stock_amount":"","sales_update_date":"2025-12-18T13:54:31","calc_backorders":null,"_links":{"self":[{"href":"https:\/\/aromasentia.com\/fr\/wp-json\/wp\/v2\/product\/241020","targetHints":{"allow":["GET"]}}],"collection":[{"href":"https:\/\/aromasentia.com\/fr\/wp-json\/wp\/v2\/product"}],"about":[{"href":"https:\/\/aromasentia.com\/fr\/wp-json\/wp\/v2\/types\/product"}],"replies":[{"embeddable":true,"href":"https:\/\/aromasentia.com\/fr\/wp-json\/wp\/v2\/comments?post=241020"}],"version-history":[{"count":0,"href":"https:\/\/aromasentia.com\/fr\/wp-json\/wp\/v2\/product\/241020\/revisions"}],"wp:featuredmedia":[{"embeddable":true,"href":"https:\/\/aromasentia.com\/fr\/wp-json\/wp\/v2\/media\/276430"}],"wp:attachment":[{"href":"https:\/\/aromasentia.com\/fr\/wp-json\/wp\/v2\/media?parent=241020"}],"wp:term":[{"taxonomy":"product_brand","embeddable":true,"href":"https:\/\/aromasentia.com\/fr\/wp-json\/wp\/v2\/product_brand?post=241020"},{"taxonomy":"product_cat","embeddable":true,"href":"https:\/\/aromasentia.com\/fr\/wp-json\/wp\/v2\/product_cat?post=241020"},{"taxonomy":"product_tag","embeddable":true,"href":"https:\/\/aromasentia.com\/fr\/wp-json\/wp\/v2\/product_tag?post=241020"}],"curies":[{"name":"wp","href":"https:\/\/api.w.org\/{rel}","templated":true}]}}