{"id":240976,"date":"2025-03-20T16:24:19","date_gmt":"2025-03-20T16:24:19","guid":{"rendered":"https:\/\/aromasentia.com\/product\/tea-tree-green-eo-soap-loaf-1-3kg\/"},"modified":"2025-06-23T19:13:26","modified_gmt":"2025-06-23T19:13:26","slug":"savon-aux-huiles-essentielles-arbre-a-the-vert-1-3kg","status":"publish","type":"product","link":"https:\/\/aromasentia.com\/fr\/savon-aux-huiles-essentielles-arbre-a-the-vert-1-3kg\/","title":{"rendered":"Savon aux Huiles Essentielles Arbre \u00e0 th\u00e9 &#8211; Vert &#8211; 1.3kg"},"content":{"rendered":"<p>D\u00e9couvrez le secret d&rsquo;une peau saine et \u00e9clatante avec notre <strong><span style=\"color: rgb(97, 189, 109);\">Savon aux Huiles Essentielles Arbre \u00e0 th\u00e9!<\/span><\/strong>&nbsp;<\/p>\n<p>Formul\u00e9 avec soin et amour, ce savon luxueux combine les bienfaits purifiants de l&rsquo;arbre \u00e0 th\u00e9 avec la douceur hydratante d&rsquo;une base v\u00e9g\u00e9tale de qualit\u00e9 sup\u00e9rieure.<\/p>\n<p>Pesant g\u00e9n\u00e9reusement 1.3kg, ce Savon offre une exp\u00e9rience de luxe qui dure longtemps. L&rsquo;arbre \u00e0 th\u00e9 est r\u00e9put\u00e9 pour ses propri\u00e9t\u00e9s antibact\u00e9riennes et antifongiques, id\u00e9ales pour nettoyer en profondeur et purifier la peau, tout en laissant un parfum frais et revitalisant.<\/p>\n<p>Offrez \u00e0 votre peau le traitement qu&rsquo;elle m\u00e9rite avec notre Savon aux Huiles Essentielles Arbre \u00e0 th\u00e9. Parfait pour toute la famille et adapt\u00e9 \u00e0 tous les types de peau, ce savon naturel sera votre alli\u00e9 quotidien pour une peau radieuse et en pleine sant\u00e9.&nbsp;<\/p>\n<p><strong>Ne manquez pas cette occasion de prendre soin de vous de mani\u00e8re naturelle et efficace. Commandez d\u00e8s maintenant!<\/strong><\/p>\n","protected":false},"excerpt":{"rendered":"<p>D\u00e9couvrez le secret d&rsquo;une peau saine et \u00e9clatante avec notre Savon aux Huiles Essentielles Arbre \u00e0 th\u00e9!&nbsp; Formul\u00e9 avec soin et amour, ce savon luxueux combine les bienfaits purifiants de l&rsquo;arbre \u00e0 th\u00e9 avec la douceur hydratante d&rsquo;une base v\u00e9g\u00e9tale de qualit\u00e9 sup\u00e9rieure. Pesant g\u00e9n\u00e9reusement 1.3kg, ce Savon offre une exp\u00e9rience de luxe qui dure [&hellip;]<\/p>\n","protected":false},"featured_media":642408,"comment_status":"closed","ping_status":"open","template":"","meta":[],"product_brand":[],"product_cat":[26409,19443,26867,20586,25842],"product_tag":[],"class_list":{"0":"post-240976","1":"product","2":"type-product","3":"status-publish","4":"has-post-thumbnail","6":"product_cat-arbre-a-the-tea-tree","7":"product_cat-bain-et-corps","8":"product_cat-medicinal-camphre","9":"product_cat-savons-bio-naturels","10":"product_cat-senteurs-aromes","11":"pa_collection-aromatherapy-soap-loaves-1-3-kg-and-slices-fr","12":"pa_made-in-royaume-uni","14":"first","15":"instock","16":"purchasable","17":"product-type-simple"},"supplier_id":null,"supplier_sku":"ASoap-02a","barcode":null,"atum_controlled":true,"out_stock_date":null,"out_stock_threshold":null,"inheritable":false,"inbound_stock":null,"stock_on_hold":0,"sold_today":0,"sales_last_days":0,"reserved_stock":null,"customer_returns":null,"warehouse_damage":null,"lost_in_post":null,"other_logs":null,"out_stock_days":0,"lost_sales":0,"has_location":null,"update_date":"2026-02-10T06:35:03","atum_locations":[],"atum_stock_status":"instock","restock_status":false,"low_stock_amount":"","sales_update_date":"2026-01-30T01:24:33","calc_backorders":null,"_links":{"self":[{"href":"https:\/\/aromasentia.com\/fr\/wp-json\/wp\/v2\/product\/240976","targetHints":{"allow":["GET"]}}],"collection":[{"href":"https:\/\/aromasentia.com\/fr\/wp-json\/wp\/v2\/product"}],"about":[{"href":"https:\/\/aromasentia.com\/fr\/wp-json\/wp\/v2\/types\/product"}],"replies":[{"embeddable":true,"href":"https:\/\/aromasentia.com\/fr\/wp-json\/wp\/v2\/comments?post=240976"}],"version-history":[{"count":0,"href":"https:\/\/aromasentia.com\/fr\/wp-json\/wp\/v2\/product\/240976\/revisions"}],"wp:featuredmedia":[{"embeddable":true,"href":"https:\/\/aromasentia.com\/fr\/wp-json\/wp\/v2\/media\/642408"}],"wp:attachment":[{"href":"https:\/\/aromasentia.com\/fr\/wp-json\/wp\/v2\/media?parent=240976"}],"wp:term":[{"taxonomy":"product_brand","embeddable":true,"href":"https:\/\/aromasentia.com\/fr\/wp-json\/wp\/v2\/product_brand?post=240976"},{"taxonomy":"product_cat","embeddable":true,"href":"https:\/\/aromasentia.com\/fr\/wp-json\/wp\/v2\/product_cat?post=240976"},{"taxonomy":"product_tag","embeddable":true,"href":"https:\/\/aromasentia.com\/fr\/wp-json\/wp\/v2\/product_tag?post=240976"}],"curies":[{"name":"wp","href":"https:\/\/api.w.org\/{rel}","templated":true}]}}