{"id":240968,"date":"2025-03-20T16:24:19","date_gmt":"2025-03-20T16:24:19","guid":{"rendered":"https:\/\/aromasentia.com\/product\/peppermint-tint-green-eo-soap-loaf-1-3kg\/"},"modified":"2025-06-23T19:13:25","modified_gmt":"2025-06-23T19:13:25","slug":"savon-aux-huiles-essentielles-menthe-poivree-teinte-verte-1-3kg","status":"publish","type":"product","link":"https:\/\/aromasentia.com\/fr\/savon-aux-huiles-essentielles-menthe-poivree-teinte-verte-1-3kg\/","title":{"rendered":"Savon aux Huiles Essentielles Menthe poivr\u00e9e &#8211; Teinte Verte &#8211; 1.3kg"},"content":{"rendered":"<p>D\u00e9couvrez notre <strong><span style=\"color: rgb(65, 168, 95);\">Savon aux huiles essentielles de menthe poivr\u00e9e<\/span><\/strong>, offrant une exp\u00e9rience rafra\u00eechissante et vivifiante \u00e0 chaque utilisation.&nbsp;<\/p>\n<p>Sa teinte verte naturelle \u00e9voque la fra\u00eecheur de la nature, tandis que son poids g\u00e9n\u00e9reux de 1.3kg garantit une durabilit\u00e9 accrue. Fabriqu\u00e9 avec soin et passion, ce savon vous enveloppera d&rsquo;un parfum revitalisant de menthe poivr\u00e9e, tout en prenant soin de votre peau gr\u00e2ce \u00e0 ses propri\u00e9t\u00e9s hydratantes et apaisantes.&nbsp;<\/p>\n<p>Offrez-vous le luxe d&rsquo;un moment de d\u00e9tente et de bien-\u00eatre avec notre savon artisanal, une v\u00e9ritable invitation \u00e0 l&rsquo;\u00e9vasion sensorielle dans votre routine quotidienne.&nbsp;<\/p>\n<p><strong>Adoptez le savon \u00e0 la menthe poivr\u00e9e pour une peau \u00e9clatante et revigor\u00e9e, d\u00e8s aujourd&rsquo;hui !<\/strong> <\/p>\n","protected":false},"excerpt":{"rendered":"<p>D\u00e9couvrez notre Savon aux huiles essentielles de menthe poivr\u00e9e, offrant une exp\u00e9rience rafra\u00eechissante et vivifiante \u00e0 chaque utilisation.&nbsp; Sa teinte verte naturelle \u00e9voque la fra\u00eecheur de la nature, tandis que son poids g\u00e9n\u00e9reux de 1.3kg garantit une durabilit\u00e9 accrue. Fabriqu\u00e9 avec soin et passion, ce savon vous enveloppera d&rsquo;un parfum revitalisant de menthe poivr\u00e9e, tout [&hellip;]<\/p>\n","protected":false},"featured_media":642392,"comment_status":"closed","ping_status":"open","template":"","meta":[],"product_brand":[],"product_cat":[19443,26338,26874,20586,25842],"product_tag":[],"class_list":{"0":"post-240968","1":"product","2":"type-product","3":"status-publish","4":"has-post-thumbnail","6":"product_cat-bain-et-corps","7":"product_cat-menthe-poivree","8":"product_cat-menthole","9":"product_cat-savons-bio-naturels","10":"product_cat-senteurs-aromes","11":"pa_collection-aromatherapy-soap-loaves-1-3-kg-and-slices-fr","12":"pa_made-in-royaume-uni","14":"first","15":"instock","16":"purchasable","17":"product-type-simple"},"supplier_id":null,"supplier_sku":"ASoap-05a","barcode":null,"atum_controlled":true,"out_stock_date":null,"out_stock_threshold":null,"inheritable":false,"inbound_stock":null,"stock_on_hold":0,"sold_today":0,"sales_last_days":0,"reserved_stock":null,"customer_returns":null,"warehouse_damage":null,"lost_in_post":null,"other_logs":null,"out_stock_days":0,"lost_sales":0,"has_location":null,"update_date":"2026-01-30T01:24:42","atum_locations":[],"atum_stock_status":"instock","restock_status":false,"low_stock_amount":"","sales_update_date":"2026-01-30T01:24:42","calc_backorders":null,"_links":{"self":[{"href":"https:\/\/aromasentia.com\/fr\/wp-json\/wp\/v2\/product\/240968","targetHints":{"allow":["GET"]}}],"collection":[{"href":"https:\/\/aromasentia.com\/fr\/wp-json\/wp\/v2\/product"}],"about":[{"href":"https:\/\/aromasentia.com\/fr\/wp-json\/wp\/v2\/types\/product"}],"replies":[{"embeddable":true,"href":"https:\/\/aromasentia.com\/fr\/wp-json\/wp\/v2\/comments?post=240968"}],"version-history":[{"count":0,"href":"https:\/\/aromasentia.com\/fr\/wp-json\/wp\/v2\/product\/240968\/revisions"}],"wp:featuredmedia":[{"embeddable":true,"href":"https:\/\/aromasentia.com\/fr\/wp-json\/wp\/v2\/media\/642392"}],"wp:attachment":[{"href":"https:\/\/aromasentia.com\/fr\/wp-json\/wp\/v2\/media?parent=240968"}],"wp:term":[{"taxonomy":"product_brand","embeddable":true,"href":"https:\/\/aromasentia.com\/fr\/wp-json\/wp\/v2\/product_brand?post=240968"},{"taxonomy":"product_cat","embeddable":true,"href":"https:\/\/aromasentia.com\/fr\/wp-json\/wp\/v2\/product_cat?post=240968"},{"taxonomy":"product_tag","embeddable":true,"href":"https:\/\/aromasentia.com\/fr\/wp-json\/wp\/v2\/product_tag?post=240968"}],"curies":[{"name":"wp","href":"https:\/\/api.w.org\/{rel}","templated":true}]}}