{"id":240952,"date":"2025-03-20T16:25:36","date_gmt":"2025-03-20T16:25:36","guid":{"rendered":"https:\/\/aromasentia.com\/product\/grey-cloud-guest-soap-sea-moss\/"},"modified":"2025-06-23T19:13:21","modified_gmt":"2025-06-23T19:13:21","slug":"savon-invite-nuage-gris-mousse-de-mer","status":"publish","type":"product","link":"https:\/\/aromasentia.com\/fr\/savon-invite-nuage-gris-mousse-de-mer\/","title":{"rendered":"Savon Invit\u00e9 Nuage Gris &#8211; Mousse de Mer"},"content":{"rendered":"<p><span style=\"color: rgb(75, 80, 88);\">Vente en gros de savons en forme de nuage gris, ces mini savons feront sourire vos clients et leur odeur les fera revenir pour en avoir plus.&nbsp;<\/span><\/p>\n<p><span style=\"color: rgb(75, 80, 88);\">Nos adorables petits savons d&rsquo;invit\u00e9s en forme de c\u0153ur font un merveilleux pr\u00e9sentoir. Ils sont color\u00e9s et sentent bon &#8211; frais et piquants &#8211; et attireront les clients de tous les go\u00fbts&#8230;&nbsp;<\/span><\/p>\n<p><span style=\"color: rgb(75, 80, 88);\">Juste ce qu&rsquo;il faut pour les chambres d&rsquo;h\u00f4tes ou comme cadeau de mariage. Les savons invit\u00e9s p\u00e8sent environ 20 grammes chacun et mesurent environ 40 x 40 mm.&nbsp;<\/span><\/p>\n<p><span style=\"color: rgb(75, 80, 88);\">Nos savons invit\u00e9s sont \u00e9galement sans SLS et sans paraben.<\/span><\/p>\n<p><span style=\"color: rgb(75, 80, 88);\">Ils sont vendus en pr\u00e9sentoir de 108 pi\u00e8ces et pr\u00eats \u00e0 \u00eatre mis sur vos \u00e9tag\u00e8res.<\/span><\/p>\n","protected":false},"excerpt":{"rendered":"<p>Vente en gros de savons en forme de nuage gris, ces mini savons feront sourire vos clients et leur odeur les fera revenir pour en avoir plus.&nbsp; Nos adorables petits savons d&rsquo;invit\u00e9s en forme de c\u0153ur font un merveilleux pr\u00e9sentoir. Ils sont color\u00e9s et sentent bon &#8211; frais et piquants &#8211; et attireront les clients [&hellip;]<\/p>\n","protected":false},"featured_media":277363,"comment_status":"closed","ping_status":"open","template":"","meta":[],"product_brand":[],"product_cat":[19443,20586],"product_tag":[],"class_list":{"0":"post-240952","1":"product","2":"type-product","3":"status-publish","4":"has-post-thumbnail","6":"product_cat-bain-et-corps","7":"product_cat-savons-bio-naturels","8":"pa_collection-shaped-guest-soaps-fr","9":"pa_made-in-royaume-uni","11":"first","12":"outofstock","13":"purchasable","14":"product-type-simple"},"supplier_id":null,"supplier_sku":"AWGSoap-16","barcode":null,"atum_controlled":true,"out_stock_date":"2026-01-30 17:55:51","out_stock_threshold":null,"inheritable":false,"inbound_stock":null,"stock_on_hold":0,"sold_today":0,"sales_last_days":0,"reserved_stock":null,"customer_returns":null,"warehouse_damage":null,"lost_in_post":null,"other_logs":null,"out_stock_days":0,"lost_sales":0,"has_location":null,"update_date":"2026-01-30T17:55:53","atum_locations":[],"atum_stock_status":"outofstock","restock_status":false,"low_stock_amount":"","sales_update_date":"2026-01-30T01:26:25","calc_backorders":null,"_links":{"self":[{"href":"https:\/\/aromasentia.com\/fr\/wp-json\/wp\/v2\/product\/240952","targetHints":{"allow":["GET"]}}],"collection":[{"href":"https:\/\/aromasentia.com\/fr\/wp-json\/wp\/v2\/product"}],"about":[{"href":"https:\/\/aromasentia.com\/fr\/wp-json\/wp\/v2\/types\/product"}],"replies":[{"embeddable":true,"href":"https:\/\/aromasentia.com\/fr\/wp-json\/wp\/v2\/comments?post=240952"}],"version-history":[{"count":0,"href":"https:\/\/aromasentia.com\/fr\/wp-json\/wp\/v2\/product\/240952\/revisions"}],"wp:featuredmedia":[{"embeddable":true,"href":"https:\/\/aromasentia.com\/fr\/wp-json\/wp\/v2\/media\/277363"}],"wp:attachment":[{"href":"https:\/\/aromasentia.com\/fr\/wp-json\/wp\/v2\/media?parent=240952"}],"wp:term":[{"taxonomy":"product_brand","embeddable":true,"href":"https:\/\/aromasentia.com\/fr\/wp-json\/wp\/v2\/product_brand?post=240952"},{"taxonomy":"product_cat","embeddable":true,"href":"https:\/\/aromasentia.com\/fr\/wp-json\/wp\/v2\/product_cat?post=240952"},{"taxonomy":"product_tag","embeddable":true,"href":"https:\/\/aromasentia.com\/fr\/wp-json\/wp\/v2\/product_tag?post=240952"}],"curies":[{"name":"wp","href":"https:\/\/api.w.org\/{rel}","templated":true}]}}