{"id":240912,"date":"2025-03-20T16:25:36","date_gmt":"2025-03-20T16:25:36","guid":{"rendered":"https:\/\/aromasentia.com\/product\/heart-guest-soaps-wild-rose\/"},"modified":"2025-06-23T19:13:16","modified_gmt":"2025-06-23T19:13:16","slug":"coeur-de-savon-appox-100-rose-sauvage","status":"publish","type":"product","link":"https:\/\/aromasentia.com\/fr\/coeur-de-savon-appox-100-rose-sauvage\/","title":{"rendered":"Coeur de Savon (appox 100) Rose Sauvage"},"content":{"rendered":"<p><span class=\"Normal-C2\">Gamme grossiste de petits savons en forme de c\u0153ur parfum Rose. Un parfum parfait pour se sentir sauvage et d\u00e9tendu.<br \/>Ils feront de superbes savons pour les h\u00f4tels, les restaurants, ou bien juste chez vous! Ils sont color\u00e9s et sentent aussi bon qu\u2019ils sont beaux!! &nbsp;Ils vont attirer l&rsquo;attention de vos clients!! Et il y en a pour tous les go\u00fbts &#8230; Parfaits \u00e9galement pour les chambres d&rsquo;h\u00f4tes.<br \/><\/span>Ces savons sont sans paraben et SLS.<\/p>\n<p><\/p>\n<p><span class=\"Normal-C3\" style=\" font-style: italic;   color: #008080;\">Chaque savon p\u00e8se environ 20 gramme chacun et mesure &nbsp;env 45&#215;40 mm.<\/span><\/p>\n<p><\/p>\n<p><span style=\"color: rgb(184, 49, 47);\"><strong>Attention le nombre de savons peut varier: plus ou &#8211;<wbr> 100 savons par bo\u00eete<\/strong><\/span><\/p>\n","protected":false},"excerpt":{"rendered":"<p>Gamme grossiste de petits savons en forme de c\u0153ur parfum Rose. Un parfum parfait pour se sentir sauvage et d\u00e9tendu.Ils feront de superbes savons pour les h\u00f4tels, les restaurants, ou bien juste chez vous! Ils sont color\u00e9s et sentent aussi bon qu\u2019ils sont beaux!! &nbsp;Ils vont attirer l&rsquo;attention de vos clients!! Et il y en [&hellip;]<\/p>\n","protected":false},"featured_media":276792,"comment_status":"closed","ping_status":"open","template":"","meta":{"_angie_page":false},"product_brand":[],"product_cat":[19443,26832,26369,20586,25842],"product_tag":[],"class_list":{"0":"post-240912","1":"product","2":"type-product","3":"status-publish","4":"has-post-thumbnail","6":"product_cat-bain-et-corps","7":"product_cat-floral","8":"product_cat-rose","9":"product_cat-savons-bio-naturels","10":"product_cat-senteurs-aromes","11":"pa_collection-shaped-guest-soaps-fr","12":"pa_made-in-royaume-uni","14":"first","15":"instock","16":"purchasable","17":"product-type-simple"},"supplier_id":null,"supplier_sku":"AWGSoap-02","barcode":null,"atum_controlled":true,"out_stock_date":null,"out_stock_threshold":null,"inheritable":false,"inbound_stock":null,"stock_on_hold":0,"sold_today":0,"sales_last_days":0,"reserved_stock":null,"customer_returns":null,"warehouse_damage":null,"lost_in_post":null,"other_logs":null,"out_stock_days":0,"lost_sales":0,"has_location":null,"update_date":"2026-04-27T06:52:22","atum_locations":[],"atum_stock_status":"instock","restock_status":false,"low_stock_amount":"","sales_update_date":"2026-02-06T00:01:52","calc_backorders":null,"_links":{"self":[{"href":"https:\/\/aromasentia.com\/fr\/wp-json\/wp\/v2\/product\/240912","targetHints":{"allow":["GET"]}}],"collection":[{"href":"https:\/\/aromasentia.com\/fr\/wp-json\/wp\/v2\/product"}],"about":[{"href":"https:\/\/aromasentia.com\/fr\/wp-json\/wp\/v2\/types\/product"}],"replies":[{"embeddable":true,"href":"https:\/\/aromasentia.com\/fr\/wp-json\/wp\/v2\/comments?post=240912"}],"version-history":[{"count":0,"href":"https:\/\/aromasentia.com\/fr\/wp-json\/wp\/v2\/product\/240912\/revisions"}],"wp:featuredmedia":[{"embeddable":true,"href":"https:\/\/aromasentia.com\/fr\/wp-json\/wp\/v2\/media\/276792"}],"wp:attachment":[{"href":"https:\/\/aromasentia.com\/fr\/wp-json\/wp\/v2\/media?parent=240912"}],"wp:term":[{"taxonomy":"product_brand","embeddable":true,"href":"https:\/\/aromasentia.com\/fr\/wp-json\/wp\/v2\/product_brand?post=240912"},{"taxonomy":"product_cat","embeddable":true,"href":"https:\/\/aromasentia.com\/fr\/wp-json\/wp\/v2\/product_cat?post=240912"},{"taxonomy":"product_tag","embeddable":true,"href":"https:\/\/aromasentia.com\/fr\/wp-json\/wp\/v2\/product_tag?post=240912"}],"curies":[{"name":"wp","href":"https:\/\/api.w.org\/{rel}","templated":true}]}}