{"id":240816,"date":"2025-03-20T16:27:39","date_gmt":"2025-03-20T16:27:39","guid":{"rendered":"https:\/\/aromasentia.com\/product\/bubblegum-bath-dust-200g\/"},"modified":"2025-06-23T19:13:02","modified_gmt":"2025-06-23T19:13:02","slug":"poudre-de-bain-bubblegum-190g","status":"publish","type":"product","link":"https:\/\/aromasentia.com\/fr\/poudre-de-bain-bubblegum-190g\/","title":{"rendered":"Poudre de bain Bubblegum 190g"},"content":{"rendered":"<p><span style=\"color: rgb(255, 192, 203);\"><strong>Poudre de Bain&nbsp;<\/strong><strong>Bubblegum<\/strong><\/span><\/p>\n<p>Ce parfum all\u00e9chant sent comme les boules de chewing-gum de la machine \u00e0 bonbons. Un favori de l&rsquo;enfance.<\/p>\n<p>La poussi\u00e8re de bain, \u00e9galement connue sous le nom de poudre de bain, a le m\u00eame effet que nos <a href=\"https:\/\/aromasentia.com\/jbb\">Bombes de Bain Jumbo.<\/a><\/p>\n<p>Saupoudrez simplement autant de poudre que vous le souhaitez dans le bain chaud et profitez d&rsquo;un \u00e9norme p\u00e9tillant et d&rsquo;un parfum agr\u00e9able !&nbsp;<\/p>\n<p>La poudre de bain est compos\u00e9e d&rsquo;un m\u00e9lange d&rsquo;acide citrique et de bicarbonate de sodium pour adoucir l&rsquo;eau. De plus, elle contient du beurre de karit\u00e9 qui rend la peau apais\u00e9e et douce.&nbsp;<\/p>\n<p>Celles-ci seront un excellent ajout \u00e0 votre gamme de cadeaux de salle de bain.&nbsp;<\/p>\n<p><strong><span style=\"color: rgb(141, 186, 216);\">Commandez maintenant et rendez chaque bain inoubliable.<\/span><\/strong><\/p>\n","protected":false},"excerpt":{"rendered":"<p>Poudre de Bain&nbsp;Bubblegum Ce parfum all\u00e9chant sent comme les boules de chewing-gum de la machine \u00e0 bonbons. Un favori de l&rsquo;enfance. La poussi\u00e8re de bain, \u00e9galement connue sous le nom de poudre de bain, a le m\u00eame effet que nos Bombes de Bain Jumbo. Saupoudrez simplement autant de poudre que vous le souhaitez dans le [&hellip;]<\/p>\n","protected":false},"featured_media":277751,"comment_status":"closed","ping_status":"open","template":"","meta":{"_angie_page":false},"product_brand":[],"product_cat":[19443,20681],"product_tag":[],"class_list":{"0":"post-240816","1":"product","2":"type-product","3":"status-publish","4":"has-post-thumbnail","6":"product_cat-bain-et-corps","7":"product_cat-sels-de-bain","8":"pa_collection-bath-dust-190g-fr","9":"pa_made-in-royaume-uni","10":"pa_size-200g","12":"first","13":"instock","14":"purchasable","15":"product-type-simple"},"supplier_id":null,"supplier_sku":"BAS-25","barcode":null,"atum_controlled":true,"out_stock_date":null,"out_stock_threshold":null,"inheritable":false,"inbound_stock":null,"stock_on_hold":0,"sold_today":0,"sales_last_days":0,"reserved_stock":null,"customer_returns":null,"warehouse_damage":null,"lost_in_post":null,"other_logs":null,"out_stock_days":51,"lost_sales":0,"has_location":null,"update_date":"2026-05-08T05:04:57","atum_locations":[],"atum_stock_status":"instock","restock_status":false,"low_stock_amount":"","sales_update_date":"2026-02-06T00:01:02","calc_backorders":null,"_links":{"self":[{"href":"https:\/\/aromasentia.com\/fr\/wp-json\/wp\/v2\/product\/240816","targetHints":{"allow":["GET"]}}],"collection":[{"href":"https:\/\/aromasentia.com\/fr\/wp-json\/wp\/v2\/product"}],"about":[{"href":"https:\/\/aromasentia.com\/fr\/wp-json\/wp\/v2\/types\/product"}],"replies":[{"embeddable":true,"href":"https:\/\/aromasentia.com\/fr\/wp-json\/wp\/v2\/comments?post=240816"}],"version-history":[{"count":0,"href":"https:\/\/aromasentia.com\/fr\/wp-json\/wp\/v2\/product\/240816\/revisions"}],"wp:featuredmedia":[{"embeddable":true,"href":"https:\/\/aromasentia.com\/fr\/wp-json\/wp\/v2\/media\/277751"}],"wp:attachment":[{"href":"https:\/\/aromasentia.com\/fr\/wp-json\/wp\/v2\/media?parent=240816"}],"wp:term":[{"taxonomy":"product_brand","embeddable":true,"href":"https:\/\/aromasentia.com\/fr\/wp-json\/wp\/v2\/product_brand?post=240816"},{"taxonomy":"product_cat","embeddable":true,"href":"https:\/\/aromasentia.com\/fr\/wp-json\/wp\/v2\/product_cat?post=240816"},{"taxonomy":"product_tag","embeddable":true,"href":"https:\/\/aromasentia.com\/fr\/wp-json\/wp\/v2\/product_tag?post=240816"}],"curies":[{"name":"wp","href":"https:\/\/api.w.org\/{rel}","templated":true}]}}