{"id":240772,"date":"2025-03-20T16:29:32","date_gmt":"2025-03-20T16:29:32","guid":{"rendered":"https:\/\/aromasentia.com\/product\/pure-body-butter-90g-argan\/"},"modified":"2025-06-23T19:12:55","modified_gmt":"2025-06-23T19:12:55","slug":"beurre-corporel-pur-90g-argan","status":"publish","type":"product","link":"https:\/\/aromasentia.com\/fr\/beurre-corporel-pur-90g-argan\/","title":{"rendered":"Beurre corporel pur 90g &#8211; Argan"},"content":{"rendered":"<p>Par rapport aux lotions, l&rsquo;effet du beurre corporel est perceptible beaucoup plus rapidement, et l&rsquo;am\u00e9lioration du confort per&ccedil;u de la peau peut \u00eatre constat\u00e9e d\u00e8s la premi\u00e8re utilisation du produit.&nbsp;<\/p>\n<p>Le Beurre Pur Corps Ancient Wisdom, contrairement aux cosm\u00e9tiques plus l\u00e9gers, n&rsquo;est pas absorb\u00e9 imm\u00e9diatement apr\u00e8s l&rsquo;application, mais reste sur la peau sous la forme d&rsquo;un film actif. Gr\u00e2ce \u00e0 lui, les ingr\u00e9dients b\u00e9n\u00e9fiques du produit peuvent r\u00e9g\u00e9n\u00e9rer activement la peau jusqu&rsquo;\u00e0 plusieurs heures apr\u00e8s son application sur le corps.&nbsp;<\/p>\n<p><strong>Mode d&#8217;emploi :<\/strong> Avant l&rsquo;application, nettoyez la peau sous une douche ou un bain ti\u00e8de \u00e0 chaud pour aider \u00e0 ouvrir les pores. Massez doucement une petite cuiller\u00e9e de notre beurre dans la peau.&nbsp;<\/p>\n<p><strong><span style=\"color: rgb(251, 160, 38);\">Attendez quelques minutes que le beurre p\u00e9n\u00e8tre avant de vous habiller.<\/span><\/strong><\/p>\n","protected":false},"excerpt":{"rendered":"<p>Par rapport aux lotions, l&rsquo;effet du beurre corporel est perceptible beaucoup plus rapidement, et l&rsquo;am\u00e9lioration du confort per&ccedil;u de la peau peut \u00eatre constat\u00e9e d\u00e8s la premi\u00e8re utilisation du produit.&nbsp; Le Beurre Pur Corps Ancient Wisdom, contrairement aux cosm\u00e9tiques plus l\u00e9gers, n&rsquo;est pas absorb\u00e9 imm\u00e9diatement apr\u00e8s l&rsquo;application, mais reste sur la peau sous la forme [&hellip;]<\/p>\n","protected":false},"featured_media":278516,"comment_status":"closed","ping_status":"open","template":"","meta":{"_angie_page":false},"product_brand":[],"product_cat":[19443,20986],"product_tag":[],"class_list":{"0":"post-240772","1":"product","2":"type-product","3":"status-publish","4":"has-post-thumbnail","6":"product_cat-bain-et-corps","7":"product_cat-soins-corps","8":"pa_collection-pure-body-butter-90-g-fr","9":"pa_made-in-royaume-uni","10":"pa_size-90g","12":"first","13":"instock","14":"purchasable","15":"product-type-simple"},"supplier_id":null,"supplier_sku":"BB-05","barcode":null,"atum_controlled":true,"out_stock_date":null,"out_stock_threshold":null,"inheritable":false,"inbound_stock":null,"stock_on_hold":0,"sold_today":0,"sales_last_days":0,"reserved_stock":null,"customer_returns":null,"warehouse_damage":null,"lost_in_post":null,"other_logs":null,"out_stock_days":0,"lost_sales":0,"has_location":null,"update_date":"2026-04-27T06:54:15","atum_locations":[],"atum_stock_status":"instock","restock_status":false,"low_stock_amount":"","sales_update_date":"2026-01-30T01:24:51","calc_backorders":null,"_links":{"self":[{"href":"https:\/\/aromasentia.com\/fr\/wp-json\/wp\/v2\/product\/240772","targetHints":{"allow":["GET"]}}],"collection":[{"href":"https:\/\/aromasentia.com\/fr\/wp-json\/wp\/v2\/product"}],"about":[{"href":"https:\/\/aromasentia.com\/fr\/wp-json\/wp\/v2\/types\/product"}],"replies":[{"embeddable":true,"href":"https:\/\/aromasentia.com\/fr\/wp-json\/wp\/v2\/comments?post=240772"}],"version-history":[{"count":0,"href":"https:\/\/aromasentia.com\/fr\/wp-json\/wp\/v2\/product\/240772\/revisions"}],"wp:featuredmedia":[{"embeddable":true,"href":"https:\/\/aromasentia.com\/fr\/wp-json\/wp\/v2\/media\/278516"}],"wp:attachment":[{"href":"https:\/\/aromasentia.com\/fr\/wp-json\/wp\/v2\/media?parent=240772"}],"wp:term":[{"taxonomy":"product_brand","embeddable":true,"href":"https:\/\/aromasentia.com\/fr\/wp-json\/wp\/v2\/product_brand?post=240772"},{"taxonomy":"product_cat","embeddable":true,"href":"https:\/\/aromasentia.com\/fr\/wp-json\/wp\/v2\/product_cat?post=240772"},{"taxonomy":"product_tag","embeddable":true,"href":"https:\/\/aromasentia.com\/fr\/wp-json\/wp\/v2\/product_tag?post=240772"}],"curies":[{"name":"wp","href":"https:\/\/api.w.org\/{rel}","templated":true}]}}