{"id":240744,"date":"2025-03-20T16:29:32","date_gmt":"2025-03-20T16:29:32","guid":{"rendered":"https:\/\/aromasentia.com\/product\/funky-bath-bomb-125g-italian-promenade\/"},"modified":"2025-06-23T19:12:52","modified_gmt":"2025-06-23T19:12:52","slug":"boule-de-bain-funky-125g-promenade-italienne","status":"publish","type":"product","link":"https:\/\/aromasentia.com\/fr\/boule-de-bain-funky-125g-promenade-italienne\/","title":{"rendered":"Boule de Bain Funky 125g &#8211; Promenade Italienne"},"content":{"rendered":"<p>La nouvelle gamme de bombes de bain Funky en gros est parfaite pour tous ceux qui recherchent des boules de bain de haute qualit\u00e9, &nbsp;et qui sent bon.&nbsp;<\/p>\n<p>Nous avons une gamme de parfums fantastiques parmi lesquels choisir et chacun a sa propre couleur distinctive. Charmante et indulgente, chacune de ces boules de bain sont fabriqu\u00e9e \u00e0 la main pour offrir \u00e0 vos clients le luxe de se d\u00e9tendre comme dans un spa chez eux.&nbsp;<\/p>\n<p>Ajoutez une boule \u00e0 un bain bien chaud et regardez-la efferv\u00e9ss\u00e9 et ajouter de la couleur et senteur \u00e0 votre bain relaxant. &nbsp;<\/p>\n<p>Achetez-les aujourd&rsquo;hui pour cr\u00e9er un paradis de bain ultime dans votre magasin.<\/p>\n","protected":false},"excerpt":{"rendered":"<p>La nouvelle gamme de bombes de bain Funky en gros est parfaite pour tous ceux qui recherchent des boules de bain de haute qualit\u00e9, &nbsp;et qui sent bon.&nbsp; Nous avons une gamme de parfums fantastiques parmi lesquels choisir et chacun a sa propre couleur distinctive. Charmante et indulgente, chacune de ces boules de bain sont [&hellip;]<\/p>\n","protected":false},"featured_media":278445,"comment_status":"closed","ping_status":"open","template":"","meta":[],"product_brand":[],"product_cat":[19443,20507],"product_tag":[],"class_list":{"0":"post-240744","1":"product","2":"type-product","3":"status-publish","4":"has-post-thumbnail","6":"product_cat-bain-et-corps","7":"product_cat-boules-bombes-de-bain","8":"pa_made-in-lettonie","10":"first","11":"outofstock","12":"purchasable","13":"product-type-simple"},"supplier_id":null,"supplier_sku":"BathB-02","barcode":null,"atum_controlled":true,"out_stock_date":"2025-10-09 14:01:47","out_stock_threshold":null,"inheritable":false,"inbound_stock":null,"stock_on_hold":0,"sold_today":0,"sales_last_days":0,"reserved_stock":null,"customer_returns":null,"warehouse_damage":null,"lost_in_post":null,"other_logs":null,"out_stock_days":112,"lost_sales":0,"has_location":null,"update_date":"2026-01-30T01:25:16","atum_locations":[],"atum_stock_status":"outofstock","restock_status":false,"low_stock_amount":"","sales_update_date":"2026-01-30T01:25:16","calc_backorders":null,"_links":{"self":[{"href":"https:\/\/aromasentia.com\/fr\/wp-json\/wp\/v2\/product\/240744","targetHints":{"allow":["GET"]}}],"collection":[{"href":"https:\/\/aromasentia.com\/fr\/wp-json\/wp\/v2\/product"}],"about":[{"href":"https:\/\/aromasentia.com\/fr\/wp-json\/wp\/v2\/types\/product"}],"replies":[{"embeddable":true,"href":"https:\/\/aromasentia.com\/fr\/wp-json\/wp\/v2\/comments?post=240744"}],"version-history":[{"count":0,"href":"https:\/\/aromasentia.com\/fr\/wp-json\/wp\/v2\/product\/240744\/revisions"}],"wp:featuredmedia":[{"embeddable":true,"href":"https:\/\/aromasentia.com\/fr\/wp-json\/wp\/v2\/media\/278445"}],"wp:attachment":[{"href":"https:\/\/aromasentia.com\/fr\/wp-json\/wp\/v2\/media?parent=240744"}],"wp:term":[{"taxonomy":"product_brand","embeddable":true,"href":"https:\/\/aromasentia.com\/fr\/wp-json\/wp\/v2\/product_brand?post=240744"},{"taxonomy":"product_cat","embeddable":true,"href":"https:\/\/aromasentia.com\/fr\/wp-json\/wp\/v2\/product_cat?post=240744"},{"taxonomy":"product_tag","embeddable":true,"href":"https:\/\/aromasentia.com\/fr\/wp-json\/wp\/v2\/product_tag?post=240744"}],"curies":[{"name":"wp","href":"https:\/\/api.w.org\/{rel}","templated":true}]}}