{"id":240704,"date":"2025-03-20T16:30:10","date_gmt":"2025-03-20T16:30:10","guid":{"rendered":"https:\/\/aromasentia.com\/product\/bath-bomb-kit-alloy-satin\/"},"modified":"2025-06-23T19:12:45","modified_gmt":"2025-06-23T19:12:45","slug":"kit-de-bombes-de-bain-alliage-satin","status":"publish","type":"product","link":"https:\/\/aromasentia.com\/fr\/kit-de-bombes-de-bain-alliage-satin\/","title":{"rendered":"Kit de Bombes de Bain &#8211; Alliage &#038; Satin"},"content":{"rendered":"<p>Lib\u00e9rez votre cr\u00e9ativit\u00e9 en m\u00e9langeant des couleurs dans diff\u00e9rents styles et en m\u00e9langeant divers sels et parfums pour organiser votre voyage sensoriel id\u00e9al.&nbsp;<\/p>\n<p>Consultez le guide d&rsquo;instructions pour vous inspirer et cr\u00e9er l&rsquo;ambiance parfaite que vous d\u00e9sirez.&nbsp;<\/p>\n<p>Ces bombes de bain uniques peuvent \u00eatre ch\u00e9ries pour votre propre d\u00e9tente ou constituer de merveilleux cadeaux pour quelqu&rsquo;un de sp\u00e9cial. Am\u00e9liorez votre routine de bain avec le kit de bombes de bain Ancient Wisdom et offrez-vous une exp\u00e9rience de bain sensationnelle et rajeunissante comme jamais auparavant !&nbsp;<\/p>\n<p><strong><span style=\"color: rgb(75, 80, 88);\">Le kit DYI comprend :<\/span><\/strong> des p\u00e9tales de rose, des formes amusantes en sucre, 500 g de sel de l&rsquo;Himalaya, 200 g d&rsquo;acide citrique, 2 moules de bombes de bain diff\u00e9rents, 2 parfums incroyables, 3 colorants primaires et instructions \u00e9tape par \u00e9tape.<\/p>\n<p><strong><span style=\"color: rgb(75, 80, 88);\">Instructions:&nbsp;<\/span><\/strong><\/p>\n<p>\u00e9tape 1 : Videz le bicarbonate de sodium et la quantit\u00e9 souhait\u00e9e de sel de l&rsquo;Himalaya, de p\u00e9tales et de formes de sucre dans un bol vide.&nbsp;<\/p>\n<p>\u00e9tape 2 : Versez 10 ml d\u2019eau et m\u00e9langez jusqu\u2019\u00e0 ce que le m\u00e9lange commence \u00e0 coller. S&rsquo;il est sec, ajoutez quelques gouttes d&rsquo;eau suppl\u00e9mentaires.&nbsp;<\/p>\n<p>\u00e9tape 3 : Si vous souhaitez cr\u00e9er plusieurs variantes de bombes de bain, divisez le m\u00e9lange de mani\u00e8re \u00e9gale. Ajoutez le colorant et l\u2019huile parfum\u00e9e \u00e0 votre (vos) m\u00e9lange(s) soigneusement avant d\u2019ajouter l\u2019acide citrique.&nbsp;<\/p>\n<p>\u00e9tape 4 : Versez le m\u00e9lange sur les deux c\u00f4t\u00e9s du moule et pressez bien.&nbsp;<\/p>\n<p>\u00e9tape 5 : Pressez doucement les c\u00f4t\u00e9s du moule pour lib\u00e9rer la bombe de bain et laissez s\u00e9cher pendant 60 minutes. Surprenez quelqu&rsquo;un de sp\u00e9cial avec ces merveilleuses cr\u00e9ations.&nbsp;<\/p>\n<p><strong><span style=\"color: rgb(141, 186, 216);\">Obtenez votre kit de bombes de bain DIY d\u00e8s aujourd&rsquo;hui !<\/span><\/strong><\/p>\n","protected":false},"excerpt":{"rendered":"<p>Lib\u00e9rez votre cr\u00e9ativit\u00e9 en m\u00e9langeant des couleurs dans diff\u00e9rents styles et en m\u00e9langeant divers sels et parfums pour organiser votre voyage sensoriel id\u00e9al.&nbsp; Consultez le guide d&rsquo;instructions pour vous inspirer et cr\u00e9er l&rsquo;ambiance parfaite que vous d\u00e9sirez.&nbsp; Ces bombes de bain uniques peuvent \u00eatre ch\u00e9ries pour votre propre d\u00e9tente ou constituer de merveilleux cadeaux pour [&hellip;]<\/p>\n","protected":false},"featured_media":278911,"comment_status":"closed","ping_status":"open","template":"","meta":{"_angie_page":false},"product_brand":[],"product_cat":[19443,20507,20508],"product_tag":[],"class_list":{"0":"post-240704","1":"product","2":"type-product","3":"status-publish","4":"has-post-thumbnail","6":"product_cat-bain-et-corps","7":"product_cat-boules-bombes-de-bain","8":"product_cat-coffrets-cadeaux","9":"pa_collection-bath-bomb-kit-diy-fr","10":"pa_made-in-royaume-uni","12":"first","13":"outofstock","14":"purchasable","15":"product-type-simple"},"supplier_id":null,"supplier_sku":"BBKIT-02","barcode":null,"atum_controlled":true,"out_stock_date":"2026-04-25 15:13:31","out_stock_threshold":null,"inheritable":false,"inbound_stock":null,"stock_on_hold":0,"sold_today":0,"sales_last_days":0,"reserved_stock":null,"customer_returns":null,"warehouse_damage":null,"lost_in_post":null,"other_logs":null,"out_stock_days":0,"lost_sales":0,"has_location":null,"update_date":"2026-04-27T06:54:25","atum_locations":[],"atum_stock_status":"outofstock","restock_status":false,"low_stock_amount":"","sales_update_date":"2026-01-20T05:14:11","calc_backorders":null,"_links":{"self":[{"href":"https:\/\/aromasentia.com\/fr\/wp-json\/wp\/v2\/product\/240704","targetHints":{"allow":["GET"]}}],"collection":[{"href":"https:\/\/aromasentia.com\/fr\/wp-json\/wp\/v2\/product"}],"about":[{"href":"https:\/\/aromasentia.com\/fr\/wp-json\/wp\/v2\/types\/product"}],"replies":[{"embeddable":true,"href":"https:\/\/aromasentia.com\/fr\/wp-json\/wp\/v2\/comments?post=240704"}],"version-history":[{"count":0,"href":"https:\/\/aromasentia.com\/fr\/wp-json\/wp\/v2\/product\/240704\/revisions"}],"wp:featuredmedia":[{"embeddable":true,"href":"https:\/\/aromasentia.com\/fr\/wp-json\/wp\/v2\/media\/278911"}],"wp:attachment":[{"href":"https:\/\/aromasentia.com\/fr\/wp-json\/wp\/v2\/media?parent=240704"}],"wp:term":[{"taxonomy":"product_brand","embeddable":true,"href":"https:\/\/aromasentia.com\/fr\/wp-json\/wp\/v2\/product_brand?post=240704"},{"taxonomy":"product_cat","embeddable":true,"href":"https:\/\/aromasentia.com\/fr\/wp-json\/wp\/v2\/product_cat?post=240704"},{"taxonomy":"product_tag","embeddable":true,"href":"https:\/\/aromasentia.com\/fr\/wp-json\/wp\/v2\/product_tag?post=240704"}],"curies":[{"name":"wp","href":"https:\/\/api.w.org\/{rel}","templated":true}]}}