{"id":240616,"date":"2025-03-20T16:31:41","date_gmt":"2025-03-20T16:31:41","guid":{"rendered":"https:\/\/aromasentia.com\/product\/chakra-bath-salt-gift-pack-of-7\/"},"modified":"2025-06-23T19:12:32","modified_gmt":"2025-06-23T19:12:32","slug":"sel-de-bain-chakra-pack-cadeau-de-7","status":"publish","type":"product","link":"https:\/\/aromasentia.com\/fr\/sel-de-bain-chakra-pack-cadeau-de-7\/","title":{"rendered":"Sel de Bain Chakra &#8211; Pack Cadeau de 7"},"content":{"rendered":"<p>Lib\u00e9rez le pouvoir de la d\u00e9couverte de soi avec cette collection exquise de sels de bain Chakra d&rsquo;aromath\u00e9rapie, con&ccedil;us pour \u00e9quilibrer et harmoniser les centres \u00e9nerg\u00e9tiques du corps.&nbsp;<\/p>\n<p>Cette collection exclusive comprend sept sels de bain uniques, chacun sp\u00e9cialement formul\u00e9 pour un chakra particulier. Fabriqu\u00e9s \u00e0 partir <strong>d&rsquo;huiles essentielles <\/strong>de haute qualit\u00e9, ils offrent une exp\u00e9rience luxueuse et apaisante.&nbsp;<\/p>\n<p>&#8211; <strong>Sel de bain du chakra de la couronne :<\/strong> Enrichi d&rsquo;un m\u00e9lange rafra\u00eechissant d&rsquo;huiles essentielles de menthe poivr\u00e9e, ce sel vise \u00e0 revitaliser votre chakra de la couronne.&nbsp;<\/p>\n<p>&#8211; <strong>Sel de bain du chakra du troisi\u00e8me \u0153il :<\/strong> Retrouvez s\u00e9r\u00e9nit\u00e9 et paix int\u00e9rieure gr\u00e2ce \u00e0 l&rsquo;essence apaisante de l&rsquo;huile essentielle de lavande.&nbsp;<\/p>\n<p>&#8211; <strong>Sel de bain du chakra de la gorge :<\/strong> Favorisez une communication claire avec le m\u00e9lange vivifiant d\u2019huiles essentielles d\u2019eucalyptus et de citron.&nbsp;<\/p>\n<p>&#8211; <strong>Sel de bain du chakra du c\u0153ur :<\/strong> Nourrissez le centre de l&rsquo;amour et de la compassion avec l&rsquo;harmonieux m\u00e9lange d&rsquo;huiles essentielles de camomille et de pamplemousse.&nbsp;<\/p>\n<p>&#8211; <strong>Sel de bain du chakra du plexus solaire :<\/strong> Trouvez l&rsquo;harmonie int\u00e9rieure et r\u00e9duisez le stress gr\u00e2ce aux pouvoirs remarquables de l&rsquo;huile essentielle d&rsquo;ylang-ylang.&nbsp;<\/p>\n<p>&#8211; <strong>Sel de bain du chakra sacr\u00e9 :<\/strong> Stimulez votre esprit cr\u00e9atif avec le duo dynamique d\u2019huiles essentielles d\u2019orange douce et de cannelle.&nbsp;<\/p>\n<p>&#8211; <strong>Sel de bain du chakra racine :<\/strong> Renforcez votre stabilit\u00e9 et votre force avec le m\u00e9lange de base d\u2019huiles essentielles de bergamote et de menthe verte.&nbsp;<\/p>\n<p>D\u00e9couvrez cette collection exclusive et plongez dans un voyage de bien-\u00eatre et de r\u00e9\u00e9quilibrage \u00e9nerg\u00e9tique, en vous enveloppant de parfums exquis et th\u00e9rapeutiques.<\/p>\n<p><strong>Ingr\u00e9dients:&nbsp;<\/strong><\/p>\n<p>CHAKRA DE COURONNE : Maris Sal, huile de Mentha Piperita, CI 18050, beurre de Butyrospermum Parkii, Aqua, CI 45430, CI 42090, limon\u00e8ne&nbsp;<\/p>\n<p>CHAKRA DU TROISI\u00e8ME \u0153IL : SMaris Sal, huile de Lavandula Angustifolia, beurre de Butyrospermum Parkii, Aqua, CI 42090, Linalol, Limon\u00e8ne&nbsp;<\/p>\n<p>CHAKRA DE LA GORGE : Maris Sal, huile d&rsquo;\u00e9corce de citron vert, huile de feuille d&rsquo;eucalyptus Globulus, beurre de Butyrospermum Parkii, Aqua, CI 42090, limon\u00e8ne, citral.&nbsp;<\/p>\n<p>CHAKRA DU COEUR : Maris Sal, CI 19140, huile d&rsquo;\u00e9corce de Citrus Paradisi, huile de fleur d&rsquo;Anthemis Nobilis, beurre de Butyrospermum Parkii, Aqua, CI 42090, limon\u00e8ne.&nbsp;<\/p>\n<p>CHAKRA DU PLEXUS SOLAIRE : Maris Sal, huile de fleur de Cananga Odorata, beurre de Butyrospermum Parkii, Aqua, CI 19140, salicylate de benzyle, Farnesol&nbsp;<\/p>\n<p>CHAKRA SACRAL : Maris Sal, huile d&rsquo;\u00e9corce de Citrus Sinensis, huile d&rsquo;\u00e9corce de Citrus Limon, beurre de Butyrospermum Parkii, Aqua, CI 19140, CI 15985, limon\u00e8ne, linalol, eug\u00e9nol, citral.&nbsp;<\/p>\n<p>CHAKRA RACINE : Maris Sal, CI 18050, huile de fruit d&rsquo;agrumes bergamia, CI 19140, huile d&rsquo;herbes Mentha Spicata, beurre de Butyrospermum Parkii, Aqua, CI 45430, limon\u00e8ne, linalol.<\/p>\n","protected":false},"excerpt":{"rendered":"<p>Lib\u00e9rez le pouvoir de la d\u00e9couverte de soi avec cette collection exquise de sels de bain Chakra d&rsquo;aromath\u00e9rapie, con&ccedil;us pour \u00e9quilibrer et harmoniser les centres \u00e9nerg\u00e9tiques du corps.&nbsp; Cette collection exclusive comprend sept sels de bain uniques, chacun sp\u00e9cialement formul\u00e9 pour un chakra particulier. Fabriqu\u00e9s \u00e0 partir d&rsquo;huiles essentielles de haute qualit\u00e9, ils offrent une [&hellip;]<\/p>\n","protected":false},"featured_media":279565,"comment_status":"closed","ping_status":"open","template":"","meta":{"_angie_page":false},"product_brand":[],"product_cat":[19443,20508,20681],"product_tag":[],"class_list":{"0":"post-240616","1":"product","2":"type-product","3":"status-publish","4":"has-post-thumbnail","6":"product_cat-bain-et-corps","7":"product_cat-coffrets-cadeaux","8":"product_cat-sels-de-bain","9":"pa_collection-bath-salts-in-vials-gift-pack-of-7-fr","10":"pa_made-in-royaume-uni","12":"first","13":"instock","14":"purchasable","15":"product-type-simple"},"supplier_id":null,"supplier_sku":"BSV-02","barcode":null,"atum_controlled":true,"out_stock_date":null,"out_stock_threshold":null,"inheritable":false,"inbound_stock":null,"stock_on_hold":0,"sold_today":0,"sales_last_days":0,"reserved_stock":null,"customer_returns":null,"warehouse_damage":null,"lost_in_post":null,"other_logs":null,"out_stock_days":0,"lost_sales":0,"has_location":null,"update_date":"2026-04-27T06:55:48","atum_locations":[],"atum_stock_status":"instock","restock_status":false,"low_stock_amount":"","sales_update_date":"2025-10-09T03:27:00","calc_backorders":null,"_links":{"self":[{"href":"https:\/\/aromasentia.com\/fr\/wp-json\/wp\/v2\/product\/240616","targetHints":{"allow":["GET"]}}],"collection":[{"href":"https:\/\/aromasentia.com\/fr\/wp-json\/wp\/v2\/product"}],"about":[{"href":"https:\/\/aromasentia.com\/fr\/wp-json\/wp\/v2\/types\/product"}],"replies":[{"embeddable":true,"href":"https:\/\/aromasentia.com\/fr\/wp-json\/wp\/v2\/comments?post=240616"}],"version-history":[{"count":0,"href":"https:\/\/aromasentia.com\/fr\/wp-json\/wp\/v2\/product\/240616\/revisions"}],"wp:featuredmedia":[{"embeddable":true,"href":"https:\/\/aromasentia.com\/fr\/wp-json\/wp\/v2\/media\/279565"}],"wp:attachment":[{"href":"https:\/\/aromasentia.com\/fr\/wp-json\/wp\/v2\/media?parent=240616"}],"wp:term":[{"taxonomy":"product_brand","embeddable":true,"href":"https:\/\/aromasentia.com\/fr\/wp-json\/wp\/v2\/product_brand?post=240616"},{"taxonomy":"product_cat","embeddable":true,"href":"https:\/\/aromasentia.com\/fr\/wp-json\/wp\/v2\/product_cat?post=240616"},{"taxonomy":"product_tag","embeddable":true,"href":"https:\/\/aromasentia.com\/fr\/wp-json\/wp\/v2\/product_tag?post=240616"}],"curies":[{"name":"wp","href":"https:\/\/api.w.org\/{rel}","templated":true}]}}