{"id":240548,"date":"2025-03-20T16:33:42","date_gmt":"2025-03-20T16:33:42","guid":{"rendered":"https:\/\/aromasentia.com\/product\/chill-pills-gift-pack-350g-lavender-bergamot\/"},"modified":"2025-06-23T19:12:22","modified_gmt":"2025-06-23T19:12:22","slug":"paquet-cadeau-de-mini-bombes-de-bain-350g-lavande-bergamote","status":"publish","type":"product","link":"https:\/\/aromasentia.com\/fr\/paquet-cadeau-de-mini-bombes-de-bain-350g-lavande-bergamote\/","title":{"rendered":"Paquet Cadeau de Mini Bombes de Bain 350g &#8211; Lavande &#038; Bergamote"},"content":{"rendered":"<p><strong><span style=\"color: rgb(84, 172, 210);\">Paquet Cadeau de Mini Bombes de Bain 350g &#8211; Lavande &amp; Bergamote<\/span><\/strong><\/p>\n<p>Le parfum Lavande &amp; Bergamote m\u00eale harmonieusement les notes florales apaisantes de la lavande \u00e0 l&rsquo;essence vivifiante et citronn\u00e9e de la bergamote, cr\u00e9ant ainsi une symphonie de d\u00e9tente et de fra\u00eecheur.<\/p>\n<p><strong>Chaque paquet contient 350 g&nbsp;<\/strong>(environ 30 mini bombes de bain rafra\u00eechissantes).&nbsp;<\/p>\n<p>Pour une exp\u00e9rience de bain indulgente, il est recommand\u00e9 d&rsquo;utiliser 5 mini bombes de bain r\u00e9frig\u00e9rantes par bain. Ainsi, chaque paquet permet d&rsquo;effectuer environ 6 bains, ce qui est tr\u00e8s avantageux et agr\u00e9able pour l&rsquo;utilisateur final.&nbsp;<\/p>\n<p>Une pilule r\u00e9frig\u00e9rante p\u00e8se environ 12 g.&nbsp;<\/p>\n<p>Fabriqu\u00e9 avec fiert\u00e9 et amour au Royaume-Uni par AW Aromatics. Fabriqu\u00e9 \u00e0 la main&nbsp;<\/p>\n<p>&#8211; V\u00e9g\u00e9tariens&nbsp;<\/p>\n<p>&#8211; Sans Cruaut\u00e9&nbsp;<\/p>\n<p>&#8211; Emballage sans plastique<\/p>\n","protected":false},"excerpt":{"rendered":"<p>Paquet Cadeau de Mini Bombes de Bain 350g &#8211; Lavande &amp; Bergamote Le parfum Lavande &amp; Bergamote m\u00eale harmonieusement les notes florales apaisantes de la lavande \u00e0 l&rsquo;essence vivifiante et citronn\u00e9e de la bergamote, cr\u00e9ant ainsi une symphonie de d\u00e9tente et de fra\u00eecheur. Chaque paquet contient 350 g&nbsp;(environ 30 mini bombes de bain rafra\u00eechissantes).&nbsp; Pour [&hellip;]<\/p>\n","protected":false},"featured_media":280196,"comment_status":"closed","ping_status":"open","template":"","meta":{"_angie_page":false},"product_brand":[],"product_cat":[19443,26104,20507,20508,26832,26818,26233,25842],"product_tag":[],"class_list":{"0":"post-240548","1":"product","2":"type-product","3":"status-publish","4":"has-post-thumbnail","6":"product_cat-bain-et-corps","7":"product_cat-bergamote","8":"product_cat-boules-bombes-de-bain","9":"product_cat-coffrets-cadeaux","10":"product_cat-floral","11":"product_cat-hesperide-agrumes","12":"product_cat-lavande","13":"product_cat-senteurs-aromes","14":"pa_collection-chill-pills-gift-packs-350g-fr","15":"pa_made-in-royaume-uni","16":"pa_size-350g","18":"first","19":"instock","20":"purchasable","21":"product-type-simple"},"supplier_id":null,"supplier_sku":"ChillP-10","barcode":null,"atum_controlled":true,"out_stock_date":null,"out_stock_threshold":null,"inheritable":false,"inbound_stock":null,"stock_on_hold":0,"sold_today":0,"sales_last_days":0,"reserved_stock":null,"customer_returns":null,"warehouse_damage":null,"lost_in_post":null,"other_logs":null,"out_stock_days":0,"lost_sales":0,"has_location":null,"update_date":"2026-04-27T06:57:12","atum_locations":[],"atum_stock_status":"instock","restock_status":false,"low_stock_amount":"","sales_update_date":"2026-01-20T05:14:16","calc_backorders":null,"_links":{"self":[{"href":"https:\/\/aromasentia.com\/fr\/wp-json\/wp\/v2\/product\/240548","targetHints":{"allow":["GET"]}}],"collection":[{"href":"https:\/\/aromasentia.com\/fr\/wp-json\/wp\/v2\/product"}],"about":[{"href":"https:\/\/aromasentia.com\/fr\/wp-json\/wp\/v2\/types\/product"}],"replies":[{"embeddable":true,"href":"https:\/\/aromasentia.com\/fr\/wp-json\/wp\/v2\/comments?post=240548"}],"version-history":[{"count":0,"href":"https:\/\/aromasentia.com\/fr\/wp-json\/wp\/v2\/product\/240548\/revisions"}],"wp:featuredmedia":[{"embeddable":true,"href":"https:\/\/aromasentia.com\/fr\/wp-json\/wp\/v2\/media\/280196"}],"wp:attachment":[{"href":"https:\/\/aromasentia.com\/fr\/wp-json\/wp\/v2\/media?parent=240548"}],"wp:term":[{"taxonomy":"product_brand","embeddable":true,"href":"https:\/\/aromasentia.com\/fr\/wp-json\/wp\/v2\/product_brand?post=240548"},{"taxonomy":"product_cat","embeddable":true,"href":"https:\/\/aromasentia.com\/fr\/wp-json\/wp\/v2\/product_cat?post=240548"},{"taxonomy":"product_tag","embeddable":true,"href":"https:\/\/aromasentia.com\/fr\/wp-json\/wp\/v2\/product_tag?post=240548"}],"curies":[{"name":"wp","href":"https:\/\/api.w.org\/{rel}","templated":true}]}}