{"id":240508,"date":"2025-03-20T16:33:42","date_gmt":"2025-03-20T16:33:42","guid":{"rendered":"https:\/\/aromasentia.com\/product\/chakra-bath-fizz-large-box-chakra-harmony-inner-glow\/"},"modified":"2025-06-23T19:12:17","modified_gmt":"2025-06-23T19:12:17","slug":"galets-de-bain-petillants-chakra-grand-coffret-harmonie-des-chakras-eclat-interieur","status":"publish","type":"product","link":"https:\/\/aromasentia.com\/fr\/galets-de-bain-petillants-chakra-grand-coffret-harmonie-des-chakras-eclat-interieur\/","title":{"rendered":"Galets de Bain P\u00e9tillants Chakra &#8211; Grand Coffret &#8211; Harmonie des Chakras &#038; \u00c9clat Int\u00e9rieur"},"content":{"rendered":"<p>Chaque <strong>Galet de Bain Chakra<\/strong> en gros est fabriqu\u00e9 avec des <strong>huiles essentielles<\/strong> sp\u00e9cialement choisies pour d\u00e9bloquer et harmoniser chacun des centres d&rsquo;\u00e9nergie vitale du corps.&nbsp;<\/p>\n<p>Id\u00e9al pour ceux qui recherchent une approche holistique des soins personnels ou comme cadeau unique pour leurs proches.&nbsp;<\/p>\n<p><span style=\"color: rgb(147, 101, 184);\"><strong>Galets de Bain du chakra de la couronne (VIOLET)<\/strong><\/span><strong><span style=\"color: rgb(147, 101, 184);\">&nbsp;infus\u00e9 d&rsquo;une fusion d&rsquo;huiles essentielles de menthe poivr\u00e9e :&nbsp;<\/span><\/strong><\/p>\n<p>Ce m\u00e9lange exceptionnel est sp\u00e9cialement con&ccedil;u pour revigorer le chakra couronne, favorisant la clart\u00e9 mentale et l&rsquo;harmonie. Gr\u00e2ce au pouvoir de l\u2019huile de menthe poivr\u00e9e, elle peut \u00e9lever la fonction cognitive, accro\u00eetre la vigilance et am\u00e9liorer la concentration, autant d\u2019\u00e9l\u00e9ments cruciaux sur le chemin de la r\u00e9alisation de soi. R\u00e9pondant aux probl\u00e8mes courants associ\u00e9s au blocage du chakra couronne tels que les maux de t\u00eate et le manque de concentration, ce m\u00e9lange revitalisant vise \u00e0 apporter \u00e9quilibre et clart\u00e9 \u00e0 votre spiritualit\u00e9.&nbsp;<\/p>\n<p><strong><span style=\"color: rgb(41, 105, 176);\">Galets de Bain Chakra du Troisi\u00e8me Oeil (BLEU FONC\u00e9) infus\u00e9 d\u2019un m\u00e9lange d\u2019huile essentielle de lavande :&nbsp;<\/span><\/strong><\/p>\n<p>Lorsqu&rsquo;il est utilis\u00e9 dans un bain, ce d\u00e9licieux p\u00e9tillant peut cr\u00e9er une atmosph\u00e8re sereine et tranquille, encourageant un profond sentiment de paix int\u00e9rieure. Au fur et \u00e0 mesure que l\u2019esprit se d\u00e9tend, il s\u2019ouvre \u00e0 des niveaux plus \u00e9lev\u00e9s de perception et d\u2019intuition, am\u00e9liorant ainsi votre conscience spirituelle. Les propri\u00e9t\u00e9s apaisantes de l\u2019huile essentielle de lavande peuvent \u00e9galement aider \u00e0 surmonter des probl\u00e8mes tels que les troubles du sommeil et l\u2019ind\u00e9cision, qui sont des sympt\u00f4mes courants des blocages du chakra du troisi\u00e8me \u0153il.&nbsp;<\/p>\n<p><strong><span style=\"color: rgb(84, 172, 210);\">Galets de Bain du Chakra de la Gorge (BLEU) avec un m\u00e9lange d\u2019huiles essentielles d\u2019eucalyptus et de citron qui peut faire des merveilles : &nbsp;<\/span><\/strong><\/p>\n<p>On pense que l\u2019huile d\u2019eucalyptus encourage l\u2019expression honn\u00eate et favorise un sentiment d\u2019ouverture dans les interactions verbales. L\u2019huile de citron, quant \u00e0 elle, favorise la clart\u00e9 mentale et renforce la confiance pour s\u2019exprimer. Utiliser le Galet du Chakra de la gorge dans un bain peut cr\u00e9er une exp\u00e9rience rafra\u00eechissante et revigorante, permettant au chakra de la gorge de s&rsquo;\u00e9panouir et vous permettant de communiquer avec authenticit\u00e9, assurance et gr\u00e2ce.&nbsp;<\/p>\n<p><strong><span style=\"color: rgb(26, 188, 156);\">Galets de Bain du Chakra du C\u0153ur (VERT) aux huiles essentielles de camomille et de pamplemousse :&nbsp;<\/span><\/strong><\/p>\n<p>Ces Huiles offrent une d\u00e9licieuse combinaison pour nourrir et \u00e9quilibrer le centre de l\u2019amour, de la compassion et du bien-\u00eatre \u00e9motionnel. En utilisant ce p\u00e9tillant dans un bain, vous pouvez cr\u00e9er un environnement harmonieux pour que votre chakra du c\u0153ur s&rsquo;\u00e9panouisse. La combinaison d&rsquo;huiles essentielles de camomille et de pamplemousse encourage l&rsquo;amour de soi, l&#8217;empathie et des relations plus saines avec les autres, favorisant un espace cardiaque \u00e9quilibr\u00e9 et compatissant.&nbsp;<\/p>\n<p><strong><span style=\"color: rgb(250, 197, 28);\">Galets de Bain du Chakra Plexus solaire (JAUNE) \u00e0 l&rsquo;huile essentielle de Yang Ylang :<\/span><\/strong><\/p>\n<p>L&rsquo;Ylang a la capacit\u00e9 remarquable de favoriser l&rsquo;harmonie int\u00e9rieure et de r\u00e9duire les sentiments de stress et d&rsquo;anxi\u00e9t\u00e9. En apaisant le syst\u00e8me nerveux. cela peut aider \u00e0 soulager les tensions et permet \u00e0 l\u2019\u00e9nergie du chakra du plexus de circuler librement. En utilisant ce p\u00e9tillant dans un bain, vous pouvez am\u00e9liorer le bien-\u00eatre de votre chakra du plexus. Adoptez un sentiment de pouvoir personnel et de stabilit\u00e9 \u00e9motionnelle \u00e0 mesure que vous trouvez une connexion plus profonde avec votre moi int\u00e9rieur et que vous affrontez en toute confiance les d\u00e9fis de la vie.&nbsp;<\/p>\n<p><strong><span style=\"color: rgb(251, 160, 38);\">Galets de Bain du Chakra Sacr\u00e9 (ORANGE) contenant un duo dynamique d\u2019huiles essentielles d\u2019Orange douce et de Cannelle.&nbsp;<\/span><\/strong><\/p>\n<p>Ce p\u00e9tillant unique \u00e9met un parfum lumineux et exaltant qui stimule les sentiments de positivit\u00e9. Cela aide \u00e0 lib\u00e9rer votre potentiel cr\u00e9atif, vous inspirant \u00e0 explorer de nouvelles id\u00e9es et efforts artistiques avec enthousiasme. En ajoutant ce p\u00e9tillant dans votre bain, vous pouvez puiser dans votre puits d&rsquo;inspiration int\u00e9rieur et vous lancer dans un voyage de d\u00e9couverte de soi et d&rsquo;\u00e9panouissement artistique. Laissez \u00e9veiller votre esprit cr\u00e9atif et insufflez \u00e0 votre vie un nouveau sentiment de passion.&nbsp;<\/p>\n<p><strong><span style=\"color: rgb(226, 80, 65);\">Galets de Bain du Chakra Racine (ROUGE) aux huiles essentielles de bergamote et de menthe verte.&nbsp;<\/span><\/strong><\/p>\n<p>Il favorise un sentiment de stabilit\u00e9 et de s\u00e9curit\u00e9, permettant au chakra racine de s\u2019ancrer profond\u00e9ment dans l\u2019\u00e9nergie terrestre. Ensemble, ce m\u00e9lange synergique soutient la vitalit\u00e9 du chakra racine, fournissant une base stable et s\u00fbre \u00e0 partir de laquelle vous pouvez affronter les d\u00e9fis de la vie avec r\u00e9silience et d\u00e9termination. En ajoutant ce p\u00e9tillant \u00e0 votre bain, vous pouvez renforcer votre chakra racine et ressentir un nouveau sentiment de puissance et de force int\u00e9rieure.&nbsp;<\/p>\n<p>Chaque p\u00e9tillant p\u00e8se 70 grammes&nbsp;<\/p>\n<p>Dimensions : D 6 cm H : 2 cm&nbsp;<\/p>\n<p>Le coffret cadeau p\u00e8se 520 grammes&nbsp;<\/p>\n<p><strong><span style=\"color: rgb(141, 186, 216);\">Emball\u00e9 dans un coffret cadeau d\u00e9cor\u00e9 d&rsquo;un motif mandala et d&rsquo;un d\u00e9grad\u00e9 apaisant de couleurs de chakra pour refl\u00e9ter le caract\u00e8re holistique du produit.<\/span><\/strong><\/p>\n","protected":false},"excerpt":{"rendered":"<p>Chaque Galet de Bain Chakra en gros est fabriqu\u00e9 avec des huiles essentielles sp\u00e9cialement choisies pour d\u00e9bloquer et harmoniser chacun des centres d&rsquo;\u00e9nergie vitale du corps.&nbsp; Id\u00e9al pour ceux qui recherchent une approche holistique des soins personnels ou comme cadeau unique pour leurs proches.&nbsp; Galets de Bain du chakra de la couronne (VIOLET)&nbsp;infus\u00e9 d&rsquo;une fusion [&hellip;]<\/p>\n","protected":false},"featured_media":279946,"comment_status":"closed","ping_status":"open","template":"","meta":{"_angie_page":false},"product_brand":[],"product_cat":[19443,20507,20508],"product_tag":[],"class_list":{"0":"post-240508","1":"product","2":"type-product","3":"status-publish","4":"has-post-thumbnail","6":"product_cat-bain-et-corps","7":"product_cat-boules-bombes-de-bain","8":"product_cat-coffrets-cadeaux","9":"pa_collection-chakra-bath-fizzers-sets-fr","10":"pa_made-in-royaume-uni","12":"first","13":"instock","14":"purchasable","15":"product-type-simple"},"supplier_id":null,"supplier_sku":"CBF-01","barcode":null,"atum_controlled":true,"out_stock_date":null,"out_stock_threshold":null,"inheritable":false,"inbound_stock":null,"stock_on_hold":0,"sold_today":0,"sales_last_days":0,"reserved_stock":null,"customer_returns":null,"warehouse_damage":null,"lost_in_post":null,"other_logs":null,"out_stock_days":0,"lost_sales":0,"has_location":null,"update_date":"2026-05-11T01:55:50","atum_locations":[],"atum_stock_status":"instock","restock_status":false,"low_stock_amount":"","sales_update_date":"2025-10-09T03:27:13","calc_backorders":null,"_links":{"self":[{"href":"https:\/\/aromasentia.com\/fr\/wp-json\/wp\/v2\/product\/240508","targetHints":{"allow":["GET"]}}],"collection":[{"href":"https:\/\/aromasentia.com\/fr\/wp-json\/wp\/v2\/product"}],"about":[{"href":"https:\/\/aromasentia.com\/fr\/wp-json\/wp\/v2\/types\/product"}],"replies":[{"embeddable":true,"href":"https:\/\/aromasentia.com\/fr\/wp-json\/wp\/v2\/comments?post=240508"}],"version-history":[{"count":0,"href":"https:\/\/aromasentia.com\/fr\/wp-json\/wp\/v2\/product\/240508\/revisions"}],"wp:featuredmedia":[{"embeddable":true,"href":"https:\/\/aromasentia.com\/fr\/wp-json\/wp\/v2\/media\/279946"}],"wp:attachment":[{"href":"https:\/\/aromasentia.com\/fr\/wp-json\/wp\/v2\/media?parent=240508"}],"wp:term":[{"taxonomy":"product_brand","embeddable":true,"href":"https:\/\/aromasentia.com\/fr\/wp-json\/wp\/v2\/product_brand?post=240508"},{"taxonomy":"product_cat","embeddable":true,"href":"https:\/\/aromasentia.com\/fr\/wp-json\/wp\/v2\/product_cat?post=240508"},{"taxonomy":"product_tag","embeddable":true,"href":"https:\/\/aromasentia.com\/fr\/wp-json\/wp\/v2\/product_tag?post=240508"}],"curies":[{"name":"wp","href":"https:\/\/api.w.org\/{rel}","templated":true}]}}