{"id":240504,"date":"2025-03-20T16:33:42","date_gmt":"2025-03-20T16:33:42","guid":{"rendered":"https:\/\/aromasentia.com\/product\/chakra-bath-fizz-small-box-self-realisation\/"},"modified":"2025-06-23T19:12:17","modified_gmt":"2025-06-23T19:12:17","slug":"galets-de-bain-petillants-chakra-petite-boite-realisation-de-soi","status":"publish","type":"product","link":"https:\/\/aromasentia.com\/fr\/galets-de-bain-petillants-chakra-petite-boite-realisation-de-soi\/","title":{"rendered":"Galets de Bain P\u00e9tillants Chakra &#8211; Petite bo\u00eete &#8211; R\u00e9alisation de Soi"},"content":{"rendered":"<p>Fabriqu\u00e9 avec des huiles essentielles sp\u00e9cialement choisies, chaque Galet de Bain P\u00e9tillant Chakra en gros vise \u00e0 d\u00e9bloquer et \u00e0 harmoniser les centres d&rsquo;\u00e9nergie vitaux du corps.&nbsp;<\/p>\n<p>C&rsquo;est un excellent cadeau, parfait pour ceux qui adoptent des soins personnels holistiques ou qui recherchent des cadeaux uniques pour leurs proches.&nbsp;<\/p>\n<p><strong><span style=\"color: rgb(147, 101, 184);\">Galet de Bain du Chakra de la Couronne (VIOLET) infus\u00e9 d&rsquo;une fusion d&rsquo;huiles essentielles de menthe poivr\u00e9e :<\/span><\/strong>&nbsp;<\/p>\n<p>Ce m\u00e9lange exceptionnel est sp\u00e9cialement con&ccedil;u pour revigorer le chakra couronne, favorisant la clart\u00e9 mentale et l&rsquo;harmonie. Gr\u00e2ce au pouvoir de l\u2019huile de menthe poivr\u00e9e, elle peut \u00e9lever la fonction cognitive, accro\u00eetre la vigilance et am\u00e9liorer la concentration, autant d\u2019\u00e9l\u00e9ments cruciaux sur le chemin de la r\u00e9alisation de soi. R\u00e9pondant aux probl\u00e8mes courants associ\u00e9s au blocage du chakra couronne tels que les maux de t\u00eate et le manque de concentration, ce m\u00e9lange revitalisant vise \u00e0 apporter \u00e9quilibre et clart\u00e9 \u00e0 votre spiritualit\u00e9.&nbsp;<\/p>\n<p><strong><span style=\"color: rgb(41, 105, 176);\">Galet de Bain du Chakra du Troisi\u00e8me Oeil (BLEU FONC\u00e9) infus\u00e9 d\u2019un m\u00e9lange d\u2019huile essentielle de lavande :&nbsp;<\/span><\/strong><\/p>\n<p>Lorsqu&rsquo;il est utilis\u00e9 dans un bain, ce d\u00e9licieux p\u00e9tillant peut cr\u00e9er une atmosph\u00e8re sereine et tranquille, encourageant un profond sentiment de paix int\u00e9rieure. Au fur et \u00e0 mesure que l\u2019esprit se d\u00e9tend, il s\u2019ouvre \u00e0 des niveaux plus \u00e9lev\u00e9s de perception et d\u2019intuition, am\u00e9liorant ainsi votre conscience spirituelle. Les propri\u00e9t\u00e9s apaisantes de l\u2019huile essentielle de lavande peuvent \u00e9galement aider \u00e0 surmonter des probl\u00e8mes tels que les troubles du sommeil et l\u2019ind\u00e9cision, qui sont des sympt\u00f4mes courants des blocages du chakra du troisi\u00e8me \u0153il.&nbsp;<\/p>\n<p><span style=\"color: rgb(84, 172, 210);\"><strong>Galet de Bain du Chakra de la Gorge (BLEU)<\/strong><\/span><span style=\"color: rgb(84, 172, 210);\"><strong>&nbsp;avec un m\u00e9lange d\u2019huiles essentielles d\u2019eucalyptus et de citron qui peut faire des merveilles<\/strong>.<\/span>&nbsp;<\/p>\n<p>On pense que l\u2019huile d\u2019eucalyptus encourage l\u2019expression honn\u00eate et favorise un sentiment d\u2019ouverture dans les interactions verbales. L\u2019huile de citron, quant \u00e0 elle, favorise la clart\u00e9 mentale et renforce la confiance pour s\u2019exprimer.&nbsp;<\/p>\n<p>Utilis\u00e9 dans un bain peut cr\u00e9er une exp\u00e9rience rafra\u00eechissante et revigorante, permettant au chakra de la gorge de s&rsquo;\u00e9panouir et vous permettant de communiquer avec authenticit\u00e9, assurance et gr\u00e2ce.&nbsp;<\/p>\n<p>Emball\u00e9 dans un coffret cadeau, avec un motif mandala, refl\u00e9tant l&rsquo;essence holistique du produit. Chaque p\u00e9tillant p\u00e8se 70 grammes&nbsp;<\/p>\n<p>Chaque Galet mesure environ D : 6 cm H : 2 cm&nbsp;<\/p>\n<p>Le coffret cadeau p\u00e8se 280 grammes&nbsp;<\/p>\n<p><strong><span style=\"color: rgb(141, 186, 216);\">Commandez d\u00e8s maintenant vos bombes de bain Chakra et d\u00e9couvrez l\u2019harmonie des soins personnels holistiques.<\/span><\/strong><\/p>\n","protected":false},"excerpt":{"rendered":"<p>Fabriqu\u00e9 avec des huiles essentielles sp\u00e9cialement choisies, chaque Galet de Bain P\u00e9tillant Chakra en gros vise \u00e0 d\u00e9bloquer et \u00e0 harmoniser les centres d&rsquo;\u00e9nergie vitaux du corps.&nbsp; C&rsquo;est un excellent cadeau, parfait pour ceux qui adoptent des soins personnels holistiques ou qui recherchent des cadeaux uniques pour leurs proches.&nbsp; Galet de Bain du Chakra de [&hellip;]<\/p>\n","protected":false},"featured_media":279929,"comment_status":"closed","ping_status":"open","template":"","meta":{"_angie_page":false},"product_brand":[],"product_cat":[19443,20507,20508],"product_tag":[],"class_list":{"0":"post-240504","1":"product","2":"type-product","3":"status-publish","4":"has-post-thumbnail","6":"product_cat-bain-et-corps","7":"product_cat-boules-bombes-de-bain","8":"product_cat-coffrets-cadeaux","9":"pa_collection-chakra-bath-fizzers-sets-fr","10":"pa_made-in-royaume-uni","12":"first","13":"instock","14":"purchasable","15":"product-type-simple"},"supplier_id":null,"supplier_sku":"CBF-02","barcode":null,"atum_controlled":true,"out_stock_date":null,"out_stock_threshold":null,"inheritable":false,"inbound_stock":null,"stock_on_hold":0,"sold_today":0,"sales_last_days":0,"reserved_stock":null,"customer_returns":null,"warehouse_damage":null,"lost_in_post":null,"other_logs":null,"out_stock_days":0,"lost_sales":0,"has_location":null,"update_date":"2026-04-27T06:55:59","atum_locations":[],"atum_stock_status":"instock","restock_status":false,"low_stock_amount":"","sales_update_date":"2026-01-30T01:24:37","calc_backorders":null,"_links":{"self":[{"href":"https:\/\/aromasentia.com\/fr\/wp-json\/wp\/v2\/product\/240504","targetHints":{"allow":["GET"]}}],"collection":[{"href":"https:\/\/aromasentia.com\/fr\/wp-json\/wp\/v2\/product"}],"about":[{"href":"https:\/\/aromasentia.com\/fr\/wp-json\/wp\/v2\/types\/product"}],"replies":[{"embeddable":true,"href":"https:\/\/aromasentia.com\/fr\/wp-json\/wp\/v2\/comments?post=240504"}],"version-history":[{"count":0,"href":"https:\/\/aromasentia.com\/fr\/wp-json\/wp\/v2\/product\/240504\/revisions"}],"wp:featuredmedia":[{"embeddable":true,"href":"https:\/\/aromasentia.com\/fr\/wp-json\/wp\/v2\/media\/279929"}],"wp:attachment":[{"href":"https:\/\/aromasentia.com\/fr\/wp-json\/wp\/v2\/media?parent=240504"}],"wp:term":[{"taxonomy":"product_brand","embeddable":true,"href":"https:\/\/aromasentia.com\/fr\/wp-json\/wp\/v2\/product_brand?post=240504"},{"taxonomy":"product_cat","embeddable":true,"href":"https:\/\/aromasentia.com\/fr\/wp-json\/wp\/v2\/product_cat?post=240504"},{"taxonomy":"product_tag","embeddable":true,"href":"https:\/\/aromasentia.com\/fr\/wp-json\/wp\/v2\/product_tag?post=240504"}],"curies":[{"name":"wp","href":"https:\/\/api.w.org\/{rel}","templated":true}]}}