{"id":240500,"date":"2025-03-20T16:33:42","date_gmt":"2025-03-20T16:33:42","guid":{"rendered":"https:\/\/aromasentia.com\/product\/chakra-bath-fizz-small-box-strength-creativity\/"},"modified":"2025-06-23T19:12:16","modified_gmt":"2025-06-23T19:12:16","slug":"galets-de-bain-petillants-chakra-petite-boite-force-creativite","status":"publish","type":"product","link":"https:\/\/aromasentia.com\/fr\/galets-de-bain-petillants-chakra-petite-boite-force-creativite\/","title":{"rendered":"Galets de Bain P\u00e9tillants Chakra &#8211; Petite bo\u00eete &#8211; Force &#038; Cr\u00e9ativit\u00e9"},"content":{"rendered":"<p><strong>Galets de Bain Chakra en gros<\/strong>, fabriqu\u00e9s avec un<strong>&nbsp;m\u00e9lange d&rsquo;huiles essentielles<\/strong> pour revitaliser et aligner les centres d&rsquo;\u00e9nergie vitaux de votre corps. Cadeau parfait pour les chercheurs attentifs.&nbsp;<\/p>\n<p><strong><span style=\"color: rgb(250, 197, 28);\">Galet de Bain du Chakra du Plexus Solaire (JAUNE) \u00e0 l\u2019huile essentielle de Yang Yang&nbsp;<\/span><\/strong>qui a la capacit\u00e9 remarquable de favoriser l\u2019harmonie int\u00e9rieure et de r\u00e9duire les sentiments de stress et d\u2019anxi\u00e9t\u00e9. En apaisant le syst\u00e8me nerveux, il peut aider \u00e0 soulager les tensions et permet \u00e0 l\u2019\u00e9nergie du chakra du plexus de circuler librement. En utilisant ce p\u00e9tillant dans un bain, vous pouvez am\u00e9liorer le bien-\u00eatre de votre chakra du plexus. Adoptez un sentiment de pouvoir personnel et de stabilit\u00e9 \u00e9motionnelle \u00e0 mesure que vous trouvez une connexion plus profonde avec votre moi int\u00e9rieur et que vous affrontez en toute confiance les d\u00e9fis de la vie.&nbsp;<\/p>\n<p><strong><span style=\"color: rgb(243, 121, 52);\">Galet de Bain du Chakra Sacr\u00e9 (ORANGE) contenant un duo dynamique d\u2019huiles essentielles d\u2019Orange douce et de Cannelle.&nbsp;<\/span><\/strong><\/p>\n<p>Ce p\u00e9tillant unique \u00e9met un parfum lumineux et exaltant qui stimule les sentiments de positivit\u00e9. Cela aide \u00e0 lib\u00e9rer votre potentiel cr\u00e9atif, vous inspirant \u00e0 explorer de nouvelles id\u00e9es et efforts artistiques avec enthousiasme. En ajoutant ce p\u00e9tillant dans votre bain, vous pouvez puiser dans votre puits d&rsquo;inspiration int\u00e9rieur et vous lancer dans un voyage de d\u00e9couverte de soi et d&rsquo;\u00e9panouissement artistique. Laissez \u00e9veiller votre esprit cr\u00e9atif et insufflez \u00e0 votre vie un nouveau sentiment de passion.&nbsp;<\/p>\n<p><strong><span style=\"color: rgb(226, 80, 65);\">Galet de Bain du Chakra Racine(ROUGE) aux huiles essentielles de bergamote et de menthe verte.<\/span><\/strong>&nbsp;<\/p>\n<p>Il favorise un sentiment de stabilit\u00e9 et de s\u00e9curit\u00e9, permettant au chakra racine de s\u2019ancrer profond\u00e9ment dans l\u2019\u00e9nergie terrestre. Ensemble, ce m\u00e9lange synergique soutient la vitalit\u00e9 du chakra racine, fournissant une base stable et s\u00fbre \u00e0 partir de laquelle vous pouvez affronter les d\u00e9fis de la vie avec r\u00e9silience et d\u00e9termination. En ajoutant ce p\u00e9tillant \u00e0 votre bain, vous pouvez renforcer votre chakra racine et ressentir un nouveau sentiment de puissance et de force int\u00e9rieure.<\/p>\n<p>Chaque p\u00e9tillant p\u00e8se 70 grammes&nbsp;<\/p>\n<p>Dimensions : D 6 cm H : 2 cm&nbsp;<\/p>\n<p>Le coffret cadeau p\u00e8se 280 grammes vendu dans un coffret cadeau pr\u00e9sentant un motif mandala, faisant \u00e9cho \u00e0 l&rsquo;essence holistique du produit.&nbsp;<\/p>\n<p><strong><span style=\"color: rgb(141, 186, 216);\">D\u00e9couvrez l\u2019harmonie des soins personnels holistiques. Commandez vos bombes de bain Chakra d\u00e8s aujourd&rsquo;hui.<\/span><\/strong><\/p>\n","protected":false},"excerpt":{"rendered":"<p>Galets de Bain Chakra en gros, fabriqu\u00e9s avec un&nbsp;m\u00e9lange d&rsquo;huiles essentielles pour revitaliser et aligner les centres d&rsquo;\u00e9nergie vitaux de votre corps. Cadeau parfait pour les chercheurs attentifs.&nbsp; Galet de Bain du Chakra du Plexus Solaire (JAUNE) \u00e0 l\u2019huile essentielle de Yang Yang&nbsp;qui a la capacit\u00e9 remarquable de favoriser l\u2019harmonie int\u00e9rieure et de r\u00e9duire les [&hellip;]<\/p>\n","protected":false},"featured_media":279912,"comment_status":"closed","ping_status":"open","template":"","meta":{"_angie_page":false},"product_brand":[],"product_cat":[19443,20507,20508],"product_tag":[],"class_list":{"0":"post-240500","1":"product","2":"type-product","3":"status-publish","4":"has-post-thumbnail","6":"product_cat-bain-et-corps","7":"product_cat-boules-bombes-de-bain","8":"product_cat-coffrets-cadeaux","9":"pa_collection-chakra-bath-fizzers-sets-fr","10":"pa_made-in-royaume-uni","12":"first","13":"instock","14":"purchasable","15":"product-type-simple"},"supplier_id":null,"supplier_sku":"CBF-03","barcode":null,"atum_controlled":true,"out_stock_date":null,"out_stock_threshold":null,"inheritable":false,"inbound_stock":null,"stock_on_hold":0,"sold_today":0,"sales_last_days":0,"reserved_stock":null,"customer_returns":null,"warehouse_damage":null,"lost_in_post":null,"other_logs":null,"out_stock_days":0,"lost_sales":0,"has_location":null,"update_date":"2026-04-27T06:56:03","atum_locations":[],"atum_stock_status":"instock","restock_status":false,"low_stock_amount":"","sales_update_date":"2025-10-09T03:27:13","calc_backorders":null,"_links":{"self":[{"href":"https:\/\/aromasentia.com\/fr\/wp-json\/wp\/v2\/product\/240500","targetHints":{"allow":["GET"]}}],"collection":[{"href":"https:\/\/aromasentia.com\/fr\/wp-json\/wp\/v2\/product"}],"about":[{"href":"https:\/\/aromasentia.com\/fr\/wp-json\/wp\/v2\/types\/product"}],"replies":[{"embeddable":true,"href":"https:\/\/aromasentia.com\/fr\/wp-json\/wp\/v2\/comments?post=240500"}],"version-history":[{"count":0,"href":"https:\/\/aromasentia.com\/fr\/wp-json\/wp\/v2\/product\/240500\/revisions"}],"wp:featuredmedia":[{"embeddable":true,"href":"https:\/\/aromasentia.com\/fr\/wp-json\/wp\/v2\/media\/279912"}],"wp:attachment":[{"href":"https:\/\/aromasentia.com\/fr\/wp-json\/wp\/v2\/media?parent=240500"}],"wp:term":[{"taxonomy":"product_brand","embeddable":true,"href":"https:\/\/aromasentia.com\/fr\/wp-json\/wp\/v2\/product_brand?post=240500"},{"taxonomy":"product_cat","embeddable":true,"href":"https:\/\/aromasentia.com\/fr\/wp-json\/wp\/v2\/product_cat?post=240500"},{"taxonomy":"product_tag","embeddable":true,"href":"https:\/\/aromasentia.com\/fr\/wp-json\/wp\/v2\/product_tag?post=240500"}],"curies":[{"name":"wp","href":"https:\/\/api.w.org\/{rel}","templated":true}]}}