{"id":240496,"date":"2025-03-20T16:33:42","date_gmt":"2025-03-20T16:33:42","guid":{"rendered":"https:\/\/aromasentia.com\/product\/chakra-bath-fizz-small-box-love-truth\/"},"modified":"2025-06-23T19:12:16","modified_gmt":"2025-06-23T19:12:16","slug":"galets-de-bain-petillants-chakra-petite-boite-amour-verite","status":"publish","type":"product","link":"https:\/\/aromasentia.com\/fr\/galets-de-bain-petillants-chakra-petite-boite-amour-verite\/","title":{"rendered":"Galets de Bain P\u00e9tillants Chakra &#8211; Petite bo\u00eete &#8211; Amour &#038; V\u00e9rit\u00e9"},"content":{"rendered":"<p><strong>Galets de bain Chakra en gros.&nbsp;<\/strong>Ces p\u00e9tillants de bain Chakra sont con&ccedil;us pour aider vos clients \u00e0 d\u00e9bloquer leurs chakras. V\u00e9rit\u00e9 &#8211; Amour &#8211; Pouvoir personnel&nbsp;<\/p>\n<p><strong><span style=\"color: rgb(84, 172, 210);\">Galet de Bain du Chakra de la Gorge (BLEU) avec un m\u00e9lange d\u2019huiles essentielles d\u2019eucalyptus et de citron<\/span><\/strong> qui peut faire des merveilles.&nbsp;<\/p>\n<p>On pense que l\u2019huile d\u2019eucalyptus encourage l\u2019expression honn\u00eate et favorise un sentiment d\u2019ouverture dans les interactions verbales. L\u2019huile de citron, quant \u00e0 elle, favorise la clart\u00e9 mentale et renforce la confiance pour s\u2019exprimer. Utiliser le galet dans un bain peut cr\u00e9er une exp\u00e9rience rafra\u00eechissante et revigorante, permettant au chakra de la gorge de s&rsquo;\u00e9panouir et vous permettant de communiquer avec authenticit\u00e9, assurance et gr\u00e2ce.&nbsp;<\/p>\n<p><strong><span style=\"color: rgb(65, 168, 95);\">Galet de Bain du Chakra du C\u0153ur (VERT) aux huiles essentielles de camomille et de pamplemousse<\/span><\/strong> qui offrent une d\u00e9licieuse combinaison pour nourrir et \u00e9quilibrer le centre de l&rsquo;amour, de la compassion et du bien-\u00eatre \u00e9motionnel. En utilisant ce p\u00e9tillant dans un bain, vous pouvez cr\u00e9er un environnement harmonieux pour votre chakra du c\u0153ur. pour s&rsquo;\u00e9panouir. La combinaison d&rsquo;huiles essentielles de camomille et de pamplemousse encourage l&rsquo;amour de soi, l&#8217;empathie et des relations plus saines avec les autres, favorisant un espace cardiaque \u00e9quilibr\u00e9 et compatissant.&nbsp;<\/p>\n<p><strong><span style=\"color: rgb(250, 197, 28);\">Galet de Bain du Chakra du Plexus Solaire(JAUNE) \u00e0 l\u2019huile essentielle d\u2019Ylang Ylang<\/span><\/strong> qui a la capacit\u00e9 remarquable de favoriser l\u2019harmonie int\u00e9rieure et de r\u00e9duire les sentiments de stress et d\u2019anxi\u00e9t\u00e9. En apaisant le syst\u00e8me nerveux. cela peut aider \u00e0 soulager les tensions et permet \u00e0 l\u2019\u00e9nergie du chakra du plexus de circuler librement. En utilisant ce p\u00e9tillant dans un bain, vous pouvez am\u00e9liorer le bien-\u00eatre de votre chakra du plexus. Adoptez un sentiment de pouvoir personnel et de stabilit\u00e9 \u00e9motionnelle \u00e0 mesure que vous trouvez une connexion plus profonde avec votre moi int\u00e9rieur et que vous affrontez en toute confiance les d\u00e9fis de la vie.&nbsp;<\/p>\n<p>Chaque p\u00e9tillant p\u00e8se 70 grammes&nbsp;<\/p>\n<p>Dimensions : D 6 cm H : 2 cm Le coffret cadeau p\u00e8se 280 grammes&nbsp;<\/p>\n<p><strong><span style=\"color: rgb(141, 186, 216);\">Commandez d\u00e8s maintenant vos bombes de bain Chakra et d\u00e9couvrez l\u2019harmonie des soins personnels holistiques.<\/span><\/strong><\/p>\n","protected":false},"excerpt":{"rendered":"<p>Galets de bain Chakra en gros.&nbsp;Ces p\u00e9tillants de bain Chakra sont con&ccedil;us pour aider vos clients \u00e0 d\u00e9bloquer leurs chakras. V\u00e9rit\u00e9 &#8211; Amour &#8211; Pouvoir personnel&nbsp; Galet de Bain du Chakra de la Gorge (BLEU) avec un m\u00e9lange d\u2019huiles essentielles d\u2019eucalyptus et de citron qui peut faire des merveilles.&nbsp; On pense que l\u2019huile d\u2019eucalyptus encourage [&hellip;]<\/p>\n","protected":false},"featured_media":279895,"comment_status":"closed","ping_status":"open","template":"","meta":{"_angie_page":false},"product_brand":[],"product_cat":[19443,20507,20508],"product_tag":[],"class_list":{"0":"post-240496","1":"product","2":"type-product","3":"status-publish","4":"has-post-thumbnail","6":"product_cat-bain-et-corps","7":"product_cat-boules-bombes-de-bain","8":"product_cat-coffrets-cadeaux","9":"pa_collection-chakra-bath-fizzers-sets-fr","10":"pa_made-in-royaume-uni","12":"first","13":"instock","14":"purchasable","15":"product-type-simple"},"supplier_id":null,"supplier_sku":"CBF-04","barcode":null,"atum_controlled":true,"out_stock_date":null,"out_stock_threshold":null,"inheritable":false,"inbound_stock":null,"stock_on_hold":0,"sold_today":0,"sales_last_days":0,"reserved_stock":null,"customer_returns":null,"warehouse_damage":null,"lost_in_post":null,"other_logs":null,"out_stock_days":0,"lost_sales":0,"has_location":null,"update_date":"2026-04-27T06:56:03","atum_locations":[],"atum_stock_status":"instock","restock_status":false,"low_stock_amount":"","sales_update_date":"2026-01-30T01:25:01","calc_backorders":null,"_links":{"self":[{"href":"https:\/\/aromasentia.com\/fr\/wp-json\/wp\/v2\/product\/240496","targetHints":{"allow":["GET"]}}],"collection":[{"href":"https:\/\/aromasentia.com\/fr\/wp-json\/wp\/v2\/product"}],"about":[{"href":"https:\/\/aromasentia.com\/fr\/wp-json\/wp\/v2\/types\/product"}],"replies":[{"embeddable":true,"href":"https:\/\/aromasentia.com\/fr\/wp-json\/wp\/v2\/comments?post=240496"}],"version-history":[{"count":0,"href":"https:\/\/aromasentia.com\/fr\/wp-json\/wp\/v2\/product\/240496\/revisions"}],"wp:featuredmedia":[{"embeddable":true,"href":"https:\/\/aromasentia.com\/fr\/wp-json\/wp\/v2\/media\/279895"}],"wp:attachment":[{"href":"https:\/\/aromasentia.com\/fr\/wp-json\/wp\/v2\/media?parent=240496"}],"wp:term":[{"taxonomy":"product_brand","embeddable":true,"href":"https:\/\/aromasentia.com\/fr\/wp-json\/wp\/v2\/product_brand?post=240496"},{"taxonomy":"product_cat","embeddable":true,"href":"https:\/\/aromasentia.com\/fr\/wp-json\/wp\/v2\/product_cat?post=240496"},{"taxonomy":"product_tag","embeddable":true,"href":"https:\/\/aromasentia.com\/fr\/wp-json\/wp\/v2\/product_tag?post=240496"}],"curies":[{"name":"wp","href":"https:\/\/api.w.org\/{rel}","templated":true}]}}