{"id":240476,"date":"2025-03-20T16:35:30","date_gmt":"2025-03-20T16:35:30","guid":{"rendered":"https:\/\/aromasentia.com\/product\/bag-of-20-chill-pills-blueberry\/"},"modified":"2025-06-23T19:12:11","modified_gmt":"2025-06-23T19:12:11","slug":"sachet-de-20-mini-bombes-de-bain-myrtille","status":"publish","type":"product","link":"https:\/\/aromasentia.com\/fr\/sachet-de-20-mini-bombes-de-bain-myrtille\/","title":{"rendered":"Sachet de 20 Mini Bombes de Bain &#8211; Myrtille"},"content":{"rendered":"<p><strong><span style=\"color: rgb(75, 80, 88);\">Voici notre nouvelle addition \u00e0 la famille &#8211; Marque Blanche &#8211; Mini Bombes de Bain en Sachet sans \u00e9tiquette.<\/span><\/strong> Chaque sachet contient 20 de nos mini Bombes de bain, vous offrant une abondance de relaxation \u00e0 port\u00e9e de main.<\/p>\n<p><strong><span style=\"color: rgb(44, 130, 201);\">Plongez dans un bain rempli de l&rsquo;irr\u00e9sistible ar\u00f4me de myrtilles juteuses.<\/span><\/strong> Ce parfum capture l&rsquo;essence d&rsquo;un champ de myrtilles g\u00e9n\u00e9reux, cr\u00e9ant une exp\u00e9rience de bain rafra\u00eechissante et revigorante.&nbsp;<\/p>\n<p>Imaginez que vous apportiez votre marque ou votre touche personnelle \u00e0 ces d\u00e9licieuses bombes de bain, pour en faire des cadeaux uniques, des cadeaux de f\u00eate ou m\u00eame un produit embl\u00e9matique pour votre entreprise.&nbsp;<\/p>\n<p><strong><span style=\"color: rgb(141, 186, 216);\">C&rsquo;est l&rsquo;occasion de vous exprimer et de vous d\u00e9marquer.<\/span><\/strong><\/p>\n","protected":false},"excerpt":{"rendered":"<p>Voici notre nouvelle addition \u00e0 la famille &#8211; Marque Blanche &#8211; Mini Bombes de Bain en Sachet sans \u00e9tiquette. Chaque sachet contient 20 de nos mini Bombes de bain, vous offrant une abondance de relaxation \u00e0 port\u00e9e de main. Plongez dans un bain rempli de l&rsquo;irr\u00e9sistible ar\u00f4me de myrtilles juteuses. Ce parfum capture l&rsquo;essence d&rsquo;un [&hellip;]<\/p>\n","protected":false},"featured_media":280557,"comment_status":"closed","ping_status":"open","template":"","meta":{"_angie_page":false},"product_brand":[],"product_cat":[19443],"product_tag":[],"class_list":{"0":"post-240476","1":"product","2":"type-product","3":"status-publish","4":"has-post-thumbnail","6":"product_cat-bain-et-corps","7":"pa_made-in-royaume-uni","9":"first","10":"outofstock","11":"purchasable","12":"product-type-simple"},"supplier_id":null,"supplier_sku":"CPBUL-13","barcode":null,"atum_controlled":true,"out_stock_date":"2025-09-04 22:24:13","out_stock_threshold":null,"inheritable":false,"inbound_stock":null,"stock_on_hold":0,"sold_today":0,"sales_last_days":0,"reserved_stock":null,"customer_returns":null,"warehouse_damage":null,"lost_in_post":null,"other_logs":null,"out_stock_days":34,"lost_sales":0,"has_location":null,"update_date":"2026-04-28T18:50:49","atum_locations":[],"atum_stock_status":"outofstock","restock_status":false,"low_stock_amount":"","sales_update_date":"2025-10-09T03:28:29","calc_backorders":null,"_links":{"self":[{"href":"https:\/\/aromasentia.com\/fr\/wp-json\/wp\/v2\/product\/240476","targetHints":{"allow":["GET"]}}],"collection":[{"href":"https:\/\/aromasentia.com\/fr\/wp-json\/wp\/v2\/product"}],"about":[{"href":"https:\/\/aromasentia.com\/fr\/wp-json\/wp\/v2\/types\/product"}],"replies":[{"embeddable":true,"href":"https:\/\/aromasentia.com\/fr\/wp-json\/wp\/v2\/comments?post=240476"}],"version-history":[{"count":0,"href":"https:\/\/aromasentia.com\/fr\/wp-json\/wp\/v2\/product\/240476\/revisions"}],"wp:featuredmedia":[{"embeddable":true,"href":"https:\/\/aromasentia.com\/fr\/wp-json\/wp\/v2\/media\/280557"}],"wp:attachment":[{"href":"https:\/\/aromasentia.com\/fr\/wp-json\/wp\/v2\/media?parent=240476"}],"wp:term":[{"taxonomy":"product_brand","embeddable":true,"href":"https:\/\/aromasentia.com\/fr\/wp-json\/wp\/v2\/product_brand?post=240476"},{"taxonomy":"product_cat","embeddable":true,"href":"https:\/\/aromasentia.com\/fr\/wp-json\/wp\/v2\/product_cat?post=240476"},{"taxonomy":"product_tag","embeddable":true,"href":"https:\/\/aromasentia.com\/fr\/wp-json\/wp\/v2\/product_tag?post=240476"}],"curies":[{"name":"wp","href":"https:\/\/api.w.org\/{rel}","templated":true}]}}