{"id":240460,"date":"2025-03-20T16:35:30","date_gmt":"2025-03-20T16:35:30","guid":{"rendered":"https:\/\/aromasentia.com\/product\/charcoal-soap-85g-tea-tree\/"},"modified":"2025-06-23T19:12:10","modified_gmt":"2025-06-23T19:12:10","slug":"savon-au-charbon-85g-tea-tree","status":"publish","type":"product","link":"https:\/\/aromasentia.com\/fr\/savon-au-charbon-85g-tea-tree\/","title":{"rendered":"Savon au Charbon 85g &#8211; Tea Tree"},"content":{"rendered":"<p><strong><span style=\"color: rgb(75, 80, 88);\">Le savon au charbon de bois en gros &#8211; Arbre \u00e0 Th\u00e9<\/span><\/strong> additionn\u00e9 d&rsquo;huile essentielle pure, d&rsquo;huile d&rsquo;argan, d&rsquo;huile de chanvre et de beurre de karit\u00e9 est vraiment incroyable.&nbsp;<\/p>\n<p>Il nettoiera la peau en profondeur, \u00e9liminera toutes les impuret\u00e9s des pores tout en la gardant hydrat\u00e9e et douce. Le charbon actif restaure l&rsquo;\u00e9quilibre naturel de la peau et hydrate les peaux s\u00e8ches.&nbsp;<\/p>\n<p>Non seulement il peut \u00eatre utilis\u00e9 pour le corps, mais il est \u00e9galement bon comme nettoyant pour le visage. On dit que le savon au charbon d\u00e9toxifie et purifie la peau.&nbsp;<\/p>\n<p>Ce savon lissera la peau de vos clients et apaisera leur esprit. De plus, il est sans paraben, sans SLS et sans huile de palme.&nbsp;<\/p>\n<p><strong><span style=\"color: rgb(75, 80, 88);\">* V\u00e9g\u00e9talien * Sans cruaut\u00e9 * Fait \u00e0 la main * Fabriqu\u00e9 au Royaume-Uni *&nbsp;<\/span><\/strong><\/p>\n<p><strong><span style=\"color: rgb(141, 186, 216);\">Achetez ces savons tendance, ne les laissez pas glisser entre vos doigts.<\/span><\/strong><\/p>\n","protected":false},"excerpt":{"rendered":"<p>Le savon au charbon de bois en gros &#8211; Arbre \u00e0 Th\u00e9 additionn\u00e9 d&rsquo;huile essentielle pure, d&rsquo;huile d&rsquo;argan, d&rsquo;huile de chanvre et de beurre de karit\u00e9 est vraiment incroyable.&nbsp; Il nettoiera la peau en profondeur, \u00e9liminera toutes les impuret\u00e9s des pores tout en la gardant hydrat\u00e9e et douce. Le charbon actif restaure l&rsquo;\u00e9quilibre naturel de [&hellip;]<\/p>\n","protected":false},"featured_media":280457,"comment_status":"closed","ping_status":"open","template":"","meta":[],"product_brand":[27075],"product_cat":[26409,19443,26867,20586,25842],"product_tag":[],"class_list":{"0":"post-240460","1":"product","2":"type-product","3":"status-publish","4":"has-post-thumbnail","6":"product_brand-aw-cosmetics","7":"product_cat-arbre-a-the-tea-tree","8":"product_cat-bain-et-corps","9":"product_cat-medicinal-camphre","10":"product_cat-savons-bio-naturels","11":"product_cat-senteurs-aromes","12":"pa_collection-charcoal-soap-bar-85g-fr","13":"pa_made-in-royaume-uni","15":"first","16":"outofstock","17":"purchasable","18":"product-type-simple"},"supplier_id":null,"supplier_sku":"CHSB-04","barcode":null,"atum_controlled":true,"out_stock_date":"2025-12-02 15:19:52","out_stock_threshold":null,"inheritable":false,"inbound_stock":null,"stock_on_hold":0,"sold_today":0,"sales_last_days":0,"reserved_stock":null,"customer_returns":null,"warehouse_damage":null,"lost_in_post":null,"other_logs":null,"out_stock_days":65,"lost_sales":0,"has_location":null,"update_date":"2026-02-06T00:01:04","atum_locations":[],"atum_stock_status":"outofstock","restock_status":false,"low_stock_amount":"","sales_update_date":"2026-02-06T00:01:04","calc_backorders":null,"_links":{"self":[{"href":"https:\/\/aromasentia.com\/fr\/wp-json\/wp\/v2\/product\/240460","targetHints":{"allow":["GET"]}}],"collection":[{"href":"https:\/\/aromasentia.com\/fr\/wp-json\/wp\/v2\/product"}],"about":[{"href":"https:\/\/aromasentia.com\/fr\/wp-json\/wp\/v2\/types\/product"}],"replies":[{"embeddable":true,"href":"https:\/\/aromasentia.com\/fr\/wp-json\/wp\/v2\/comments?post=240460"}],"version-history":[{"count":0,"href":"https:\/\/aromasentia.com\/fr\/wp-json\/wp\/v2\/product\/240460\/revisions"}],"wp:featuredmedia":[{"embeddable":true,"href":"https:\/\/aromasentia.com\/fr\/wp-json\/wp\/v2\/media\/280457"}],"wp:attachment":[{"href":"https:\/\/aromasentia.com\/fr\/wp-json\/wp\/v2\/media?parent=240460"}],"wp:term":[{"taxonomy":"product_brand","embeddable":true,"href":"https:\/\/aromasentia.com\/fr\/wp-json\/wp\/v2\/product_brand?post=240460"},{"taxonomy":"product_cat","embeddable":true,"href":"https:\/\/aromasentia.com\/fr\/wp-json\/wp\/v2\/product_cat?post=240460"},{"taxonomy":"product_tag","embeddable":true,"href":"https:\/\/aromasentia.com\/fr\/wp-json\/wp\/v2\/product_tag?post=240460"}],"curies":[{"name":"wp","href":"https:\/\/api.w.org\/{rel}","templated":true}]}}