{"id":240436,"date":"2025-03-20T16:35:30","date_gmt":"2025-03-20T16:35:30","guid":{"rendered":"https:\/\/aromasentia.com\/product\/chill-pills-gift-pack-350g-frosted-sugar-plum\/"},"modified":"2025-06-23T19:12:07","modified_gmt":"2025-06-23T19:12:07","slug":"paquet-cadeau-de-mini-bombes-de-bain-350g-prune-au-sucre-givre","status":"publish","type":"product","link":"https:\/\/aromasentia.com\/fr\/paquet-cadeau-de-mini-bombes-de-bain-350g-prune-au-sucre-givre\/","title":{"rendered":"Paquet Cadeau de Mini Bombes de Bain 350g  &#8211; Prune au Sucre Givr\u00e9"},"content":{"rendered":"<p>Chaque paquet contient 350 g (environ 30 mini bombes de bain)&nbsp;<\/p>\n<p>Pour une exp\u00e9rience de bain indulgente, il est recommand\u00e9 d\u2019utiliser 5 mini bombes par bain.&nbsp;<\/p>\n<p>Cela garantit que chaque pack fournit environ 6 bains, offrant un excellent rapport qualit\u00e9-prix et un grand plaisir \u00e0 l&rsquo;utilisateur final.&nbsp;<\/p>\n<p><strong>Profil de parfum : <\/strong><\/p>\n<p><strong>Notes de t\u00eate : <\/strong>Prune &#8211; Baies d&rsquo;hiver&nbsp;<\/p>\n<p><strong>Notes de c\u0153ur : <\/strong>Sucre&nbsp;<\/p>\n<p><strong>Notes de fond :<\/strong> Vanille<\/p>\n","protected":false},"excerpt":{"rendered":"<p>Chaque paquet contient 350 g (environ 30 mini bombes de bain)&nbsp; Pour une exp\u00e9rience de bain indulgente, il est recommand\u00e9 d\u2019utiliser 5 mini bombes par bain.&nbsp; Cela garantit que chaque pack fournit environ 6 bains, offrant un excellent rapport qualit\u00e9-prix et un grand plaisir \u00e0 l&rsquo;utilisateur final.&nbsp; Profil de parfum : Notes de t\u00eate : [&hellip;]<\/p>\n","protected":false},"featured_media":280355,"comment_status":"closed","ping_status":"open","template":"","meta":{"_angie_page":false},"product_brand":[],"product_cat":[19443,20507,20508],"product_tag":[],"class_list":{"0":"post-240436","1":"product","2":"type-product","3":"status-publish","4":"has-post-thumbnail","6":"product_cat-bain-et-corps","7":"product_cat-boules-bombes-de-bain","8":"product_cat-coffrets-cadeaux","9":"pa_collection-chill-pills-gift-packs-350g-fr","10":"pa_made-in-royaume-uni","11":"pa_size-350g","13":"first","14":"instock","15":"purchasable","16":"product-type-simple"},"supplier_id":null,"supplier_sku":"ChillP-17","barcode":null,"atum_controlled":true,"out_stock_date":null,"out_stock_threshold":null,"inheritable":false,"inbound_stock":null,"stock_on_hold":0,"sold_today":0,"sales_last_days":0,"reserved_stock":null,"customer_returns":null,"warehouse_damage":null,"lost_in_post":null,"other_logs":null,"out_stock_days":0,"lost_sales":0,"has_location":null,"update_date":"2026-04-27T06:57:12","atum_locations":[],"atum_stock_status":"instock","restock_status":false,"low_stock_amount":"","sales_update_date":"2026-01-30T01:26:09","calc_backorders":null,"_links":{"self":[{"href":"https:\/\/aromasentia.com\/fr\/wp-json\/wp\/v2\/product\/240436","targetHints":{"allow":["GET"]}}],"collection":[{"href":"https:\/\/aromasentia.com\/fr\/wp-json\/wp\/v2\/product"}],"about":[{"href":"https:\/\/aromasentia.com\/fr\/wp-json\/wp\/v2\/types\/product"}],"replies":[{"embeddable":true,"href":"https:\/\/aromasentia.com\/fr\/wp-json\/wp\/v2\/comments?post=240436"}],"version-history":[{"count":0,"href":"https:\/\/aromasentia.com\/fr\/wp-json\/wp\/v2\/product\/240436\/revisions"}],"wp:featuredmedia":[{"embeddable":true,"href":"https:\/\/aromasentia.com\/fr\/wp-json\/wp\/v2\/media\/280355"}],"wp:attachment":[{"href":"https:\/\/aromasentia.com\/fr\/wp-json\/wp\/v2\/media?parent=240436"}],"wp:term":[{"taxonomy":"product_brand","embeddable":true,"href":"https:\/\/aromasentia.com\/fr\/wp-json\/wp\/v2\/product_brand?post=240436"},{"taxonomy":"product_cat","embeddable":true,"href":"https:\/\/aromasentia.com\/fr\/wp-json\/wp\/v2\/product_cat?post=240436"},{"taxonomy":"product_tag","embeddable":true,"href":"https:\/\/aromasentia.com\/fr\/wp-json\/wp\/v2\/product_tag?post=240436"}],"curies":[{"name":"wp","href":"https:\/\/api.w.org\/{rel}","templated":true}]}}